{"id":11021,"date":"2025-11-03T11:22:42","date_gmt":"2025-11-03T11:22:42","guid":{"rendered":"https:\/\/care4birds.bg\/product\/multivitamin\/"},"modified":"2026-03-30T10:23:46","modified_gmt":"2026-03-30T10:23:46","slug":"multivitamin","status":"publish","type":"product","link":"https:\/\/care4birds.bg\/es\/producto\/multivitamin\/","title":{"rendered":"Multivitamin"},"content":{"rendered":"<h6>MEZCLA ESPECIAL DE VITAMINAS HIDROSOLUBLES Y GLUCOSA<\/h6>\n<h6>Indicaci\u00f3n:<\/h6>\n<div>Multivit-mix es una mezcla especial de vitaminas hidrosolubles y glucosa. Estas vitaminas son muy importantes para el metabolismo de las aves. Se agrega glucosa para proporcionar energ\u00eda directa a las aves.<\/div>\n<div>Multivit-mix contribuye a:<\/div>\n<ul>\n<li>Mayor resistencia<\/li>\n<li>Buena reproducci\u00f3n<\/li>\n<li>Recuperaci\u00f3n \u00f3ptima<\/li>\n<\/ul>\n<div>Los requerimientos diarios de vitaminas de un ave son muy importantes; la deficiencia puede causar varios problemas, por ejemplo:<\/div>\n<ul>\n<li>Deficiencia de vitamina A: puede afectar la fertilidad en machos y hembras, alterar las mucosas respiratorias y digestivas, afectar la vista y causar la muerte del embri\u00f3n.<\/li>\n<li>Deficiencia de vitamina B: problemas nerviosos, retraso en el crecimiento de plumas, alteraci\u00f3n del metabolismo de grasas, baja eclosi\u00f3n de huevos y desarrollo deficiente de polluelos.<\/li>\n<li>Deficiencia de vitamina D: raquitismo y huevos con c\u00e1scara blanda.<\/li>\n<\/ul>\n<div>Los multivitam\u00ednicos se administran al menos una vez a la semana:<\/div>\n<ul>\n<li>Durante crecimiento, muda y reproducci\u00f3n<\/li>\n<li>Durante estr\u00e9s intenso<\/li>\n<li>Despu\u00e9s de enfermedad, desparasitaci\u00f3n y vacunaci\u00f3n<\/li>\n<\/ul>\n<h6>Administraci\u00f3n: Dosificaci\u00f3n para palomas:<\/h6>\n<p><i>POLVO MULTIVITAM\u00cdNICO<\/i><\/p>\n<ul>\n<li>Dosis \u00fanica despu\u00e9s del medicamento: 5 g \/ 1 l de agua o 5 g \/ 500 g de alimento<\/li>\n<li>Dosis de mantenimiento: dos veces por semana 5 g \/ 2 l de agua o 5 g \/ 1 kg de alimento<\/li>\n<li>Se puede a\u00f1adir al agua o al alimento<\/li>\n<li>Cucharilla medidora 1+5 g incluida<\/li>\n<\/ul>\n<p><i>COMPRIMIDOS MULTIVITAM\u00cdNICOS<\/i><\/p>\n<ul>\n<li>Mantenimiento: 1 tableta por paloma (400-500 g) 1-2 d\u00edas por semana<\/li>\n<li>Tratamiento: 1 tableta por paloma (400-500 g) durante 5 d\u00edas consecutivos o seg\u00fan lo indique el veterinario<\/li>\n<\/ul>\n<h6>Interacci\u00f3n:<\/h6>\n<div>Desconocida<\/div>\n<h6>Contraindicaciones:<\/h6>\n<div>sobredosis<\/div>\n<h6>Contiene:<\/h6>\n<p><i>POLVO MULTIVITAM\u00cdNICO<\/i><\/p>\n<div>Vitaminas (A, complejo B, C, D, E), Amino\u00e1cidos, Oligoelementos<\/div>\n","protected":false},"excerpt":{"rendered":"<p>MEZCLA ESPECIAL DE VITAMINAS HIDROSOLUBLES Y GLUCOSA Indicaci\u00f3n: Multivit-mix es una mezcla especial de vitaminas hidrosolubles y glucosa. Estas vitaminas son muy&hellip;<\/p>\n","protected":false},"featured_media":11022,"template":"","meta":[],"product_cat":[256],"product_tag":[],"class_list":{"0":"post-11021","1":"product","2":"type-product","3":"status-publish","4":"has-post-thumbnail","6":"product_cat-suplementos-para-palomas","8":"first","9":"instock","10":"shipping-taxable","11":"product-type-simple"},"_links":{"self":[{"href":"https:\/\/care4birds.bg\/es\/wp-json\/wp\/v2\/product\/11021","targetHints":{"allow":["GET"]}}],"collection":[{"href":"https:\/\/care4birds.bg\/es\/wp-json\/wp\/v2\/product"}],"about":[{"href":"https:\/\/care4birds.bg\/es\/wp-json\/wp\/v2\/types\/product"}],"wp:featuredmedia":[{"embeddable":true,"href":"https:\/\/care4birds.bg\/es\/wp-json\/wp\/v2\/media\/11022"}],"wp:attachment":[{"href":"https:\/\/care4birds.bg\/es\/wp-json\/wp\/v2\/media?parent=11021"}],"wp:term":[{"taxonomy":"product_cat","embeddable":true,"href":"https:\/\/care4birds.bg\/es\/wp-json\/wp\/v2\/product_cat?post=11021"},{"taxonomy":"product_tag","embeddable":true,"href":"https:\/\/care4birds.bg\/es\/wp-json\/wp\/v2\/product_tag?post=11021"}],"curies":[{"name":"wp","href":"https:\/\/api.w.org\/{rel}","templated":true}]}}