{"id":11042,"date":"2025-11-03T11:20:06","date_gmt":"2025-11-03T11:20:06","guid":{"rendered":"https:\/\/care4birds.bg\/product\/breeding-tabs\/"},"modified":"2026-03-30T10:28:39","modified_gmt":"2026-03-30T10:28:39","slug":"breeding-tabs","status":"publish","type":"product","link":"https:\/\/care4birds.bg\/es\/producto\/breeding-tabs\/","title":{"rendered":"Breeding Tabs"},"content":{"rendered":"<h6>PARA UN CRECIMIENTO \u00d3PTIMO DE LOS P\u00c1JAROS J\u00d3VENES<\/h6>\n<h6>Indicaciones:<\/h6>\n<div>Tabletas para cr\u00eda. Prote\u00ednas f\u00e1cilmente digeribles para el crecimiento \u00f3ptimo de los p\u00e1jaros j\u00f3venes. Contiene vitaminas, oligoelementos y amino\u00e1cidos necesarios para el perfecto desarrollo de los j\u00f3venes. Para palomas reproductoras mayores, para mantener vitalidad y fertilidad.<\/div>\n<h6>Uso y dosificaci\u00f3n<\/h6>\n<div>A partir de 1 semana: 2 veces por semana &#8211; 1-2 tabletas seg\u00fan la edad<\/div>\n<div>A partir de 5 semanas: 1 vez por semana &#8211; 2 tabletas<\/div>\n<div>Reproductores: 1 vez por semana &#8211; 1-2 tabletas. O seg\u00fan lo prescriba un veterinario.<\/div>\n","protected":false},"excerpt":{"rendered":"<p>PARA UN CRECIMIENTO \u00d3PTIMO DE LOS P\u00c1JAROS J\u00d3VENES Indicaciones: Tabletas para cr\u00eda. Prote\u00ednas f\u00e1cilmente digeribles para el crecimiento \u00f3ptimo de los p\u00e1jaros&hellip;<\/p>\n","protected":false},"featured_media":11043,"template":"","meta":[],"product_cat":[256],"product_tag":[],"class_list":{"0":"post-11042","1":"product","2":"type-product","3":"status-publish","4":"has-post-thumbnail","6":"product_cat-suplementos-para-palomas","8":"first","9":"instock","10":"shipping-taxable","11":"product-type-simple"},"_links":{"self":[{"href":"https:\/\/care4birds.bg\/es\/wp-json\/wp\/v2\/product\/11042","targetHints":{"allow":["GET"]}}],"collection":[{"href":"https:\/\/care4birds.bg\/es\/wp-json\/wp\/v2\/product"}],"about":[{"href":"https:\/\/care4birds.bg\/es\/wp-json\/wp\/v2\/types\/product"}],"wp:featuredmedia":[{"embeddable":true,"href":"https:\/\/care4birds.bg\/es\/wp-json\/wp\/v2\/media\/11043"}],"wp:attachment":[{"href":"https:\/\/care4birds.bg\/es\/wp-json\/wp\/v2\/media?parent=11042"}],"wp:term":[{"taxonomy":"product_cat","embeddable":true,"href":"https:\/\/care4birds.bg\/es\/wp-json\/wp\/v2\/product_cat?post=11042"},{"taxonomy":"product_tag","embeddable":true,"href":"https:\/\/care4birds.bg\/es\/wp-json\/wp\/v2\/product_tag?post=11042"}],"curies":[{"name":"wp","href":"https:\/\/api.w.org\/{rel}","templated":true}]}}