{"id":11052,"date":"2025-11-03T11:19:23","date_gmt":"2025-11-03T11:19:23","guid":{"rendered":"https:\/\/care4birds.bg\/product\/brewers-yeast\/"},"modified":"2026-03-30T10:36:44","modified_gmt":"2026-03-30T10:36:44","slug":"brewers-yeast","status":"publish","type":"product","link":"https:\/\/care4birds.bg\/es\/producto\/brewers-yeast\/","title":{"rendered":"Brewer`s yeast"},"content":{"rendered":"<h6>Indicaciones:<\/h6>\n<div>La levadura de cerveza es un alimento natural con propiedades saludables. Es rica en vitaminas naturales (incluido el complejo B), minerales, prote\u00ednas, amino\u00e1cidos y oligoelementos. Son importantes para la condici\u00f3n y forma de tus palomas. Da a tus palomas levadura de cerveza al menos una vez a la semana, junto con aceite de ajo durante todo el a\u00f1o.<\/div>\n<h6>Dosis:<\/h6>\n<div>25 gramos (aprox. 1 cucharada colmada) sobre el alimento durante 1-2 d\u00edas a la semana para 40\/50 palomas o aves de 20 kg de peso vivo<\/div>\n<h6>Contraindicaciones:<\/h6>\n<div>No se conocen para esta dosis<\/div>\n<h6>Contenido:<\/h6>\n<div>800 g de producto diet\u00e9tico para aves deportivas<\/div>\n","protected":false},"excerpt":{"rendered":"<p>Indicaciones: La levadura de cerveza es un alimento natural con propiedades saludables. Es rica en vitaminas naturales (incluido el complejo B), minerales,&hellip;<\/p>\n","protected":false},"featured_media":9477,"template":"","meta":[],"product_cat":[256],"product_tag":[],"class_list":{"0":"post-11052","1":"product","2":"type-product","3":"status-publish","4":"has-post-thumbnail","6":"product_cat-suplementos-para-palomas","8":"first","9":"instock","10":"shipping-taxable","11":"product-type-simple"},"_links":{"self":[{"href":"https:\/\/care4birds.bg\/es\/wp-json\/wp\/v2\/product\/11052","targetHints":{"allow":["GET"]}}],"collection":[{"href":"https:\/\/care4birds.bg\/es\/wp-json\/wp\/v2\/product"}],"about":[{"href":"https:\/\/care4birds.bg\/es\/wp-json\/wp\/v2\/types\/product"}],"wp:featuredmedia":[{"embeddable":true,"href":"https:\/\/care4birds.bg\/es\/wp-json\/wp\/v2\/media\/9477"}],"wp:attachment":[{"href":"https:\/\/care4birds.bg\/es\/wp-json\/wp\/v2\/media?parent=11052"}],"wp:term":[{"taxonomy":"product_cat","embeddable":true,"href":"https:\/\/care4birds.bg\/es\/wp-json\/wp\/v2\/product_cat?post=11052"},{"taxonomy":"product_tag","embeddable":true,"href":"https:\/\/care4birds.bg\/es\/wp-json\/wp\/v2\/product_tag?post=11052"}],"curies":[{"name":"wp","href":"https:\/\/api.w.org\/{rel}","templated":true}]}}