{"id":11061,"date":"2025-11-03T11:18:21","date_gmt":"2025-11-03T11:18:21","guid":{"rendered":"https:\/\/care4birds.bg\/product\/garlic-oil\/"},"modified":"2026-03-30T10:42:55","modified_gmt":"2026-03-30T10:42:55","slug":"garlic-oil","status":"publish","type":"product","link":"https:\/\/care4birds.bg\/es\/producto\/garlic-oil\/","title":{"rendered":"Garlic Oil"},"content":{"rendered":"<div>Desarrollado espec\u00edficamente para proporcionar los beneficios naturales del ajo a las aves de manera segura y eficiente. El ajo es extremadamente rico en nutrientes, incluyendo calcio, f\u00f3sforo, compuestos de azufre, hierro, tiamina, riboflavina y vitamina C, as\u00ed como antioxidantes como germanio y selenio. Por eso, el Aceite de Ajo es un aceite muy importante para el acondicionamiento de las plumas. La importancia del ajo para palomas y aves como antiparasitario natural, acondicionador y promotor de la ca\u00edda de las plumas ha sido conocida durante muchos a\u00f1os. El ajo tambi\u00e9n mejora la circulaci\u00f3n sangu\u00ednea y el Aceite de Ajo est\u00e1 compuesto de extractos puros de ajo y aceite de soja refinado rico en \u00e1cido linol\u00e9nico y linoleico. No se agregan qu\u00edmicos ni se aplica calor, asegurando que no disminuya su efectividad. Proporciona protecci\u00f3n de las v\u00edas respiratorias.<\/div>\n<h6>Dosis<\/h6>\n<div>15 ml (1\/2 tapa medidora) de Aceite de Ajo por kg de alimento \/ grano<\/div>\n<ul>\n<li>En invierno, temporadas de cr\u00eda y carreras: 1 d\u00eda a la semana.<\/li>\n<li>En preparaci\u00f3n para la temporada de carreras: durante una semana completa.<\/li>\n<li>Durante la temporada de muda: 2 d\u00edas a la semana.<\/li>\n<li>No mezclar este producto con agua.<\/li>\n<\/ul>\n<h6>Composici\u00f3n:<\/h6>\n<div>An\u00e1lisis Aceite de Ajo: Grasa cruda 100 % Aditivos nutricionales: Vitamina E 1.400 mg\/kg<\/div>\n","protected":false},"excerpt":{"rendered":"<p>Desarrollado espec\u00edficamente para proporcionar los beneficios naturales del ajo a las aves de manera segura y eficiente. El ajo es extremadamente rico&hellip;<\/p>\n","protected":false},"featured_media":9476,"template":"","meta":[],"product_cat":[256],"product_tag":[],"class_list":{"0":"post-11061","1":"product","2":"type-product","3":"status-publish","4":"has-post-thumbnail","6":"product_cat-suplementos-para-palomas","8":"first","9":"instock","10":"shipping-taxable","11":"product-type-simple"},"_links":{"self":[{"href":"https:\/\/care4birds.bg\/es\/wp-json\/wp\/v2\/product\/11061","targetHints":{"allow":["GET"]}}],"collection":[{"href":"https:\/\/care4birds.bg\/es\/wp-json\/wp\/v2\/product"}],"about":[{"href":"https:\/\/care4birds.bg\/es\/wp-json\/wp\/v2\/types\/product"}],"wp:featuredmedia":[{"embeddable":true,"href":"https:\/\/care4birds.bg\/es\/wp-json\/wp\/v2\/media\/9476"}],"wp:attachment":[{"href":"https:\/\/care4birds.bg\/es\/wp-json\/wp\/v2\/media?parent=11061"}],"wp:term":[{"taxonomy":"product_cat","embeddable":true,"href":"https:\/\/care4birds.bg\/es\/wp-json\/wp\/v2\/product_cat?post=11061"},{"taxonomy":"product_tag","embeddable":true,"href":"https:\/\/care4birds.bg\/es\/wp-json\/wp\/v2\/product_tag?post=11061"}],"curies":[{"name":"wp","href":"https:\/\/api.w.org\/{rel}","templated":true}]}}