{"id":11078,"date":"2025-11-03T11:18:01","date_gmt":"2025-11-03T11:18:01","guid":{"rendered":"https:\/\/care4birds.bg\/product\/optimal-caps\/"},"modified":"2026-03-30T10:58:03","modified_gmt":"2026-03-30T10:58:03","slug":"optimal-caps","status":"publish","type":"product","link":"https:\/\/care4birds.bg\/es\/producto\/optimal-caps\/","title":{"rendered":"Optimal caps"},"content":{"rendered":"<div>Las c\u00e1psulas de aceite de h\u00edgado de bacalao son una fuente natural de vitaminas A y D3, enriquecidas con vitamina E adicional para apoyar la fertilidad durante el per\u00edodo de reproducci\u00f3n. Estas c\u00e1psulas promueven:<\/div>\n<ul>\n<li>El desarrollo del esqueleto y crecimiento de los j\u00f3venes palomas<\/li>\n<li>El impulso sexual en los machos<\/li>\n<li>Un sistema inmunol\u00f3gico saludable<\/li>\n<\/ul>\n<div>La c\u00e1psula de aceite de h\u00edgado de bacalao con Vitamina E extra es una fuente natural de vitaminas A, D3 y E, y es rica en \u00e1cidos grasos omega-3, importante para el desarrollo del esqueleto, huesos, fertilidad y crecimiento. Tambi\u00e9n es una buena fuente de f\u00f3sforo y yodo, ambos minerales promueven la resistencia y energ\u00eda.<\/div>\n<h6>Composici\u00f3n:<\/h6>\n<div>Aceite de h\u00edgado de bacalao 18\/12; Vitamina A 300 \u00b5g RE (1000 IU); Vitamina D 2,5 \u00b5g RE (100 IU); Vitamina E 6,7 mg a-TE (10 IU); Gelatina<\/div>\n<p><i>Componentes anal\u00edticos:<\/i> Prote\u00edna bruta 18,12%, Fibra bruta 18,20%, Grasa bruta 0,05%, Ceniza cruda 0,03%<\/p>\n<h6>Indicaciones de uso:<\/h6>\n<ul>\n<li>1 c\u00e1psula administrada directamente en el pico<\/li>\n<li>Durante el per\u00edodo de reproducci\u00f3n: diariamente desde 8 d\u00edas antes del apareamiento hasta el segundo huevo<\/li>\n<li>En temporada de carreras: 2 c\u00e1psulas por semana<\/li>\n<li>Palomas j\u00f3venes en crecimiento: 1 c\u00e1psula al d\u00eda<\/li>\n<\/ul>\n<p><i>Consejo: Tambi\u00e9n se puede usar en palomas adultas para estimular la fertilidad<\/i><\/p>\n<h6>NOTAS: LEA LAS INSTRUCCIONES ANTES DE USAR.<\/h6>\n<ul>\n<li>Almacenar en seco, fuera de la luz directa, entre 0-30 \u00b0C<\/li>\n<li>Vida \u00fatil tras la primera apertura: 1 a\u00f1o<\/li>\n<li>N\u00famero de lote y fecha de caducidad: ver paquete<\/li>\n<li>Solo para tratamiento animal. No para animales destinados a producir alimento para consumo humano<\/li>\n<li>Mantener fuera del alcance de los ni\u00f1os<\/li>\n<\/ul>\n<h6>Contenido:<\/h6>\n<div>300 c\u00e1psulas, producto diet\u00e9tico para aves<\/div>\n","protected":false},"excerpt":{"rendered":"<p>Las c\u00e1psulas de aceite de h\u00edgado de bacalao son una fuente natural de vitaminas A y D3, enriquecidas con vitamina E adicional&hellip;<\/p>\n","protected":false},"featured_media":11079,"template":"","meta":[],"product_cat":[256],"product_tag":[],"class_list":{"0":"post-11078","1":"product","2":"type-product","3":"status-publish","4":"has-post-thumbnail","6":"product_cat-suplementos-para-palomas","8":"first","9":"instock","10":"shipping-taxable","11":"product-type-simple"},"_links":{"self":[{"href":"https:\/\/care4birds.bg\/es\/wp-json\/wp\/v2\/product\/11078","targetHints":{"allow":["GET"]}}],"collection":[{"href":"https:\/\/care4birds.bg\/es\/wp-json\/wp\/v2\/product"}],"about":[{"href":"https:\/\/care4birds.bg\/es\/wp-json\/wp\/v2\/types\/product"}],"wp:featuredmedia":[{"embeddable":true,"href":"https:\/\/care4birds.bg\/es\/wp-json\/wp\/v2\/media\/11079"}],"wp:attachment":[{"href":"https:\/\/care4birds.bg\/es\/wp-json\/wp\/v2\/media?parent=11078"}],"wp:term":[{"taxonomy":"product_cat","embeddable":true,"href":"https:\/\/care4birds.bg\/es\/wp-json\/wp\/v2\/product_cat?post=11078"},{"taxonomy":"product_tag","embeddable":true,"href":"https:\/\/care4birds.bg\/es\/wp-json\/wp\/v2\/product_tag?post=11078"}],"curies":[{"name":"wp","href":"https:\/\/api.w.org\/{rel}","templated":true}]}}