{"id":11089,"date":"2025-11-03T11:17:18","date_gmt":"2025-11-03T11:17:18","guid":{"rendered":"https:\/\/care4birds.bg\/product\/protein-mix\/"},"modified":"2026-03-30T11:13:23","modified_gmt":"2026-03-30T11:13:23","slug":"protein-mix","status":"publish","type":"product","link":"https:\/\/care4birds.bg\/es\/producto\/protein-mix\/","title":{"rendered":"Protein Mix"},"content":{"rendered":"<h6>Indicaci\u00f3n:<\/h6>\n<div>Esta forma pura contiene un 65% de prote\u00edna en peso. Estas prote\u00ednas ayudan a prevenir la degradaci\u00f3n muscular y a proporcionar reservas de gluc\u00f3geno durante el entrenamiento y los vuelos. Al mismo tiempo, constituyen una fuente importante de amino\u00e1cidos esenciales y amino\u00e1cidos de cadena ramificada como valina, leucina e isoleucina. Estos amino\u00e1cidos est\u00e1n presentes principalmente en los m\u00fasculos y durante un esfuerzo intenso, las c\u00e9lulas musculares pueden convertir r\u00e1pidamente estos tres amino\u00e1cidos en energ\u00eda. Los amino\u00e1cidos esenciales no pueden ser sintetizados por el cuerpo y deben suministrarse en la dieta. Las fuentes de prote\u00ednas que contienen todos los amino\u00e1cidos esenciales se llaman prote\u00ednas completas. PROTEIN MIX es una prote\u00edna completa y ayuda a proporcionar a las aves todos los amino\u00e1cidos esenciales. El requerimiento de prote\u00ednas depende de la edad de las aves, la temporada y el rendimiento solicitado.<\/div>\n<h6>Dosificaci\u00f3n:<\/h6>\n<div>Dosis general (mezclado con yogur): Durante la temporada de carreras para una recuperaci\u00f3n r\u00e1pida y grandes reservas de energ\u00eda: 20 gramos por kilo de alimento humedecido, inmediatamente despu\u00e9s de regresar a casa durante 3 d\u00edas consecutivos. Durante la temporada de carreras para una recuperaci\u00f3n r\u00e1pida, alta energ\u00eda y grandes reservas: 20 gramos por kilo de alimento humedecido, inmediatamente despu\u00e9s de regresar a casa durante 3 d\u00edas consecutivos. Durante la muda para plumas saludables y fuertes: 20 gramos por kilo de alimento humedecido, dos veces por semana. Durante la reproducci\u00f3n para cr\u00edas bien desarrolladas: 20 gramos por kilo de alimento humedecido, dos veces por semana. Una cuchara medidora completa \u2248 20 g de producto.<\/div>\n<h6>Contiene:<\/h6>\n<div>500 g producto diet\u00e9tico para aves deportivas.<\/div>\n","protected":false},"excerpt":{"rendered":"<p>Indicaci\u00f3n: Esta forma pura contiene un 65% de prote\u00edna en peso. Estas prote\u00ednas ayudan a prevenir la degradaci\u00f3n muscular y a proporcionar&hellip;<\/p>\n","protected":false},"featured_media":9474,"template":"","meta":[],"product_cat":[241,256],"product_tag":[],"class_list":{"0":"post-11089","1":"product","2":"type-product","3":"status-publish","4":"has-post-thumbnail","6":"product_cat-suplementos-para-aves","7":"product_cat-suplementos-para-palomas","9":"first","10":"instock","11":"shipping-taxable","12":"product-type-simple"},"_links":{"self":[{"href":"https:\/\/care4birds.bg\/es\/wp-json\/wp\/v2\/product\/11089","targetHints":{"allow":["GET"]}}],"collection":[{"href":"https:\/\/care4birds.bg\/es\/wp-json\/wp\/v2\/product"}],"about":[{"href":"https:\/\/care4birds.bg\/es\/wp-json\/wp\/v2\/types\/product"}],"wp:featuredmedia":[{"embeddable":true,"href":"https:\/\/care4birds.bg\/es\/wp-json\/wp\/v2\/media\/9474"}],"wp:attachment":[{"href":"https:\/\/care4birds.bg\/es\/wp-json\/wp\/v2\/media?parent=11089"}],"wp:term":[{"taxonomy":"product_cat","embeddable":true,"href":"https:\/\/care4birds.bg\/es\/wp-json\/wp\/v2\/product_cat?post=11089"},{"taxonomy":"product_tag","embeddable":true,"href":"https:\/\/care4birds.bg\/es\/wp-json\/wp\/v2\/product_tag?post=11089"}],"curies":[{"name":"wp","href":"https:\/\/api.w.org\/{rel}","templated":true}]}}