{"id":11098,"date":"2025-11-03T11:16:18","date_gmt":"2025-11-03T11:16:18","guid":{"rendered":"https:\/\/care4birds.bg\/product\/fast-form\/"},"modified":"2026-03-30T11:19:45","modified_gmt":"2026-03-30T11:19:45","slug":"fast-form","status":"publish","type":"product","link":"https:\/\/care4birds.bg\/es\/producto\/fast-form\/","title":{"rendered":"Fast Form"},"content":{"rendered":"<h6>Para mejorar el rendimiento y desinfectar el agua potable. No se debe dar solo grano y agua a palomas de alto rendimiento; \u00a1las aves estar\u00e1n en su mejor forma con FASTFORM!<\/h6>\n<h6>Dosificaci\u00f3n:<\/h6>\n<div>\n<p>Para mejorar el rendimiento durante el per\u00edodo de competici\u00f3n: cada d\u00eda 5 ml por 2-3 litros (2 ml\/litro) de agua potable limpia. En d\u00edas muy calurosos aumente la cantidad de agua a 5 litros. \u00a1El d\u00eda de la competici\u00f3n solo dar agua limpia! Durante la reproducci\u00f3n y la muda: 5 ml por 5 litros (1 ml\/litro) de agua potable limpia 1-2 veces por semana.<\/p>\n<p>Para desinfectar el agua del bebedero durante el resto del a\u00f1o: una vez a la semana 5 ml por 5 litros (1 ml\/litro) de agua potable.<br \/>\nAgitar antes de usar.<\/p>\n<p><b>Importante:<\/b> No use recipientes galvanizados o de cobre.<br \/>\nSe pueden usar recipientes de acero inoxidable.<\/p>\n<\/div>\n<h6>Composici\u00f3n (por 1000 ml de producto):<\/h6>\n<div>Sulfato de cobalto(II) 7H2O     60 mg Yoduro de potasio                  90.000 mg Molibdato de sodio 2H2O         20 mg Citrato de hierro am\u00f3nico        50.000 mg<\/div>\n<h4>Notas<\/h4>\n<div>&#8211; Almacenar en lugar seco, alejado de la luz solar directa, entre 0-30 \u030aC. &#8211; Vida \u00fatil despu\u00e9s de abrir: Un (1) a\u00f1o. &#8211; N\u00famero de lote y fecha de caducidad: ver paquete. &#8211; Mantener fuera del alcance de los ni\u00f1os. &#8211; Solo para tratamiento animal. No para animales destinados a producir alimentos para consumo humano.<\/div>\n","protected":false},"excerpt":{"rendered":"<p>Para mejorar el rendimiento y desinfectar el agua potable. No se debe dar solo grano y agua a palomas de alto rendimiento;&hellip;<\/p>\n","protected":false},"featured_media":9481,"template":"","meta":[],"product_cat":[256],"product_tag":[],"class_list":{"0":"post-11098","1":"product","2":"type-product","3":"status-publish","4":"has-post-thumbnail","6":"product_cat-suplementos-para-palomas","8":"first","9":"instock","10":"shipping-taxable","11":"product-type-simple"},"_links":{"self":[{"href":"https:\/\/care4birds.bg\/es\/wp-json\/wp\/v2\/product\/11098","targetHints":{"allow":["GET"]}}],"collection":[{"href":"https:\/\/care4birds.bg\/es\/wp-json\/wp\/v2\/product"}],"about":[{"href":"https:\/\/care4birds.bg\/es\/wp-json\/wp\/v2\/types\/product"}],"wp:featuredmedia":[{"embeddable":true,"href":"https:\/\/care4birds.bg\/es\/wp-json\/wp\/v2\/media\/9481"}],"wp:attachment":[{"href":"https:\/\/care4birds.bg\/es\/wp-json\/wp\/v2\/media?parent=11098"}],"wp:term":[{"taxonomy":"product_cat","embeddable":true,"href":"https:\/\/care4birds.bg\/es\/wp-json\/wp\/v2\/product_cat?post=11098"},{"taxonomy":"product_tag","embeddable":true,"href":"https:\/\/care4birds.bg\/es\/wp-json\/wp\/v2\/product_tag?post=11098"}],"curies":[{"name":"wp","href":"https:\/\/api.w.org\/{rel}","templated":true}]}}