{"id":11114,"date":"2025-11-03T11:15:22","date_gmt":"2025-11-03T11:15:22","guid":{"rendered":"https:\/\/care4birds.bg\/product\/wonder-care\/"},"modified":"2026-03-30T11:27:06","modified_gmt":"2026-03-30T11:27:06","slug":"wonder-care","status":"publish","type":"product","link":"https:\/\/care4birds.bg\/es\/producto\/wonder-care\/","title":{"rendered":"Wonder Care"},"content":{"rendered":"<p>Para mejorar la salud intestinal y prevenir infecciones bacterianas.<\/p>\n<p>Wonder Care tiene efectos positivos que muchos otros productos no poseen. Es eficaz contra infecciones bacterianas, E-coli, Salmonella, y tambi\u00e9n contra problemas con infecciones por Adenovirus. Wonder Care mejora la microflora del est\u00f3mago y previene la infecci\u00f3n por bacterias intestinales en las palomas, lo cual es muy importante despu\u00e9s de carreras extenuantes y el estr\u00e9s.<\/p>\n<h6>Dosificaci\u00f3n e instrucciones de uso:<\/h6>\n<p> Periodo de cr\u00eda y palomas j\u00f3venes para un crecimiento fuerte: 1,5 ml \/ 1 L de agua: 1-2 veces por semana<\/p>\n<p>Temporada de carreras:<\/p>\n<p>El d\u00eda despu\u00e9s de la llegada: 1 ml \/ 1 L de agua<br \/>\nEl d\u00eda antes del env\u00edo: 1 ml \/ 1 L de agua<\/p>\n<p>Periodo de muda e invierno: 1,5 ml \/ 1 L de agua: 1-2 veces por semana<\/p>\n","protected":false},"excerpt":{"rendered":"<p>Para mejorar la salud intestinal y prevenir infecciones bacterianas. Wonder Care tiene efectos positivos que muchos otros productos no poseen. Es eficaz&hellip;<\/p>\n","protected":false},"featured_media":11115,"template":"","meta":[],"product_cat":[256],"product_tag":[],"class_list":{"0":"post-11114","1":"product","2":"type-product","3":"status-publish","4":"has-post-thumbnail","6":"product_cat-suplementos-para-palomas","8":"first","9":"instock","10":"shipping-taxable","11":"product-type-simple"},"_links":{"self":[{"href":"https:\/\/care4birds.bg\/es\/wp-json\/wp\/v2\/product\/11114","targetHints":{"allow":["GET"]}}],"collection":[{"href":"https:\/\/care4birds.bg\/es\/wp-json\/wp\/v2\/product"}],"about":[{"href":"https:\/\/care4birds.bg\/es\/wp-json\/wp\/v2\/types\/product"}],"wp:featuredmedia":[{"embeddable":true,"href":"https:\/\/care4birds.bg\/es\/wp-json\/wp\/v2\/media\/11115"}],"wp:attachment":[{"href":"https:\/\/care4birds.bg\/es\/wp-json\/wp\/v2\/media?parent=11114"}],"wp:term":[{"taxonomy":"product_cat","embeddable":true,"href":"https:\/\/care4birds.bg\/es\/wp-json\/wp\/v2\/product_cat?post=11114"},{"taxonomy":"product_tag","embeddable":true,"href":"https:\/\/care4birds.bg\/es\/wp-json\/wp\/v2\/product_tag?post=11114"}],"curies":[{"name":"wp","href":"https:\/\/api.w.org\/{rel}","templated":true}]}}