{"id":11124,"date":"2025-11-03T11:15:11","date_gmt":"2025-11-03T11:15:11","guid":{"rendered":"https:\/\/care4birds.bg\/product\/carni-form\/"},"modified":"2026-03-30T11:43:28","modified_gmt":"2026-03-30T11:43:28","slug":"carni-form","status":"publish","type":"product","link":"https:\/\/care4birds.bg\/es\/producto\/carni-form\/","title":{"rendered":"Carni Form"},"content":{"rendered":"<p>Esta combinaci\u00f3n tiene un papel central en el metabolismo de l\u00edpidos de las palomas. La paloma recibe la cantidad necesaria de L-carnitina. Adem\u00e1s, el producto contiene magnesio y selenio para mejorar la funci\u00f3n muscular.<\/p>\n<h6>Dosificaci\u00f3n<\/h6>\n<p> Carni-Form se puede administrar a trav\u00e9s del agua potable o el alimento: &#8211; 10 ml por litro de agua potable o &#8211; 15 ml por 1 kg de alimento &#8211; Administrar para proteger los m\u00fasculos al menos 14 d\u00edas antes del primer vuelo, o diariamente antes del inicio de los vuelos de competici\u00f3n. &#8211; Durante la temporada de carreras, entre vuelos 1-5 d\u00edas por semana. <\/p>\n<h6>Composici\u00f3n:<\/h6>\n<p> L-Carnitina &#8211; 150.000 mg Cloruro de magnesio &#8211; 50.000 mg Selenito de sodio &#8211; 70 mg Agente conservante &#8211; 7.000 mg<\/p>\n","protected":false},"excerpt":{"rendered":"<p>Esta combinaci\u00f3n tiene un papel central en el metabolismo de l\u00edpidos de las palomas. La paloma recibe la cantidad necesaria de L-carnitina.&hellip;<\/p>\n","protected":false},"featured_media":9485,"template":"","meta":[],"product_cat":[256],"product_tag":[],"class_list":{"0":"post-11124","1":"product","2":"type-product","3":"status-publish","4":"has-post-thumbnail","6":"product_cat-suplementos-para-palomas","8":"first","9":"instock","10":"shipping-taxable","11":"product-type-simple"},"_links":{"self":[{"href":"https:\/\/care4birds.bg\/es\/wp-json\/wp\/v2\/product\/11124","targetHints":{"allow":["GET"]}}],"collection":[{"href":"https:\/\/care4birds.bg\/es\/wp-json\/wp\/v2\/product"}],"about":[{"href":"https:\/\/care4birds.bg\/es\/wp-json\/wp\/v2\/types\/product"}],"wp:featuredmedia":[{"embeddable":true,"href":"https:\/\/care4birds.bg\/es\/wp-json\/wp\/v2\/media\/9485"}],"wp:attachment":[{"href":"https:\/\/care4birds.bg\/es\/wp-json\/wp\/v2\/media?parent=11124"}],"wp:term":[{"taxonomy":"product_cat","embeddable":true,"href":"https:\/\/care4birds.bg\/es\/wp-json\/wp\/v2\/product_cat?post=11124"},{"taxonomy":"product_tag","embeddable":true,"href":"https:\/\/care4birds.bg\/es\/wp-json\/wp\/v2\/product_tag?post=11124"}],"curies":[{"name":"wp","href":"https:\/\/api.w.org\/{rel}","templated":true}]}}