{"id":11133,"date":"2025-11-03T11:14:27","date_gmt":"2025-11-03T11:14:27","guid":{"rendered":"https:\/\/care4birds.bg\/product\/energy-mix\/"},"modified":"2026-03-30T11:49:19","modified_gmt":"2026-03-30T11:49:19","slug":"energy-mix","status":"publish","type":"product","link":"https:\/\/care4birds.bg\/es\/producto\/energy-mix\/","title":{"rendered":"Energy Mix"},"content":{"rendered":"<h6>Mezcla energ\u00e9tica con Creatina y Carnetyne.<\/h6>\n<p> Energy Mix aumenta la resistencia de tus palomas. Para una musculatura de alto rendimiento. Energy Mix promueve una recuperaci\u00f3n m\u00e1s r\u00e1pida tras el esfuerzo. <\/p>\n<h6>Dosificaci\u00f3n:<\/h6>\n<p> 1 cucharada medidora (12,5 g) por 1 litro de agua o 1 kg de alimento Antes del vuelo: 2 d\u00edas consecutivos Al regresar a casa: 1 d\u00eda <\/p>\n<h6>Composici\u00f3n:<\/h6>\n<div class=\"separator\"><a href=\"https:\/\/blogger.googleusercontent.com\/img\/b\/R29vZ2xl\/AVvXsEinZnxGHEvWyAoLHJO8gwn2RmFmXd7W5mzsNBXRGuW0JC_nj-f6LDa_nceKJVowWxFKn1d2D6QtfXsocQfoPvBztRN2C2k7pQzjkEr7cszJ35-vM2XDClwYrqi8j6nh36VAGRDaNXMwYvr4\/s1600\/composition_energy_mix1.jpg\" target=\"_blank\" rel=\"noopener\"><img decoding=\"async\" src=\"https:\/\/blogger.googleusercontent.com\/img\/b\/R29vZ2xl\/AVvXsEinZnxGHEvWyAoLHJO8gwn2RmFmXd7W5mzsNBXRGuW0JC_nj-f6LDa_nceKJVowWxFKn1d2D6QtfXsocQfoPvBztRN2C2k7pQzjkEr7cszJ35-vM2XDClwYrqi8j6nh36VAGRDaNXMwYvr4\/s320\/composition_energy_mix1.jpg\" width=\"320\" height=\"147\" border=\"0\" data-original-height=\"426\" data-original-width=\"922\" \/><\/a><\/div>\n<h6>Envase:<\/h6>\n<p> Tarro de PVC de 650 g<\/p>\n","protected":false},"excerpt":{"rendered":"<p>Mezcla energ\u00e9tica con Creatina y Carnetyne. Energy Mix aumenta la resistencia de tus palomas. Para una musculatura de alto rendimiento. Energy Mix&hellip;<\/p>\n","protected":false},"featured_media":9486,"template":"","meta":[],"product_cat":[256],"product_tag":[],"class_list":{"0":"post-11133","1":"product","2":"type-product","3":"status-publish","4":"has-post-thumbnail","6":"product_cat-suplementos-para-palomas","8":"first","9":"instock","10":"shipping-taxable","11":"product-type-simple"},"_links":{"self":[{"href":"https:\/\/care4birds.bg\/es\/wp-json\/wp\/v2\/product\/11133","targetHints":{"allow":["GET"]}}],"collection":[{"href":"https:\/\/care4birds.bg\/es\/wp-json\/wp\/v2\/product"}],"about":[{"href":"https:\/\/care4birds.bg\/es\/wp-json\/wp\/v2\/types\/product"}],"wp:featuredmedia":[{"embeddable":true,"href":"https:\/\/care4birds.bg\/es\/wp-json\/wp\/v2\/media\/9486"}],"wp:attachment":[{"href":"https:\/\/care4birds.bg\/es\/wp-json\/wp\/v2\/media?parent=11133"}],"wp:term":[{"taxonomy":"product_cat","embeddable":true,"href":"https:\/\/care4birds.bg\/es\/wp-json\/wp\/v2\/product_cat?post=11133"},{"taxonomy":"product_tag","embeddable":true,"href":"https:\/\/care4birds.bg\/es\/wp-json\/wp\/v2\/product_tag?post=11133"}],"curies":[{"name":"wp","href":"https:\/\/api.w.org\/{rel}","templated":true}]}}