{"id":11142,"date":"2025-11-03T11:13:35","date_gmt":"2025-11-03T11:13:35","guid":{"rendered":"https:\/\/care4birds.bg\/product\/energy-oil\/"},"modified":"2026-03-31T09:25:59","modified_gmt":"2026-03-31T09:25:59","slug":"energy-oil","status":"publish","type":"product","link":"https:\/\/care4birds.bg\/es\/producto\/energy-oil\/","title":{"rendered":"Energy Oil"},"content":{"rendered":"<h6>Aceite energ\u00e9tico con 10 aceites diferentes ricos en omega 3 y omega 6<\/h6>\n<p> Energy oil es una fuente de alta energ\u00eda. Ideal para mejorar la condici\u00f3n general y proporcionar grasas necesarias durante los vuelos. <\/p>\n<ul>\n<li>Proveedor ideal de energ\u00eda.<\/li>\n<\/ul>\n<ul>\n<li>Ayuda a mejorar la condici\u00f3n.<\/li>\n<\/ul>\n<ul>\n<li>Ayuda a promover la resistencia natural.<\/li>\n<\/ul>\n<h6>Dosificaci\u00f3n<\/h6>\n<p> A\u00f1adir un tap\u00f3n (15 ml) de Care 4 Birds Energy Oil a 1 kg de alimento. <b>Temporada de carreras:<\/b> Una o dos veces por semana. <b>Carreras de larga distancia:<\/b> Dos veces por semana <b>Palomas j\u00f3venes:<\/b> Una o dos veces por semana. <b>Periodo de muda:<\/b> Dos veces por semana. <b>Periodo de cr\u00eda:<\/b> Una o dos veces por semana.<\/p>\n<p>\u00a1No mezclar este producto con agua!<\/p>\n<h6>Composici\u00f3n:<\/h6>\n<p> Lecitina (Alimenta los m\u00fasculos y el sistema nervioso); Aceite de salm\u00f3n (Rico en \u00e1cidos grasos para la resistencia); Aceite de germen de ma\u00edz (Aumenta la energ\u00eda); Aceite de linaza (Para fertilidad y crecimiento muscular); Aceite de cacahuete (Para una \u00f3ptima condici\u00f3n muscular); Aceite de c\u00e1\u00f1amo (Mejora la energ\u00eda y forma); Aceite de germen de trigo (Vitamina E natural); Aceite de soja (Liberaci\u00f3n m\u00e1xima de energ\u00eda); Aceite de comino negro (Para salud y condici\u00f3n \u00f3ptimas); Aceite de borraja (Fortalece metabolismo e inmunidad)<\/p>\n","protected":false},"excerpt":{"rendered":"<p>Aceite energ\u00e9tico con 10 aceites diferentes ricos en omega 3 y omega 6 Energy oil es una fuente de alta energ\u00eda. Ideal&hellip;<\/p>\n","protected":false},"featured_media":9472,"template":"","meta":[],"product_cat":[256],"product_tag":[],"class_list":{"0":"post-11142","1":"product","2":"type-product","3":"status-publish","4":"has-post-thumbnail","6":"product_cat-suplementos-para-palomas","8":"first","9":"instock","10":"shipping-taxable","11":"product-type-simple"},"_links":{"self":[{"href":"https:\/\/care4birds.bg\/es\/wp-json\/wp\/v2\/product\/11142","targetHints":{"allow":["GET"]}}],"collection":[{"href":"https:\/\/care4birds.bg\/es\/wp-json\/wp\/v2\/product"}],"about":[{"href":"https:\/\/care4birds.bg\/es\/wp-json\/wp\/v2\/types\/product"}],"wp:featuredmedia":[{"embeddable":true,"href":"https:\/\/care4birds.bg\/es\/wp-json\/wp\/v2\/media\/9472"}],"wp:attachment":[{"href":"https:\/\/care4birds.bg\/es\/wp-json\/wp\/v2\/media?parent=11142"}],"wp:term":[{"taxonomy":"product_cat","embeddable":true,"href":"https:\/\/care4birds.bg\/es\/wp-json\/wp\/v2\/product_cat?post=11142"},{"taxonomy":"product_tag","embeddable":true,"href":"https:\/\/care4birds.bg\/es\/wp-json\/wp\/v2\/product_tag?post=11142"}],"curies":[{"name":"wp","href":"https:\/\/api.w.org\/{rel}","templated":true}]}}