{"id":11158,"date":"2025-11-03T11:13:33","date_gmt":"2025-11-03T11:13:33","guid":{"rendered":"https:\/\/care4birds.bg\/product\/entero-care\/"},"modified":"2026-03-31T09:30:23","modified_gmt":"2026-03-31T09:30:23","slug":"entero-care","status":"publish","type":"product","link":"https:\/\/care4birds.bg\/es\/producto\/entero-care\/","title":{"rendered":"Entero Care"},"content":{"rendered":"<p>Probi\u00f3tico para palomas<\/p>\n<p>Esta mezcla probi\u00f3tica que contiene bacterias l\u00e1cticas naturales asegura un buen equilibrio de la flora intestinal. Las bacterias se establecen en el tracto intestinal y crean un ambiente \u00e1cido. Para lograr un producto \u00f3ptimo, tambi\u00e9n se han a\u00f1adido vitaminas y minerales.<\/p>\n<p>Entero Care debe administrarse preferiblemente:<\/p>\n<p>Despu\u00e9s de vacunaciones y medicaci\u00f3n<br \/>\nCuando hay problemas con la flora intestinal y los excrementos<br \/>\nDurante per\u00edodos de estr\u00e9s (primeros vuelos, vuelos de palomas j\u00f3venes)<br \/>\nDespu\u00e9s de regresar a casa para acelerar la recuperaci\u00f3n<\/p>\n<h6>Dosificaci\u00f3n e instrucciones de uso:<\/h6>\n<p> 1 cucharada medidora (10 g) por 1 litro de agua o 1 cucharada por 1 kg de alimento, durante 2 d\u00edas consecutivos.<\/p>\n<p>Entero Care puede administrarse cada semana.<\/p>\n","protected":false},"excerpt":{"rendered":"<p>Probi\u00f3tico para palomas Esta mezcla probi\u00f3tica que contiene bacterias l\u00e1cticas naturales asegura un buen equilibrio de la flora intestinal. Las bacterias se&hellip;<\/p>\n","protected":false},"featured_media":11159,"template":"","meta":[],"product_cat":[241,256],"product_tag":[],"class_list":{"0":"post-11158","1":"product","2":"type-product","3":"status-publish","4":"has-post-thumbnail","6":"product_cat-suplementos-para-aves","7":"product_cat-suplementos-para-palomas","9":"first","10":"instock","11":"shipping-taxable","12":"product-type-simple"},"_links":{"self":[{"href":"https:\/\/care4birds.bg\/es\/wp-json\/wp\/v2\/product\/11158","targetHints":{"allow":["GET"]}}],"collection":[{"href":"https:\/\/care4birds.bg\/es\/wp-json\/wp\/v2\/product"}],"about":[{"href":"https:\/\/care4birds.bg\/es\/wp-json\/wp\/v2\/types\/product"}],"wp:featuredmedia":[{"embeddable":true,"href":"https:\/\/care4birds.bg\/es\/wp-json\/wp\/v2\/media\/11159"}],"wp:attachment":[{"href":"https:\/\/care4birds.bg\/es\/wp-json\/wp\/v2\/media?parent=11158"}],"wp:term":[{"taxonomy":"product_cat","embeddable":true,"href":"https:\/\/care4birds.bg\/es\/wp-json\/wp\/v2\/product_cat?post=11158"},{"taxonomy":"product_tag","embeddable":true,"href":"https:\/\/care4birds.bg\/es\/wp-json\/wp\/v2\/product_tag?post=11158"}],"curies":[{"name":"wp","href":"https:\/\/api.w.org\/{rel}","templated":true}]}}