{"id":11168,"date":"2025-11-03T11:12:48","date_gmt":"2025-11-03T11:12:48","guid":{"rendered":"https:\/\/care4birds.bg\/product\/glucovit\/"},"modified":"2026-03-31T09:36:39","modified_gmt":"2026-03-31T09:36:39","slug":"glucovit","status":"publish","type":"product","link":"https:\/\/care4birds.bg\/es\/producto\/glucovit\/","title":{"rendered":"Glucovit"},"content":{"rendered":"<h6>GLUCOVIT GLUCOSA + VITAMINAS puede combinarse en el agua de bebida con CARELYT.<\/h6>\n<h6>Dosificaci\u00f3n<\/h6>\n<p> Debe a\u00f1adirse al agua de bebida. Durante la muda \/ invierno: una vez por semana 2 cucharadas en 2 litros (aprox. 40 palomas) Durante la cr\u00eda: dos veces por semana 2 cucharadas en 2 litros (aprox. 40 palomas) Para j\u00f3venes fuertes desde 1 semana: 5 d\u00edas consecutivos Durante las carreras: dos veces por semana 2 cucharadas en 2 litros (aprox. 40 palomas). Cuando las distancias aumentan puede administrarse hasta 3 veces por semana 3 cucharadas por 2 litros de agua Tambi\u00e9n es posible a\u00f1adir GLUCOVIT al alimento de las palomas en la misma dosis (\u00b1 40 palomas una vez al d\u00eda). Primero debe humedecer el grano antes de mezclarlo con GLUCOVIT <\/p>\n<h6>F\u00f3rmula<\/h6>\n<p> Vit. A 6000 UI. Vit. D3 1200 UI. Vit. E 20 mg. Vit. C 10 mg. Vit. K3 1,5 mg. Vit. B1 280 mg. Vit. B2 400 mg. Nicotinamida 30 mg. \u00c1cido pantot\u00e9nico 10 mg. Colina 100 mg. Oligoelementos Dextrosa ad 1000 g.<\/p>\n","protected":false},"excerpt":{"rendered":"<p>GLUCOVIT GLUCOSA + VITAMINAS puede combinarse en el agua de bebida con CARELYT. Dosificaci\u00f3n Debe a\u00f1adirse al agua de bebida. Durante la&hellip;<\/p>\n","protected":false},"featured_media":9473,"template":"","meta":[],"product_cat":[256],"product_tag":[],"class_list":{"0":"post-11168","1":"product","2":"type-product","3":"status-publish","4":"has-post-thumbnail","6":"product_cat-suplementos-para-palomas","8":"first","9":"instock","10":"shipping-taxable","11":"product-type-simple"},"_links":{"self":[{"href":"https:\/\/care4birds.bg\/es\/wp-json\/wp\/v2\/product\/11168","targetHints":{"allow":["GET"]}}],"collection":[{"href":"https:\/\/care4birds.bg\/es\/wp-json\/wp\/v2\/product"}],"about":[{"href":"https:\/\/care4birds.bg\/es\/wp-json\/wp\/v2\/types\/product"}],"wp:featuredmedia":[{"embeddable":true,"href":"https:\/\/care4birds.bg\/es\/wp-json\/wp\/v2\/media\/9473"}],"wp:attachment":[{"href":"https:\/\/care4birds.bg\/es\/wp-json\/wp\/v2\/media?parent=11168"}],"wp:term":[{"taxonomy":"product_cat","embeddable":true,"href":"https:\/\/care4birds.bg\/es\/wp-json\/wp\/v2\/product_cat?post=11168"},{"taxonomy":"product_tag","embeddable":true,"href":"https:\/\/care4birds.bg\/es\/wp-json\/wp\/v2\/product_tag?post=11168"}],"curies":[{"name":"wp","href":"https:\/\/api.w.org\/{rel}","templated":true}]}}