{"id":11177,"date":"2025-11-03T11:12:01","date_gmt":"2025-11-03T11:12:01","guid":{"rendered":"https:\/\/care4birds.bg\/product\/carelyt\/"},"modified":"2026-03-31T09:44:14","modified_gmt":"2026-03-31T09:44:14","slug":"carelyt","status":"publish","type":"product","link":"https:\/\/care4birds.bg\/es\/producto\/carelyt\/","title":{"rendered":"Carelyt"},"content":{"rendered":"<h6>Indicaci\u00f3n:<\/h6>\n<p> Sal de vuelo para palomas de carreras CARELYT controla el equilibrio \u00e1cido y de agua de sus aves. Acelera la recuperaci\u00f3n de las palomas despu\u00e9s de vuelos largos. Las devuelve r\u00e1pidamente a su mejor condici\u00f3n. <\/p>\n<h6>Dosificaci\u00f3n:<\/h6>\n<p> Instrucciones de alimentaci\u00f3n: Cuando las palomas regresan de los vuelos tienen mucha sed. Primero proporcione agua fresca y limpia. Despu\u00e9s de 2 horas proporcione nuevamente agua fresca, pero mezclada con CARELYT. Disolver 25 g de CARELYT (1 cucharada) en 2 litros de agua y dejar disponible durante 24 horas. Luego retirarlo y continuar con agua limpia normal. CARELYT puede usarse en combinaci\u00f3n con la mayor\u00eda de medicamentos para palomas de carrera. <\/p>\n<h6>Contiene<\/h6>\n<div>600 g<\/div>\n","protected":false},"excerpt":{"rendered":"<p>Indicaci\u00f3n: Sal de vuelo para palomas de carreras CARELYT controla el equilibrio \u00e1cido y de agua de sus aves. Acelera la recuperaci\u00f3n&hellip;<\/p>\n","protected":false},"featured_media":9478,"template":"","meta":[],"product_cat":[256],"product_tag":[],"class_list":{"0":"post-11177","1":"product","2":"type-product","3":"status-publish","4":"has-post-thumbnail","6":"product_cat-suplementos-para-palomas","8":"first","9":"instock","10":"shipping-taxable","11":"product-type-simple"},"_links":{"self":[{"href":"https:\/\/care4birds.bg\/es\/wp-json\/wp\/v2\/product\/11177","targetHints":{"allow":["GET"]}}],"collection":[{"href":"https:\/\/care4birds.bg\/es\/wp-json\/wp\/v2\/product"}],"about":[{"href":"https:\/\/care4birds.bg\/es\/wp-json\/wp\/v2\/types\/product"}],"wp:featuredmedia":[{"embeddable":true,"href":"https:\/\/care4birds.bg\/es\/wp-json\/wp\/v2\/media\/9478"}],"wp:attachment":[{"href":"https:\/\/care4birds.bg\/es\/wp-json\/wp\/v2\/media?parent=11177"}],"wp:term":[{"taxonomy":"product_cat","embeddable":true,"href":"https:\/\/care4birds.bg\/es\/wp-json\/wp\/v2\/product_cat?post=11177"},{"taxonomy":"product_tag","embeddable":true,"href":"https:\/\/care4birds.bg\/es\/wp-json\/wp\/v2\/product_tag?post=11177"}],"curies":[{"name":"wp","href":"https:\/\/api.w.org\/{rel}","templated":true}]}}