{"id":11186,"date":"2025-11-03T11:11:31","date_gmt":"2025-11-03T11:11:31","guid":{"rendered":"https:\/\/care4birds.bg\/product\/probiocare\/"},"modified":"2026-03-31T09:48:06","modified_gmt":"2026-03-31T09:48:06","slug":"probiocare","status":"publish","type":"product","link":"https:\/\/care4birds.bg\/es\/producto\/probiocare\/","title":{"rendered":"ProbioCare"},"content":{"rendered":"<p>Probi\u00f3ticos y prebi\u00f3ticos para la regeneraci\u00f3n de la flora intestinal<\/p>\n<p>Combinaci\u00f3n de probi\u00f3ticos y prebi\u00f3ticos para la regeneraci\u00f3n y mejora de la flora intestinal. ProbioCare contiene una combinaci\u00f3n especial de diferentes probi\u00f3ticos y prebi\u00f3ticos que act\u00faan sin\u00e9rgicamente para mejorar la regulaci\u00f3n intestinal. ProbioCare es una excelente elecci\u00f3n:<\/p>\n<p>despu\u00e9s de administrar antibi\u00f3ticos<br \/>\ndespu\u00e9s de las vacunaciones<br \/>\ncomo refuerzo inmunol\u00f3gico despu\u00e9s del vuelo de competici\u00f3n<br \/>\ndespu\u00e9s de exposiciones<\/p>\n<p>La indigesti\u00f3n es un precursor de muchos microorganismos da\u00f1inos (pat\u00f3genos) y endopar\u00e1sitos. En muchos casos se observa durante vuelos intensos y en la cr\u00eda.<br \/>\nProbioCare contiene una combinaci\u00f3n especial de varios probi\u00f3ticos en forma microencapsulada, as\u00ed como una combinaci\u00f3n \u00fanica de carbohidratos que regulan la flora intestinal. Diferentes bacterias se apoyan mutuamente en la capacidad de colonizar activamente el intestino delgado de la paloma. De este modo ayudan en los procesos digestivos, generan nutrientes b\u00e1sicos que estabilizan la flora intestinal y fortalecen el sistema inmunol\u00f3gico. Estas bacterias probi\u00f3ticas suprimen bacterias pat\u00f3genas como Salmonella, E. coli, Staphylococcus, Streptococcus, as\u00ed como infecciones f\u00fangicas como Candida, Coccidiosis y Tricomoniasis. Esta es una forma muy eficaz de prevenir enfermedades intestinales y la flora intestinal se regenera r\u00e1pidamente. El uso regular de ProbioCare aumenta la resistencia natural y mejora el apetito. Las palomas tienen m\u00e1s energ\u00eda durante los vuelos.<br \/>\nEl uso de ProbioCare acorta significativamente el per\u00edodo de recuperaci\u00f3n.<\/p>\n<h6>Dosificaci\u00f3n<\/h6>\n<p> 1 cucharada medidora (12,5 g) por 1 kg de alimento dos veces por semana (dosis para 25 palomas)<\/p>\n","protected":false},"excerpt":{"rendered":"<p>Probi\u00f3ticos y prebi\u00f3ticos para la regeneraci\u00f3n de la flora intestinal Combinaci\u00f3n de probi\u00f3ticos y prebi\u00f3ticos para la regeneraci\u00f3n y mejora de la&hellip;<\/p>\n","protected":false},"featured_media":9475,"template":"","meta":[],"product_cat":[241,256],"product_tag":[],"class_list":{"0":"post-11186","1":"product","2":"type-product","3":"status-publish","4":"has-post-thumbnail","6":"product_cat-suplementos-para-aves","7":"product_cat-suplementos-para-palomas","9":"first","10":"instock","11":"shipping-taxable","12":"product-type-simple"},"_links":{"self":[{"href":"https:\/\/care4birds.bg\/es\/wp-json\/wp\/v2\/product\/11186","targetHints":{"allow":["GET"]}}],"collection":[{"href":"https:\/\/care4birds.bg\/es\/wp-json\/wp\/v2\/product"}],"about":[{"href":"https:\/\/care4birds.bg\/es\/wp-json\/wp\/v2\/types\/product"}],"wp:featuredmedia":[{"embeddable":true,"href":"https:\/\/care4birds.bg\/es\/wp-json\/wp\/v2\/media\/9475"}],"wp:attachment":[{"href":"https:\/\/care4birds.bg\/es\/wp-json\/wp\/v2\/media?parent=11186"}],"wp:term":[{"taxonomy":"product_cat","embeddable":true,"href":"https:\/\/care4birds.bg\/es\/wp-json\/wp\/v2\/product_cat?post=11186"},{"taxonomy":"product_tag","embeddable":true,"href":"https:\/\/care4birds.bg\/es\/wp-json\/wp\/v2\/product_tag?post=11186"}],"curies":[{"name":"wp","href":"https:\/\/api.w.org\/{rel}","templated":true}]}}