{"id":11196,"date":"2025-11-03T11:11:16","date_gmt":"2025-11-03T11:11:16","guid":{"rendered":"https:\/\/care4birds.bg\/product\/herbal-care\/"},"modified":"2026-03-31T09:52:28","modified_gmt":"2026-03-31T09:52:28","slug":"herbal-care","status":"publish","type":"product","link":"https:\/\/care4birds.bg\/es\/producto\/herbal-care\/","title":{"rendered":"Herbal Care"},"content":{"rendered":"<p>Tintura herbal con \u00e1cidos org\u00e1nicos a\u00f1adidos, vitaminas, minerales y oligoelementos.<br \/>\nHerbal Care es un producto totalmente natural que proporciona una base s\u00f3lida tanto durante la temporada de vuelo como fuera de ella. El producto es una tintura herbal con \u00e1cidos org\u00e1nicos adicionales y es rico en vitaminas, minerales y oligoelementos, muy eficaces contra problemas gastrointestinales. Herbal Care mejora la condici\u00f3n de sus palomas, aumenta la resistencia y favorece una recuperaci\u00f3n m\u00e1s r\u00e1pida despu\u00e9s del esfuerzo. Herbal Care mejora la fertilidad y hace que las palomas j\u00f3venes sean m\u00e1s resistentes.<\/p>\n<h6>Dosificaci\u00f3n<\/h6>\n<p> 10 ml de Herbal Care en 1 litro de agua de bebida &#8211; Durante la muda: una o dos veces por semana &#8211; Durante la temporada de carreras: una o dos veces por semana &#8211; J\u00f3venes: tres a cuatro veces por semana &#8211; Temporada de cr\u00eda: dos veces por semana \u00a1Agitar bien antes de usar! <\/p>\n<h6>Consejos<\/h6>\n<p> Antes de comenzar la temporada de carreras, tratamiento preventivo durante 7-10 d\u00edas. <\/p>\n<h6>Composici\u00f3n:<\/h6>\n<p> Tintura herbal de ra\u00edz de ginseng, equin\u00e1cea, centaurea menor, hoja de vaccinium myrtillus, corteza de sauce, algas, ra\u00edz de apio silvestre, satureja hortensis, canela, crocus sativus; concentrado de sambucus nigra; concentrado de vaccinium myrtillus; \u00e1cido c\u00edtrico; vinagre de sidra de manzana; glucosa<\/p>\n","protected":false},"excerpt":{"rendered":"<p>Tintura herbal con \u00e1cidos org\u00e1nicos a\u00f1adidos, vitaminas, minerales y oligoelementos. Herbal Care es un producto totalmente natural que proporciona una base s\u00f3lida&hellip;<\/p>\n","protected":false},"featured_media":9479,"template":"","meta":[],"product_cat":[241,256],"product_tag":[],"class_list":{"0":"post-11196","1":"product","2":"type-product","3":"status-publish","4":"has-post-thumbnail","6":"product_cat-suplementos-para-aves","7":"product_cat-suplementos-para-palomas","9":"first","10":"instock","11":"shipping-taxable","12":"product-type-simple"},"_links":{"self":[{"href":"https:\/\/care4birds.bg\/es\/wp-json\/wp\/v2\/product\/11196","targetHints":{"allow":["GET"]}}],"collection":[{"href":"https:\/\/care4birds.bg\/es\/wp-json\/wp\/v2\/product"}],"about":[{"href":"https:\/\/care4birds.bg\/es\/wp-json\/wp\/v2\/types\/product"}],"wp:featuredmedia":[{"embeddable":true,"href":"https:\/\/care4birds.bg\/es\/wp-json\/wp\/v2\/media\/9479"}],"wp:attachment":[{"href":"https:\/\/care4birds.bg\/es\/wp-json\/wp\/v2\/media?parent=11196"}],"wp:term":[{"taxonomy":"product_cat","embeddable":true,"href":"https:\/\/care4birds.bg\/es\/wp-json\/wp\/v2\/product_cat?post=11196"},{"taxonomy":"product_tag","embeddable":true,"href":"https:\/\/care4birds.bg\/es\/wp-json\/wp\/v2\/product_tag?post=11196"}],"curies":[{"name":"wp","href":"https:\/\/api.w.org\/{rel}","templated":true}]}}