{"id":11206,"date":"2025-11-03T11:10:18","date_gmt":"2025-11-03T11:10:18","guid":{"rendered":"https:\/\/care4birds.bg\/product\/caresol\/"},"modified":"2026-03-31T10:00:20","modified_gmt":"2026-03-31T10:00:20","slug":"caresol","status":"publish","type":"product","link":"https:\/\/care4birds.bg\/es\/producto\/caresol\/","title":{"rendered":"Caresol"},"content":{"rendered":"<h6>Indicaci\u00f3n:<\/h6>\n<p> La combinaci\u00f3n \u00fanica de electrolitos y minerales (potasio, sodio, magnesio) basada en el portador de energ\u00eda glucosa ayuda a acelerar el proceso de recuperaci\u00f3n. Hidrata y apoya a las aves durante temperaturas extremas, transporte o exposiciones. Proporciona energ\u00eda y electrolitos para ayudar a las aves a recuperarse de enfermedades, estr\u00e9s y grandes esfuerzos. Aumenta el vigor y la vitalidad en aves en exposiciones o venta. La soluci\u00f3n preparada puede administrarse directamente en situaciones de emergencia para proporcionar energ\u00eda de acci\u00f3n r\u00e1pida. <\/p>\n<h6>Dosis y modo de uso:<\/h6>\n<div>\n<div>DOSIS TEMPORADA DE CR\u00cdA: para polluelos fuertes y en buen crecimiento: aprox. 25 ml en 1 litro de agua durante 5 d\u00edas consecutivos, comenzando cuando los polluelos tengan aproximadamente 1 semana.<\/div>\n<div>DOSIS TEMPORADA DE CARRERAS: 2-3 veces por semana 15 ml por 1 litro de agua.<\/div>\n<div>DESPU\u00c9S DE GRAN ESFUERZO (temporada de carreras): al regresar los palomas a casa, proporcione primero agua limpia y luego agregue CARESOL al agua de bebida. 15 ml (1\/2 tapa medidora) por litro de agua de bebida.<\/div>\n<\/p><\/div>\n<h6>Notas:<\/h6>\n<div>\n<div>\u2022 Agitar bien antes de usar.<\/div>\n<div>\u2022 Mantener fuera del alcance de los ni\u00f1os.<\/div>\n<div>\u2022 Solo para administraci\u00f3n oral en animales que no son para consumo humano.<\/div>\n<div>\u2022 Almacenar en lugar seco, alejado de la luz solar directa y entre 0-30 \u00b0C.<\/div>\n<div>\u2022 Mejor antes de: ver embalaje.<\/div>\n<div>\u2022 Contenido: 500 ml suplemento alimenticio para palomas<\/div>\n<\/p><\/div>\n","protected":false},"excerpt":{"rendered":"<p>Indicaci\u00f3n: La combinaci\u00f3n \u00fanica de electrolitos y minerales (potasio, sodio, magnesio) basada en el portador de energ\u00eda glucosa ayuda a acelerar el&hellip;<\/p>\n","protected":false},"featured_media":9487,"template":"","meta":[],"product_cat":[241,256],"product_tag":[],"class_list":{"0":"post-11206","1":"product","2":"type-product","3":"status-publish","4":"has-post-thumbnail","6":"product_cat-suplementos-para-aves","7":"product_cat-suplementos-para-palomas","9":"first","10":"instock","11":"shipping-taxable","12":"product-type-simple"},"_links":{"self":[{"href":"https:\/\/care4birds.bg\/es\/wp-json\/wp\/v2\/product\/11206","targetHints":{"allow":["GET"]}}],"collection":[{"href":"https:\/\/care4birds.bg\/es\/wp-json\/wp\/v2\/product"}],"about":[{"href":"https:\/\/care4birds.bg\/es\/wp-json\/wp\/v2\/types\/product"}],"wp:featuredmedia":[{"embeddable":true,"href":"https:\/\/care4birds.bg\/es\/wp-json\/wp\/v2\/media\/9487"}],"wp:attachment":[{"href":"https:\/\/care4birds.bg\/es\/wp-json\/wp\/v2\/media?parent=11206"}],"wp:term":[{"taxonomy":"product_cat","embeddable":true,"href":"https:\/\/care4birds.bg\/es\/wp-json\/wp\/v2\/product_cat?post=11206"},{"taxonomy":"product_tag","embeddable":true,"href":"https:\/\/care4birds.bg\/es\/wp-json\/wp\/v2\/product_tag?post=11206"}],"curies":[{"name":"wp","href":"https:\/\/api.w.org\/{rel}","templated":true}]}}