{"id":11225,"date":"2025-11-03T11:08:27","date_gmt":"2025-11-03T11:08:27","guid":{"rendered":"https:\/\/care4birds.bg\/product\/carechol\/"},"modified":"2026-04-01T07:31:13","modified_gmt":"2026-04-01T07:31:13","slug":"carechol","status":"publish","type":"product","link":"https:\/\/care4birds.bg\/es\/producto\/carechol\/","title":{"rendered":"Carechol"},"content":{"rendered":"<h6>Indicaci\u00f3n:<\/h6>\n<p>La metionina y la colina son amino\u00e1cidos azufrados esenciales que protegen el h\u00edgado y los ri\u00f1ones, combaten la degeneraci\u00f3n grasa del h\u00edgado y aseguran el transporte de grasas a las c\u00e9lulas, lo cual es esencial para el correcto funcionamiento del sistema nervioso. Contribuyen al crecimiento \u00f3ptimo de las palomas j\u00f3venes y tambi\u00e9n son muy importantes durante el per\u00edodo de muda. Todo ello hace que Carechol sea un producto que puede administrarse durante todo el a\u00f1o.<\/p>\n<h6>Dosificaci\u00f3n:<\/h6>\n<p>Durante la muda:<br \/>\n10 ml por 1 l de agua de bebida o por kg de alimento, dos veces por semana<\/p>\n<p>Durante la temporada de vuelo:<br \/>\n10 ml por 1 l de agua de bebida o por kg de alimento, una vez por semana<\/p>\n<p>Como tratamiento:<br \/>\n10 ml por 1 l de agua de bebida o por kg de alimento, durante 5 d\u00edas consecutivos<\/p>\n<h6>Envase:<\/h6>\n<p>1000 ml de l\u00edquido oral para el tratamiento de palomas y aves de jaula de 300 a 3000 gramos de peso vivo.<\/p>\n<h6>Composici\u00f3n:<\/h6>\n<p>Metionina: 1 % ; Colina: 15 % ; Glucosa: 60 % ; Ingredientes inactivos c.s.p. 100 %<\/p>\n","protected":false},"excerpt":{"rendered":"<p>Indicaci\u00f3n: La metionina y la colina son amino\u00e1cidos azufrados esenciales que protegen el h\u00edgado y los ri\u00f1ones, combaten la degeneraci\u00f3n grasa del&hellip;<\/p>\n","protected":false},"featured_media":9480,"template":"","meta":[],"product_cat":[241,256],"product_tag":[],"class_list":{"0":"post-11225","1":"product","2":"type-product","3":"status-publish","4":"has-post-thumbnail","6":"product_cat-suplementos-para-aves","7":"product_cat-suplementos-para-palomas","9":"first","10":"instock","11":"shipping-taxable","12":"product-type-simple"},"_links":{"self":[{"href":"https:\/\/care4birds.bg\/es\/wp-json\/wp\/v2\/product\/11225","targetHints":{"allow":["GET"]}}],"collection":[{"href":"https:\/\/care4birds.bg\/es\/wp-json\/wp\/v2\/product"}],"about":[{"href":"https:\/\/care4birds.bg\/es\/wp-json\/wp\/v2\/types\/product"}],"wp:featuredmedia":[{"embeddable":true,"href":"https:\/\/care4birds.bg\/es\/wp-json\/wp\/v2\/media\/9480"}],"wp:attachment":[{"href":"https:\/\/care4birds.bg\/es\/wp-json\/wp\/v2\/media?parent=11225"}],"wp:term":[{"taxonomy":"product_cat","embeddable":true,"href":"https:\/\/care4birds.bg\/es\/wp-json\/wp\/v2\/product_cat?post=11225"},{"taxonomy":"product_tag","embeddable":true,"href":"https:\/\/care4birds.bg\/es\/wp-json\/wp\/v2\/product_tag?post=11225"}],"curies":[{"name":"wp","href":"https:\/\/api.w.org\/{rel}","templated":true}]}}