{"id":11234,"date":"2025-11-03T11:07:01","date_gmt":"2025-11-03T11:07:01","guid":{"rendered":"https:\/\/care4birds.bg\/product\/caremin\/"},"modified":"2026-04-01T07:36:20","modified_gmt":"2026-04-01T07:36:20","slug":"caremin","status":"publish","type":"product","link":"https:\/\/care4birds.bg\/es\/producto\/caremin\/","title":{"rendered":"Caremin"},"content":{"rendered":"<h6>Indicaci\u00f3n:<\/h6>\n<p>CAREMIN contribuye a una buena salud y ayuda a fortalecer el sistema inmunol\u00f3gico en palomas j\u00f3venes y adultas. CAREMIN puede administrarse durante todo el a\u00f1o, pero es indispensable en periodos de alta exigencia como la cr\u00eda, la temporada de vuelo, la muda y despu\u00e9s de un tratamiento con antibi\u00f3ticos o vacunaci\u00f3n.<br \/>\nPuede administrarse en el agua de bebida o sobre el alimento.<\/p>\n<h6><b><\/b>Dosificaci\u00f3n<\/h6>\n<p>10 ml por 1 litro de agua de bebida o 15 ml por kilo de alimento. 2 veces por semana.<br \/>\n\u00a1Agitar antes de usar!<\/p>\n<h6>Envase<\/h6>\n<p>1000 ml de l\u00edquido oral para el tratamiento de palomas y aves de jaula de 300 a 3000 gramos de peso vivo<\/p>\n<p>Composition<b><\/b><i><\/i><u><\/u><br \/>\nVitamina A        6250.000 I.E.<br \/>\nVitamina D3      1250.000 I.E.<br \/>\nVitamina B1                375 mg<br \/>\nVitamina B 2               313 mg<br \/>\nVitamina B 6               500 mg<br \/>\nVitamina B        125.000   mcg<br \/>\nVitamina B 3             5.000 mg<br \/>\nVitamina C                5.000 mg<br \/>\nVitamina E                2.500 mg<br \/>\nVitamina K3                750 mg<br \/>\n\u00c1cido f\u00f3lico                     13 mg<br \/>\nCalciumpantothena1.625 mg<br \/>\nL-Arginina                 400 mg<br \/>\n\u00c1cido L-asp\u00e1rtico      1.800 mg<br \/>\nGlicina                      340 mg<br \/>\nLeucina                   1.700 mg<br \/>\nLisina                     1.560 mg<br \/>\nMetionina                 360 mg<br \/>\nTirosina                     520 mg<br \/>\nValina                        960 mg<br \/>\nIngredientes inactivos c.s.p. a 1.000 ml<\/p>\n<p>Mantener fuera del alcance de los ni\u00f1os.<br \/>\nSolo para uso oral en animales no destinados al consumo humano.<br \/>\nConservar en un lugar seco, protegido de la luz solar directa y entre 0 y 30\u02daC.<br \/>\nFecha de caducidad: ver envase.<\/p>\n","protected":false},"excerpt":{"rendered":"<p>Indicaci\u00f3n: CAREMIN contribuye a una buena salud y ayuda a fortalecer el sistema inmunol\u00f3gico en palomas j\u00f3venes y adultas. CAREMIN puede administrarse&hellip;<\/p>\n","protected":false},"featured_media":9482,"template":"","meta":[],"product_cat":[241,256],"product_tag":[],"class_list":{"0":"post-11234","1":"product","2":"type-product","3":"status-publish","4":"has-post-thumbnail","6":"product_cat-suplementos-para-aves","7":"product_cat-suplementos-para-palomas","9":"first","10":"instock","11":"shipping-taxable","12":"product-type-simple"},"_links":{"self":[{"href":"https:\/\/care4birds.bg\/es\/wp-json\/wp\/v2\/product\/11234","targetHints":{"allow":["GET"]}}],"collection":[{"href":"https:\/\/care4birds.bg\/es\/wp-json\/wp\/v2\/product"}],"about":[{"href":"https:\/\/care4birds.bg\/es\/wp-json\/wp\/v2\/types\/product"}],"wp:featuredmedia":[{"embeddable":true,"href":"https:\/\/care4birds.bg\/es\/wp-json\/wp\/v2\/media\/9482"}],"wp:attachment":[{"href":"https:\/\/care4birds.bg\/es\/wp-json\/wp\/v2\/media?parent=11234"}],"wp:term":[{"taxonomy":"product_cat","embeddable":true,"href":"https:\/\/care4birds.bg\/es\/wp-json\/wp\/v2\/product_cat?post=11234"},{"taxonomy":"product_tag","embeddable":true,"href":"https:\/\/care4birds.bg\/es\/wp-json\/wp\/v2\/product_tag?post=11234"}],"curies":[{"name":"wp","href":"https:\/\/api.w.org\/{rel}","templated":true}]}}