{"id":11259,"date":"2025-11-03T11:03:01","date_gmt":"2025-11-03T11:03:01","guid":{"rendered":"https:\/\/care4birds.bg\/product\/orni-super-mix\/"},"modified":"2026-04-01T07:44:57","modified_gmt":"2026-04-01T07:44:57","slug":"orni-super-mix","status":"publish","type":"product","link":"https:\/\/care4birds.bg\/es\/producto\/orni-super-mix\/","title":{"rendered":"Orni Super Mix"},"content":{"rendered":"<div>\n<h6>Indicaci\u00f3n:<\/h6>\n<p>Ornitosis, Micoplasmosis, problemas respiratorios y tricomoniasis.<\/p>\n<\/div>\n<h6>S\u00edntomas:<\/h6>\n<div>Arranque de plumas, rascado de la cabeza, garganta roja, bostezos, tercer p\u00e1rpado inflamado (especialmente en palomas j\u00f3venes), narices sucias, carne azulada, cabezas hinchadas, resfriado en un ojo, ojos h\u00famedos, mucosidad.<\/div>\n<h6>Dosificaci\u00f3n:<\/h6>\n<div><i>ORNI SUPER MIX POWDER<\/i><br \/>\nPrevenci\u00f3n: 1 cuchara medidora (=5g) por 2 litros de agua de bebida durante 1 o 2 d\u00edas cada 2 semanas,<\/div>\n<div>preferiblemente comenzando el d\u00eda despu\u00e9s de la carrera.<\/div>\n<div>Tratamiento: 1 cuchara medidora (=5g) por 2 litros de agua de bebida durante 5-7 d\u00edas consecutivos.<\/div>\n<div>Este tratamiento puede repetirse si es necesario despu\u00e9s de unos d\u00edas.<\/div>\n<div>\u00a1Mezclar bien antes de usar!<\/div>\n<div>Orni Super Mix es un polvo soluble en agua que tambi\u00e9n puede administrarse sobre el alimento.<\/div>\n<div>\n<p>Cuchara medidora de 1+5 g incluida.<\/p>\n<p><i>ORNI SUPER MIX TABS<\/i><br \/>\nPreventivo: 1 tableta por paloma (400-500 g de peso corporal) durante 1-2 d\u00edas consecutivos.<br \/>\nCurativo: 1 tableta por paloma (400-500 g de peso corporal) durante 3-5 d\u00edas consecutivos, o seg\u00fan prescripci\u00f3n veterinaria.<\/p>\n<\/div>\n<h6>Contiene:<\/h6>\n<p><i>ORNI SUPER MIX POWDER<\/i><br \/>\nDoxiciclina hiclato 6%, Espiramicina adipato 10%, Metronidazol 10%, Bromhexina HCl 2%, Ingredientes inactivos c.s.p. a 100 g.<\/p>\n<p><i>ORNI SUPER MIX TABS<\/i><br \/>\n<i>Doxiciclina hiclato <\/i><i>102 mg\/g; Espiramicina adipato <\/i><i>80 mg\/g; Metronidazol <\/i><i>100 mg\/g; Bromhexina HCl <\/i><i>20 mg\/g<\/i><\/p>\n","protected":false},"excerpt":{"rendered":"<p>Indicaci\u00f3n: Ornitosis, Micoplasmosis, problemas respiratorios y tricomoniasis. S\u00edntomas: Arranque de plumas, rascado de la cabeza, garganta roja, bostezos, tercer p\u00e1rpado inflamado (especialmente&hellip;<\/p>\n","protected":false},"featured_media":11260,"template":"","meta":[],"product_cat":[223],"product_tag":[],"class_list":{"0":"post-11259","1":"product","2":"type-product","3":"status-publish","4":"has-post-thumbnail","6":"product_cat-medicamentos-para-palomas","8":"first","9":"instock","10":"shipping-taxable","11":"product-type-simple"},"_links":{"self":[{"href":"https:\/\/care4birds.bg\/es\/wp-json\/wp\/v2\/product\/11259","targetHints":{"allow":["GET"]}}],"collection":[{"href":"https:\/\/care4birds.bg\/es\/wp-json\/wp\/v2\/product"}],"about":[{"href":"https:\/\/care4birds.bg\/es\/wp-json\/wp\/v2\/types\/product"}],"wp:featuredmedia":[{"embeddable":true,"href":"https:\/\/care4birds.bg\/es\/wp-json\/wp\/v2\/media\/11260"}],"wp:attachment":[{"href":"https:\/\/care4birds.bg\/es\/wp-json\/wp\/v2\/media?parent=11259"}],"wp:term":[{"taxonomy":"product_cat","embeddable":true,"href":"https:\/\/care4birds.bg\/es\/wp-json\/wp\/v2\/product_cat?post=11259"},{"taxonomy":"product_tag","embeddable":true,"href":"https:\/\/care4birds.bg\/es\/wp-json\/wp\/v2\/product_tag?post=11259"}],"curies":[{"name":"wp","href":"https:\/\/api.w.org\/{rel}","templated":true}]}}