{"id":11276,"date":"2025-11-03T11:00:43","date_gmt":"2025-11-03T11:00:43","guid":{"rendered":"https:\/\/care4birds.bg\/product\/respiratory-broncho-mix\/"},"modified":"2026-04-01T07:50:11","modified_gmt":"2026-04-01T07:50:11","slug":"respiratory-broncho-mix","status":"publish","type":"product","link":"https:\/\/care4birds.bg\/es\/producto\/respiratory-broncho-mix\/","title":{"rendered":"Respiratory Broncho Mix"},"content":{"rendered":"<div>\n<h6>Indicaci\u00f3n:<\/h6>\n<\/div>\n<div>El sistema respiratorio puede ser infectado por Clamidia, Micoplasma, bacterias (especialmente E. coli), hongos y virus. Por eso esta mezcla contiene varios ingredientes activos.<\/div>\n<h6>S\u00edntomas:<\/h6>\n<div>Estornudos, disminuci\u00f3n del vuelo en el palomar, p\u00e9rdidas en carrera, secreci\u00f3n ocular y nasal, cera y senos inflamados, estiramiento del cuello y degluci\u00f3n, bostezos, heces verdes viscosas.<\/div>\n<h6>Dosificaci\u00f3n:<\/h6>\n<div><i>RESPIRATORY BRONCHO MIX POWDER<\/i><\/div>\n<div>Prevenci\u00f3n: 1 cuchara medidora (=5g) por 2 litros de agua de bebida durante 1 o 2 d\u00edas cada 2 semanas,<\/div>\n<div>preferiblemente comenzando el d\u00eda despu\u00e9s de la carrera.<\/div>\n<div>Tratamiento: 1 cuchara medidora (=5g) por 2 litros de agua de bebida durante 5-7 d\u00edas consecutivos.<\/div>\n<div>Este tratamiento puede repetirse si es necesario despu\u00e9s de unos d\u00edas.<\/div>\n<div>\u00a1Mezclar bien antes de usar!<\/div>\n<div>Respiratory Broncho Mix es un polvo soluble en agua que tambi\u00e9n puede administrarse sobre el alimento.<\/div>\n<div>\n<p>Cuchara medidora de 1+5 g incluida.<\/p>\n<p><i>RESPIRATORY BRONCHO TABS<\/i><\/p>\n<\/div>\n<p>Preventivo: 1 tableta por paloma (400-500 g de peso corporal) durante 1-2 d\u00edas.<br \/>\nCurativo: 1 tableta por paloma (400-500 g de peso corporal) durante 3-5 d\u00edas o seg\u00fan prescripci\u00f3n veterinaria.<\/p>\n<h6>Contiene:<\/h6>\n<p><i>RESPIRATORY BRONCHO MIX POWDER<\/i><br \/>\nEritromicina Thioc 3.5%, Neomicina sulfato 1.0%, Estreptomicina sulfato 3.5%, Futaltadona HCl 6.0%, Oxitetraciclina HCl 5.0%, Vitaminas,<br \/>\nIngredientes inactivos c.s.p. a 100 g.<\/p>\n<p><i>RESPIRATORY BRONCHO TABS<\/i><br \/>\nLincomicina 250 mg\/g ; Espectinomicina 75 mg\/g<\/p>\n","protected":false},"excerpt":{"rendered":"<p>Indicaci\u00f3n: El sistema respiratorio puede ser infectado por Clamidia, Micoplasma, bacterias (especialmente E. coli), hongos y virus. Por eso esta mezcla contiene&hellip;<\/p>\n","protected":false},"featured_media":11277,"template":"","meta":[],"product_cat":[223],"product_tag":[],"class_list":{"0":"post-11276","1":"product","2":"type-product","3":"status-publish","4":"has-post-thumbnail","6":"product_cat-medicamentos-para-palomas","8":"first","9":"instock","10":"shipping-taxable","11":"product-type-simple"},"_links":{"self":[{"href":"https:\/\/care4birds.bg\/es\/wp-json\/wp\/v2\/product\/11276","targetHints":{"allow":["GET"]}}],"collection":[{"href":"https:\/\/care4birds.bg\/es\/wp-json\/wp\/v2\/product"}],"about":[{"href":"https:\/\/care4birds.bg\/es\/wp-json\/wp\/v2\/types\/product"}],"wp:featuredmedia":[{"embeddable":true,"href":"https:\/\/care4birds.bg\/es\/wp-json\/wp\/v2\/media\/11277"}],"wp:attachment":[{"href":"https:\/\/care4birds.bg\/es\/wp-json\/wp\/v2\/media?parent=11276"}],"wp:term":[{"taxonomy":"product_cat","embeddable":true,"href":"https:\/\/care4birds.bg\/es\/wp-json\/wp\/v2\/product_cat?post=11276"},{"taxonomy":"product_tag","embeddable":true,"href":"https:\/\/care4birds.bg\/es\/wp-json\/wp\/v2\/product_tag?post=11276"}],"curies":[{"name":"wp","href":"https:\/\/api.w.org\/{rel}","templated":true}]}}