{"id":11293,"date":"2025-11-03T11:00:07","date_gmt":"2025-11-03T11:00:07","guid":{"rendered":"https:\/\/care4birds.bg\/product\/worm-care\/"},"modified":"2026-04-01T07:57:32","modified_gmt":"2026-04-01T07:57:32","slug":"worm-care","status":"publish","type":"product","link":"https:\/\/care4birds.bg\/es\/producto\/worm-care\/","title":{"rendered":"Worm Care"},"content":{"rendered":"<div>\n<h6>Indicaci\u00f3n:<\/h6>\n<p>Infestaciones de gusanos capilares y redondos en palomas<br \/>\n(Capilarias spp y Ascaridia spp)<\/p>\n<\/div>\n<h6>S\u00edntomas:<\/h6>\n<div>Las aves pierden peso. Las palomas fuertemente infestadas muestran un estado general deteriorado, apat\u00eda, plumaje opaco y erizado y heces de consistencia variable.<\/div>\n<h6>Dosificaci\u00f3n:<\/h6>\n<div><i>WORM CARE POWDER<\/i><br \/>\n5 g por 2 L de agua de bebida (40 palomas), durante 1 o 2 d\u00edas. No desparasitar a las palomas mientras est\u00e9n criando o durante la muda principal. Repetir el tratamiento despu\u00e9s de 10-12 d\u00edas.<br \/>\nWorm Care es un polvo soluble en agua que tambi\u00e9n puede administrarse sobre el alimento.<\/div>\n<div><i>WORM CARE TABS<\/i><br \/>\n1 tableta por paloma (400-500 g de peso corporal) durante 1 d\u00eda. Repetir el tratamiento despu\u00e9s de 10-12 d\u00edas.<\/div>\n<h6>Contiene:<\/h6>\n<p><i>WORM CARE POWDER<\/i><br \/>\nLevamisol HCl 16%, Ingredientes inactivos c.s.p. a 100 g.<\/p>\n<p><i>WORM CARE TABS<\/i><br \/>\nFlubendazol 66,7 mg\/g<\/p>\n","protected":false},"excerpt":{"rendered":"<p>Indicaci\u00f3n: Infestaciones de gusanos capilares y redondos en palomas (Capilarias spp y Ascaridia spp) S\u00edntomas: Las aves pierden peso. Las palomas fuertemente&hellip;<\/p>\n","protected":false},"featured_media":11294,"template":"","meta":[],"product_cat":[223],"product_tag":[],"class_list":{"0":"post-11293","1":"product","2":"type-product","3":"status-publish","4":"has-post-thumbnail","6":"product_cat-medicamentos-para-palomas","8":"first","9":"instock","10":"shipping-taxable","11":"product-type-simple"},"_links":{"self":[{"href":"https:\/\/care4birds.bg\/es\/wp-json\/wp\/v2\/product\/11293","targetHints":{"allow":["GET"]}}],"collection":[{"href":"https:\/\/care4birds.bg\/es\/wp-json\/wp\/v2\/product"}],"about":[{"href":"https:\/\/care4birds.bg\/es\/wp-json\/wp\/v2\/types\/product"}],"wp:featuredmedia":[{"embeddable":true,"href":"https:\/\/care4birds.bg\/es\/wp-json\/wp\/v2\/media\/11294"}],"wp:attachment":[{"href":"https:\/\/care4birds.bg\/es\/wp-json\/wp\/v2\/media?parent=11293"}],"wp:term":[{"taxonomy":"product_cat","embeddable":true,"href":"https:\/\/care4birds.bg\/es\/wp-json\/wp\/v2\/product_cat?post=11293"},{"taxonomy":"product_tag","embeddable":true,"href":"https:\/\/care4birds.bg\/es\/wp-json\/wp\/v2\/product_tag?post=11293"}],"curies":[{"name":"wp","href":"https:\/\/api.w.org\/{rel}","templated":true}]}}