{"id":11310,"date":"2025-11-03T10:59:27","date_gmt":"2025-11-03T10:59:27","guid":{"rendered":"https:\/\/care4birds.bg\/product\/ronidazole\/"},"modified":"2026-03-31T10:00:03","modified_gmt":"2026-03-31T10:00:03","slug":"ronidazole","status":"publish","type":"product","link":"https:\/\/care4birds.bg\/es\/producto\/ronidazole\/","title":{"rendered":"Ronidazole"},"content":{"rendered":"<div>\n<h6>Indicaci\u00f3n:<\/h6>\n<p>Canker (Tricomoniasis, Hexamitiasis). Ronidazol 10% es un producto especialmente eficaz contra las infecciones causadas por tricomonas y hexamitas en palomas. Durante la temporada de carreras son necesarios tratamientos regulares. Las aves j\u00f3venes con infecciones intestinales graves causadas por hexamitas son m\u00e1s susceptibles a la infecci\u00f3n por E-coli. El margen de seguridad es considerable, incluso para aves j\u00f3venes.\n<\/p><\/div>\n<h6>S\u00edntomas:<\/h6>\n<div>P\u00e9rdida de condici\u00f3n, mala digesti\u00f3n, heces anormales, inflamaci\u00f3n de la mucosa del buche, complicaciones con ornitosis, peque\u00f1as \u00e1reas blancas o amarillentas en la cavidad bucal<\/div>\n<h6>Dosificaci\u00f3n:<\/h6>\n<div><i>POLVO RONIDAZOL 10%<\/i><br \/>\nPrevenci\u00f3n: 2 cucharas medidoras (=2g) \/ 1 litro de agua durante 1-2 d\u00edas cada 2 semanas,<\/div>\n<div>preferiblemente despu\u00e9s de la carrera.<\/div>\n<div>Tratamiento durante la temporada de carreras: 2 cucharas medidoras (=2g) \/ 1 litro de agua durante<\/div>\n<div>5-7 d\u00edas consecutivos. Puede repetirse si es necesario. \u00a1Mezclar bien antes de usar!<\/div>\n<div>Ronidazol es un polvo soluble en agua y tambi\u00e9n puede administrarse con el alimento.<\/div>\n<div>\nCuchara dosificadora incluida.<\/p>\n<p><i>TABLETAS RONI 15%<\/i><br \/>\nPreventivo: 1 tableta por paloma (400-500 g) durante 1-2 d\u00edas.<br \/>\nCurativo: 1 tableta por paloma (400-500 g) durante 3-5 d\u00edas o seg\u00fan veterinario.\n<\/div>\n<h6>Composici\u00f3n:<\/h6>\n<div><i>POLVO RONIDAZOL 10%<\/i><br \/>\nRonidazol 10%, excipientes hasta 100 g.<i>TABLETAS RONI 15%<\/i><br \/>\nRonidazol 150 mg\/g\n<\/div>\n","protected":false},"excerpt":{"rendered":"<p>Indicaci\u00f3n: Canker (Tricomoniasis, Hexamitiasis). Ronidazol 10% es un producto especialmente eficaz contra las infecciones causadas por tricomonas y hexamitas en palomas. Durante&hellip;<\/p>\n","protected":false},"featured_media":4735,"template":"","meta":[],"product_cat":[223],"product_tag":[],"class_list":{"0":"post-11310","1":"product","2":"type-product","3":"status-publish","4":"has-post-thumbnail","6":"product_cat-medicamentos-para-palomas","8":"first","9":"instock","10":"shipping-taxable","11":"product-type-simple"},"_links":{"self":[{"href":"https:\/\/care4birds.bg\/es\/wp-json\/wp\/v2\/product\/11310","targetHints":{"allow":["GET"]}}],"collection":[{"href":"https:\/\/care4birds.bg\/es\/wp-json\/wp\/v2\/product"}],"about":[{"href":"https:\/\/care4birds.bg\/es\/wp-json\/wp\/v2\/types\/product"}],"wp:featuredmedia":[{"embeddable":true,"href":"https:\/\/care4birds.bg\/es\/wp-json\/wp\/v2\/media\/4735"}],"wp:attachment":[{"href":"https:\/\/care4birds.bg\/es\/wp-json\/wp\/v2\/media?parent=11310"}],"wp:term":[{"taxonomy":"product_cat","embeddable":true,"href":"https:\/\/care4birds.bg\/es\/wp-json\/wp\/v2\/product_cat?post=11310"},{"taxonomy":"product_tag","embeddable":true,"href":"https:\/\/care4birds.bg\/es\/wp-json\/wp\/v2\/product_tag?post=11310"}],"curies":[{"name":"wp","href":"https:\/\/api.w.org\/{rel}","templated":true}]}}