{"id":11327,"date":"2025-11-03T10:58:02","date_gmt":"2025-11-03T10:58:02","guid":{"rendered":"https:\/\/care4birds.bg\/product\/caremycin\/"},"modified":"2026-03-31T09:55:35","modified_gmt":"2026-03-31T09:55:35","slug":"caremycin","status":"publish","type":"product","link":"https:\/\/care4birds.bg\/es\/producto\/caremycin\/","title":{"rendered":"Caremycin"},"content":{"rendered":"<h6>Indicaci\u00f3n:<\/h6>\n<p>Salmonelosis (Paratifo), E-coli, infecciones bacterianas en general<\/p>\n<h6>Dosificaci\u00f3n<\/h6>\n<p>Prevenci\u00f3n: 5 g de Caremycin en 5 litros de agua de bebida o 1 sobre en 25 litros de agua de bebida durante 4-5 d\u00edas consecutivos.<\/p>\n<p>Tratamiento: 5 g de Caremycin en 2,5 litros de agua de bebida o 1 sobre en 12,5 litros de agua de bebida durante 4-5 d\u00edas consecutivos. Durante la temporada de carreras: d\u00eda de regreso: 5 g de Cefamycin en 2,5 litros de agua de bebida o 1 sobre en 12,5 litros de agua de bebida durante 1-2 d\u00edas consecutivos.<\/p>\n<p>&nbsp;<\/p>\n<h6>Interacciones: no conocidas<\/h6>\n<h6>Contraindicaciones: administraci\u00f3n con bromhexina y sobredosis<\/h6>\n<h6>Consejos de uso:<\/h6>\n<ul>\n<li>Poner los animales enfermos en cuarentena<\/li>\n<li>Tratar todos los animales, no solo los enfermos.<\/li>\n<li>Mezclar la dosis recomendada en el agua de bebida<\/li>\n<li>Asegurarse de que no haya otra agua disponible durante el tratamiento<\/li>\n<li>Despu\u00e9s del tratamiento, administrar Care 4 Birds MULTIVIT MIX (el d\u00eda despu\u00e9s del \u00faltimo d\u00eda de tratamiento)<\/li>\n<li>Desinfectar los palomares con Care 4 Birds LOFT CLEANER<\/li>\n<li>No administrar el d\u00eda del env\u00edo.<\/li>\n<li>En caso de duda o problemas persistentes, consultar a un experto<\/li>\n<\/ul>\n<h6>NOTAS: LEER LAS INSTRUCCIONES ANTES DE USAR.<\/h6>\n<ul>\n<li>Contiene 25 g de medicamento veterinario para aves<\/li>\n<li>Almacenar en lugar seco, fuera de la luz solar directa, entre 0-30 \u00b0C<\/li>\n<li>Tiempo de almacenamiento limitado una vez abierto<\/li>\n<li>Mantener fuera del alcance de los ni\u00f1os.<\/li>\n<li>Solo para tratamiento animal. No para animales destinados a la producci\u00f3n de alimentos para consumo humano<\/li>\n<li>Evitar el contacto del medicamento con las manos<\/li>\n<li>El medicamento veterinario se comercializa de acuerdo con el esquema de exenci\u00f3n para peque\u00f1os animales<\/li>\n<\/ul>\n<h6>Contiene por 25 g:<\/h6>\n<p>Clortetraciclina HCl 3.125 g ; Furaltadona HCl 3.125 g ; Cloranfenicol 2.000 g<\/p>\n","protected":false},"excerpt":{"rendered":"<p>Indicaci\u00f3n: Salmonelosis (Paratifo), E-coli, infecciones bacterianas en general Dosificaci\u00f3n Prevenci\u00f3n: 5 g de Caremycin en 5 litros de agua de bebida o&hellip;<\/p>\n","protected":false},"featured_media":11328,"template":"","meta":[],"product_cat":[223],"product_tag":[],"class_list":{"0":"post-11327","1":"product","2":"type-product","3":"status-publish","4":"has-post-thumbnail","6":"product_cat-medicamentos-para-palomas","8":"first","9":"instock","10":"shipping-taxable","11":"product-type-simple"},"_links":{"self":[{"href":"https:\/\/care4birds.bg\/es\/wp-json\/wp\/v2\/product\/11327","targetHints":{"allow":["GET"]}}],"collection":[{"href":"https:\/\/care4birds.bg\/es\/wp-json\/wp\/v2\/product"}],"about":[{"href":"https:\/\/care4birds.bg\/es\/wp-json\/wp\/v2\/types\/product"}],"wp:featuredmedia":[{"embeddable":true,"href":"https:\/\/care4birds.bg\/es\/wp-json\/wp\/v2\/media\/11328"}],"wp:attachment":[{"href":"https:\/\/care4birds.bg\/es\/wp-json\/wp\/v2\/media?parent=11327"}],"wp:term":[{"taxonomy":"product_cat","embeddable":true,"href":"https:\/\/care4birds.bg\/es\/wp-json\/wp\/v2\/product_cat?post=11327"},{"taxonomy":"product_tag","embeddable":true,"href":"https:\/\/care4birds.bg\/es\/wp-json\/wp\/v2\/product_tag?post=11327"}],"curies":[{"name":"wp","href":"https:\/\/api.w.org\/{rel}","templated":true}]}}