{"id":11362,"date":"2025-11-03T10:55:55","date_gmt":"2025-11-03T10:55:55","guid":{"rendered":"https:\/\/care4birds.bg\/product\/fungi-stop\/"},"modified":"2026-03-31T09:32:07","modified_gmt":"2026-03-31T09:32:07","slug":"fungi-stop","status":"publish","type":"product","link":"https:\/\/care4birds.bg\/es\/producto\/fungi-stop\/","title":{"rendered":"Fungi Stop"},"content":{"rendered":"<div>\n<h6>Indicaci\u00f3n:<\/h6>\n<p>Para los colomb\u00f3filos es importante saber que algunos tipos de hongos crecen en el grano. La mala higiene tambi\u00e9n puede propagar levaduras. La mayor\u00eda de las aves sanas no se ven afectadas, pero las aves viejas, enfermas o estresadas suelen desarrollar infecciones por levaduras. Estas infecciones secundarias ejercen presi\u00f3n sobre el sistema inmunol\u00f3gico ya debilitado e interfieren con el proceso de curaci\u00f3n.\n<\/p><\/div>\n<h6>S\u00edntomas:<\/h6>\n<div>Plumas erizadas, poco apetito, v\u00f3mitos, buche hinchado, dificultades respiratorias, frecuentemente combinado con diarrea<\/div>\n<h6>Dosificaci\u00f3n:<\/h6>\n<div><i>POLVO FUNGI STOP<\/i><br \/>\nDosis en alimento: aves en general: 5 g \/ 500 g de alimento, dos veces al d\u00eda, 5 a 7 d\u00edas.<\/div>\n<div>Dosis en agua: aves en general: 5 g \/ 1 L de agua de bebida, dos veces al d\u00eda, 5 a 7 d\u00edas.<\/div>\n<div>\u00a1Mezclar bien antes de usar!<\/div>\n<div>Para prevenci\u00f3n administre \u00e1cido c\u00edtrico 5 ml por 1 litro de agua diariamente.<\/div>\n<div>\nCuchara dosificadora incluida.<\/p>\n<p><i>TABLETAS FUNGI STOP<\/i><br \/>\nCurativo: 1 tableta por paloma (400-500 g) durante 3-5 d\u00edas o seg\u00fan el veterinario.\n<\/div>\n<h6>Composici\u00f3n:<\/h6>\n<p><i>POLVO FUNGI STOP<\/i><br \/>\n200.000 UI Nistatina por gramo. Excipientes c.s. hasta 100 g.<\/p>\n<p><i>TABLETAS FUNGI STOP<\/i><br \/>\nKetoconazol 75 mg\/g<\/p>\n","protected":false},"excerpt":{"rendered":"<p>Indicaci\u00f3n: Para los colomb\u00f3filos es importante saber que algunos tipos de hongos crecen en el grano. La mala higiene tambi\u00e9n puede propagar&hellip;<\/p>\n","protected":false},"featured_media":11363,"template":"","meta":[],"product_cat":[223],"product_tag":[],"class_list":{"0":"post-11362","1":"product","2":"type-product","3":"status-publish","4":"has-post-thumbnail","6":"product_cat-medicamentos-para-palomas","8":"first","9":"instock","10":"shipping-taxable","11":"product-type-simple"},"_links":{"self":[{"href":"https:\/\/care4birds.bg\/es\/wp-json\/wp\/v2\/product\/11362","targetHints":{"allow":["GET"]}}],"collection":[{"href":"https:\/\/care4birds.bg\/es\/wp-json\/wp\/v2\/product"}],"about":[{"href":"https:\/\/care4birds.bg\/es\/wp-json\/wp\/v2\/types\/product"}],"wp:featuredmedia":[{"embeddable":true,"href":"https:\/\/care4birds.bg\/es\/wp-json\/wp\/v2\/media\/11363"}],"wp:attachment":[{"href":"https:\/\/care4birds.bg\/es\/wp-json\/wp\/v2\/media?parent=11362"}],"wp:term":[{"taxonomy":"product_cat","embeddable":true,"href":"https:\/\/care4birds.bg\/es\/wp-json\/wp\/v2\/product_cat?post=11362"},{"taxonomy":"product_tag","embeddable":true,"href":"https:\/\/care4birds.bg\/es\/wp-json\/wp\/v2\/product_tag?post=11362"}],"curies":[{"name":"wp","href":"https:\/\/api.w.org\/{rel}","templated":true}]}}