{"id":11379,"date":"2025-11-03T10:54:21","date_gmt":"2025-11-03T10:54:21","guid":{"rendered":"https:\/\/care4birds.bg\/product\/combi-mix\/"},"modified":"2026-03-31T09:03:12","modified_gmt":"2026-03-31T09:03:12","slug":"combi-mix","status":"publish","type":"product","link":"https:\/\/care4birds.bg\/es\/producto\/combi-mix\/","title":{"rendered":"Combi Mix"},"content":{"rendered":"<div>\n<h6>Indicaci\u00f3n:<\/h6>\n<p>Combi mix 4 in 1 es muy adecuado para el tratamiento de tricomonas, hexamitas, coccidiosis y mucosidad en la garganta. Durante la temporada de carreras es importante que las aves est\u00e9n en \u00f3ptimas condiciones para rendir bien. Puede administrarse tanto de forma preventiva como curativa.\n<\/p><\/div>\n<h6>S\u00edntomas:<\/h6>\n<div>Falta de condici\u00f3n, digesti\u00f3n alterada, heces l\u00edquidas. La garganta presenta m\u00e1s mucosidad de lo normal, color rojizo, zonas blancas o amarillas en la boca, problemas respiratorios.<\/div>\n<h6>Dosificaci\u00f3n:<\/h6>\n<div><i>POLVO COMBI MIX 4 EN 1<\/i><br \/>\nPrevenci\u00f3n: 1 cucharada (=5g) en 2 litros de agua durante 1-2 d\u00edas cada 2 semanas, preferiblemente despu\u00e9s de la carrera. \u00a1Mezclar bien antes de usar!<\/div>\n<div>Tratamiento: 1 cucharada (=5g) en 2 litros de agua durante 5-7 d\u00edas.<\/div>\n<div>Puede repetirse si es necesario.<\/div>\n<div>Polvo soluble en agua que tambi\u00e9n puede administrarse con el alimento.<\/div>\n<div>\nCuchara dosificadora incluida.<\/p>\n<p><i>TABLETAS COMBI<\/i><br \/>\nPreventivo: 1 tableta por paloma (400-500 g) durante 1-2 d\u00edas.<br \/>\nCurativo: 1 tableta por paloma (400-500 g) durante 3-5 d\u00edas o seg\u00fan veterinario.\n<\/div>\n<h6>Composici\u00f3n:<\/h6>\n<p><i>POLVO COMBI MIX:<\/i><br \/>\nAmprolio 10%, Secnidazol 15%, excipientes hasta 100 g.<\/p>\n<p><i>TABLETAS COMBI<\/i><br \/>\nAmprolio HCl 96 mg\/g; Dimetridazol HCl 50 mg\/g<\/p>\n","protected":false},"excerpt":{"rendered":"<p>Indicaci\u00f3n: Combi mix 4 in 1 es muy adecuado para el tratamiento de tricomonas, hexamitas, coccidiosis y mucosidad en la garganta. Durante&hellip;<\/p>\n","protected":false},"featured_media":11380,"template":"","meta":[],"product_cat":[223],"product_tag":[],"class_list":{"0":"post-11379","1":"product","2":"type-product","3":"status-publish","4":"has-post-thumbnail","6":"product_cat-medicamentos-para-palomas","8":"first","9":"instock","10":"shipping-taxable","11":"product-type-simple"},"_links":{"self":[{"href":"https:\/\/care4birds.bg\/es\/wp-json\/wp\/v2\/product\/11379","targetHints":{"allow":["GET"]}}],"collection":[{"href":"https:\/\/care4birds.bg\/es\/wp-json\/wp\/v2\/product"}],"about":[{"href":"https:\/\/care4birds.bg\/es\/wp-json\/wp\/v2\/types\/product"}],"wp:featuredmedia":[{"embeddable":true,"href":"https:\/\/care4birds.bg\/es\/wp-json\/wp\/v2\/media\/11380"}],"wp:attachment":[{"href":"https:\/\/care4birds.bg\/es\/wp-json\/wp\/v2\/media?parent=11379"}],"wp:term":[{"taxonomy":"product_cat","embeddable":true,"href":"https:\/\/care4birds.bg\/es\/wp-json\/wp\/v2\/product_cat?post=11379"},{"taxonomy":"product_tag","embeddable":true,"href":"https:\/\/care4birds.bg\/es\/wp-json\/wp\/v2\/product_tag?post=11379"}],"curies":[{"name":"wp","href":"https:\/\/api.w.org\/{rel}","templated":true}]}}