{"id":11396,"date":"2025-11-03T10:52:56","date_gmt":"2025-11-03T10:52:56","guid":{"rendered":"https:\/\/care4birds.bg\/product\/intestinal\/"},"modified":"2026-03-30T09:36:27","modified_gmt":"2026-03-30T09:36:27","slug":"intestinal","status":"publish","type":"product","link":"https:\/\/care4birds.bg\/es\/producto\/intestinal\/","title":{"rendered":"Intestinal"},"content":{"rendered":"<div>\n<h6>Indicaci\u00f3n:<\/h6>\n<p>S\u00edndrome Adeno-Coli, Coccidiosis, Canker e infecciones bacterianas en general. Esta mezcla contiene una combinaci\u00f3n de componentes activos eficaces contra el s\u00edndrome Adeno\/E-coli y la Coccidiosis. El s\u00edndrome Adeno\/E-coli es un problema en palomas j\u00f3venes y puede ser muy perjudicial. El tratamiento temprano es importante.\n<\/p><\/div>\n<h6>S\u00edntomas:<\/h6>\n<div>P\u00e9rdida de peso y estado general, v\u00f3mitos, heces mucosas y verdes, muerte.<\/div>\n<h6>Dosificaci\u00f3n:<\/h6>\n<div><i>POLVO INTESTINAL<\/i><br \/>\nPrevenci\u00f3n: 1 cucharada medidora (=5g) en 2 litros de agua de bebida durante 1 o 2 d\u00edas cada 2 semanas,<\/div>\n<div>preferiblemente despu\u00e9s de la carrera.<\/div>\n<div>Tratamiento: 1 cucharada medidora (=5g) en 2 litros de agua durante 5-7 d\u00edas consecutivos.<\/div>\n<div>\u00a1Agitar bien antes de usar!<\/div>\n<div>El tratamiento puede repetirse si es necesario despu\u00e9s de unos d\u00edas.<\/div>\n<div>Es un polvo soluble en agua que tambi\u00e9n puede administrarse con el alimento.<\/div>\n<div>\nCucharada medidora 1+5 g incluida.<\/p>\n<p><i>TABLETAS INTESTINALES<\/i><br \/>\nPreventivo: 1 tableta por paloma (400-500 g) durante 1-2 d\u00edas consecutivos.<br \/>\nCurativo: 1 tableta por paloma (400-500 g) durante 3-5 d\u00edas o seg\u00fan el veterinario.\n<\/div>\n<h6>Composici\u00f3n:<\/h6>\n<p><i>POLVO INTESTINAL<\/i><br \/>\nTrimetoprim 2,5%, Sulfadiazina s\u00f3dica 12,5%, Furaltadona HCl 5%, Ronidazol 5%, excipientes c.s. a 100 g.<\/p>\n<p><i>TABLETAS INTESTINALES<\/i><br \/>\nTrimetoprim 37,5 mg\/g; Sulfametoxazol 187,5 mg\/g<\/p>\n","protected":false},"excerpt":{"rendered":"<p>Indicaci\u00f3n: S\u00edndrome Adeno-Coli, Coccidiosis, Canker e infecciones bacterianas en general. Esta mezcla contiene una combinaci\u00f3n de componentes activos eficaces contra el s\u00edndrome&hellip;<\/p>\n","protected":false},"featured_media":11397,"template":"","meta":[],"product_cat":[223],"product_tag":[],"class_list":{"0":"post-11396","1":"product","2":"type-product","3":"status-publish","4":"has-post-thumbnail","6":"product_cat-medicamentos-para-palomas","8":"first","9":"instock","10":"shipping-taxable","11":"product-type-simple"},"_links":{"self":[{"href":"https:\/\/care4birds.bg\/es\/wp-json\/wp\/v2\/product\/11396","targetHints":{"allow":["GET"]}}],"collection":[{"href":"https:\/\/care4birds.bg\/es\/wp-json\/wp\/v2\/product"}],"about":[{"href":"https:\/\/care4birds.bg\/es\/wp-json\/wp\/v2\/types\/product"}],"wp:featuredmedia":[{"embeddable":true,"href":"https:\/\/care4birds.bg\/es\/wp-json\/wp\/v2\/media\/11397"}],"wp:attachment":[{"href":"https:\/\/care4birds.bg\/es\/wp-json\/wp\/v2\/media?parent=11396"}],"wp:term":[{"taxonomy":"product_cat","embeddable":true,"href":"https:\/\/care4birds.bg\/es\/wp-json\/wp\/v2\/product_cat?post=11396"},{"taxonomy":"product_tag","embeddable":true,"href":"https:\/\/care4birds.bg\/es\/wp-json\/wp\/v2\/product_tag?post=11396"}],"curies":[{"name":"wp","href":"https:\/\/api.w.org\/{rel}","templated":true}]}}