{"id":11413,"date":"2025-11-03T10:52:08","date_gmt":"2025-11-03T10:52:08","guid":{"rendered":"https:\/\/care4birds.bg\/product\/eye-drops\/"},"modified":"2026-03-30T09:26:51","modified_gmt":"2026-03-30T09:26:51","slug":"eye-drops","status":"publish","type":"product","link":"https:\/\/care4birds.bg\/es\/producto\/eye-drops\/","title":{"rendered":"Eye drops"},"content":{"rendered":"<div>\n<h6>Indicaciones<\/h6>\n<\/div>\n<div>Todo tipo de infecciones; enfermedades de ojos u o\u00eddos causadas por bacterias grampositivas y gramnegativas<\/div>\n<h6>Dosificaci\u00f3n<\/h6>\n<div>1-2 gotas o seg\u00fan prescripci\u00f3n veterinaria<\/div>\n<h6>Tratamiento<\/h6>\n<div>\n1-2 veces al d\u00eda hasta mejor\u00eda, o seg\u00fan prescripci\u00f3n veterinaria\n<\/div>\n<div><b>EL PRODUCTO CONTIENE ESTEROIDES.<\/b><\/div>\n<h6>F\u00f3rmula<\/h6>\n<div>contiene: Fosfato de prednisolona s\u00f3dica 55 mg\/g, Sulfato de neomicina 50 mg\/g<\/div>\n<h6>Contenido<\/h6>\n<div>10 ml de medicamento veterinario para aves<\/div>\n","protected":false},"excerpt":{"rendered":"<p>Indicaciones Todo tipo de infecciones; enfermedades de ojos u o\u00eddos causadas por bacterias grampositivas y gramnegativas Dosificaci\u00f3n 1-2 gotas o seg\u00fan prescripci\u00f3n&hellip;<\/p>\n","protected":false},"featured_media":11414,"template":"","meta":[],"product_cat":[223],"product_tag":[],"class_list":{"0":"post-11413","1":"product","2":"type-product","3":"status-publish","4":"has-post-thumbnail","6":"product_cat-medicamentos-para-palomas","8":"first","9":"instock","10":"shipping-taxable","11":"product-type-simple"},"_links":{"self":[{"href":"https:\/\/care4birds.bg\/es\/wp-json\/wp\/v2\/product\/11413","targetHints":{"allow":["GET"]}}],"collection":[{"href":"https:\/\/care4birds.bg\/es\/wp-json\/wp\/v2\/product"}],"about":[{"href":"https:\/\/care4birds.bg\/es\/wp-json\/wp\/v2\/types\/product"}],"wp:featuredmedia":[{"embeddable":true,"href":"https:\/\/care4birds.bg\/es\/wp-json\/wp\/v2\/media\/11414"}],"wp:attachment":[{"href":"https:\/\/care4birds.bg\/es\/wp-json\/wp\/v2\/media?parent=11413"}],"wp:term":[{"taxonomy":"product_cat","embeddable":true,"href":"https:\/\/care4birds.bg\/es\/wp-json\/wp\/v2\/product_cat?post=11413"},{"taxonomy":"product_tag","embeddable":true,"href":"https:\/\/care4birds.bg\/es\/wp-json\/wp\/v2\/product_tag?post=11413"}],"curies":[{"name":"wp","href":"https:\/\/api.w.org\/{rel}","templated":true}]}}