{"id":11430,"date":"2025-11-03T10:51:24","date_gmt":"2025-11-03T10:51:24","guid":{"rendered":"https:\/\/care4birds.bg\/product\/general-care\/"},"modified":"2026-03-30T09:02:20","modified_gmt":"2026-03-30T09:02:20","slug":"general-care","status":"publish","type":"product","link":"https:\/\/care4birds.bg\/es\/producto\/general-care\/","title":{"rendered":"General Care"},"content":{"rendered":"<div>\n<h6>Indicaciones:<\/h6>\n<p>Canker (tricomoniasis, hexamitiasis), paratifo, E-coli e infecciones bacterianas en general.\n<\/p><\/div>\n<h6>S\u00edntomas:<\/h6>\n<div>p\u00e9rdida de peso y estado general, heces verdes mucosas, articulaciones inflamadas, huevos inf\u00e9rtiles, a veces giran el cuello, enfermedad de aves j\u00f3venes, muerte s\u00fabita.<\/div>\n<h6>Posolog\u00eda:<\/h6>\n<div><i>GENERAL CARE POWDER<\/i><br \/>\nPrevenci\u00f3n: 1 cucharada medidora (=5g) en 2 litros de agua durante 1 o 2 d\u00edas cada 2 semanas,<\/div>\n<div>preferiblemente comenzando el d\u00eda despu\u00e9s de la carrera.<\/div>\n<div>Tratamiento: 1 cucharada medidora (=5g) en 2 litros de agua durante 5-7 d\u00edas consecutivos.<\/div>\n<div>Puede repetirse si es necesario. \u00a1Agitar bien antes de usar!<\/div>\n<div>General Care es un polvo soluble en agua que tambi\u00e9n puede administrarse en el alimento.<\/div>\n<div>\n<p>Cucharada medidora 1+5 g incluida.<\/p>\n<p><i>Comprimidos GENERAL CARE<\/i><br \/>\nPreventivo: 1 comprimido por paloma (400-500 g) durante 1-2 d\u00edas.<br \/>\nCurativo: 1 comprimido por paloma (400-500 g) durante 3-5 d\u00edas o seg\u00fan prescripci\u00f3n veterinaria.\n<\/div>\n<h6>Composici\u00f3n:<\/h6>\n<div><i>GENERAL CARE POWDER<\/i><br \/>\nFuraltadona HCI 12%, Metronidazol 20%, Clortetraciclina HCI 10%, excipientes hasta 100 g.<i>GENERAL CARE TABS<\/i><br \/>\nFuraltadona HCl 75 mg\/g; Ronidazol 25 mg\/g<\/div>\n","protected":false},"excerpt":{"rendered":"<p>Indicaciones: Canker (tricomoniasis, hexamitiasis), paratifo, E-coli e infecciones bacterianas en general. S\u00edntomas: p\u00e9rdida de peso y estado general, heces verdes mucosas, articulaciones&hellip;<\/p>\n","protected":false},"featured_media":11431,"template":"","meta":[],"product_cat":[223],"product_tag":[],"class_list":{"0":"post-11430","1":"product","2":"type-product","3":"status-publish","4":"has-post-thumbnail","6":"product_cat-medicamentos-para-palomas","8":"first","9":"instock","10":"shipping-taxable","11":"product-type-simple"},"_links":{"self":[{"href":"https:\/\/care4birds.bg\/es\/wp-json\/wp\/v2\/product\/11430","targetHints":{"allow":["GET"]}}],"collection":[{"href":"https:\/\/care4birds.bg\/es\/wp-json\/wp\/v2\/product"}],"about":[{"href":"https:\/\/care4birds.bg\/es\/wp-json\/wp\/v2\/types\/product"}],"wp:featuredmedia":[{"embeddable":true,"href":"https:\/\/care4birds.bg\/es\/wp-json\/wp\/v2\/media\/11431"}],"wp:attachment":[{"href":"https:\/\/care4birds.bg\/es\/wp-json\/wp\/v2\/media?parent=11430"}],"wp:term":[{"taxonomy":"product_cat","embeddable":true,"href":"https:\/\/care4birds.bg\/es\/wp-json\/wp\/v2\/product_cat?post=11430"},{"taxonomy":"product_tag","embeddable":true,"href":"https:\/\/care4birds.bg\/es\/wp-json\/wp\/v2\/product_tag?post=11430"}],"curies":[{"name":"wp","href":"https:\/\/api.w.org\/{rel}","templated":true}]}}