{"id":11447,"date":"2025-11-03T10:49:37","date_gmt":"2025-11-03T10:49:37","guid":{"rendered":"https:\/\/care4birds.bg\/product\/coli-stop\/"},"modified":"2026-03-30T08:47:04","modified_gmt":"2026-03-30T08:47:04","slug":"coli-stop","status":"publish","type":"product","link":"https:\/\/care4birds.bg\/es\/producto\/coli-stop\/","title":{"rendered":"Coli Stop"},"content":{"rendered":"<h6>Indicaciones:<\/h6>\n<div>E-Coli, paratifoidea, estreptococos, estafilococos e infecciones bacterianas en general.<\/div>\n<h6>S\u00edntomas:<\/h6>\n<div>p\u00e9rdida de apetito, vaciado lento del buche, p\u00e9rdida de peso, v\u00f3mitos, heces marr\u00f3n-verdosas acuosas o mucosas, muerte s\u00fabita.<\/div>\n<h6>Dosificaci\u00f3n:<\/h6>\n<div><i>COLI STOP POWDER:<\/i><br \/>\nPrevenci\u00f3n: 1 cucharada medidora (=5 g) por 2 litros de agua de bebida durante 1 o 2 d\u00edas cada 2 semanas,<\/div>\n<div>preferiblemente comenzando el d\u00eda despu\u00e9s de la carrera.<\/div>\n<div>Tratamiento: 1 cucharada medidora (=5 g) por 2 litros de agua de bebida durante 5-7 d\u00edas consecutivos.<\/div>\n<div>Este tratamiento puede repetirse si es necesario despu\u00e9s de unos d\u00edas.<\/div>\n<div>Coli Stop es un polvo soluble en agua que tambi\u00e9n puede administrarse con el alimento.<\/div>\n<div>\n<p>Cucharada medidora 1+5 g incluida.<\/p>\n<p><i>COLI STOP TABS:<\/i><br \/>\nPreventivo: 1 tableta por paloma (400-500 g de peso corporal) durante 1-2 d\u00edas consecutivos.<br \/>\nCurativo: 1 tableta por paloma (400-500 g de peso corporal) durante 3-5 d\u00edas consecutivos o seg\u00fan prescripci\u00f3n veterinaria.<\/p>\n<\/div>\n<h6>Contiene:<\/h6>\n<div><i>COLI STOP POWDER:<\/i><br \/>\nSulfato de estreptomicina 13,9%, sulfato de neomicina 4%, sulfato de colistina 2%. Excipientes c.s.p. 100 g.<\/div>\n<div><i>COLI STOP TABS<\/i><br \/>\nSulfato de neomicina 5,0 mg\/g; sulfato de estreptomicina 17,4 mg\/g; sulfato de colistina 2,5 mg\/g<\/div>\n","protected":false},"excerpt":{"rendered":"<p>Indicaciones: E-Coli, paratifoidea, estreptococos, estafilococos e infecciones bacterianas en general. S\u00edntomas: p\u00e9rdida de apetito, vaciado lento del buche, p\u00e9rdida de peso, v\u00f3mitos,&hellip;<\/p>\n","protected":false},"featured_media":11448,"template":"","meta":[],"product_cat":[223],"product_tag":[],"class_list":{"0":"post-11447","1":"product","2":"type-product","3":"status-publish","4":"has-post-thumbnail","6":"product_cat-medicamentos-para-palomas","8":"first","9":"instock","10":"shipping-taxable","11":"product-type-simple"},"_links":{"self":[{"href":"https:\/\/care4birds.bg\/es\/wp-json\/wp\/v2\/product\/11447","targetHints":{"allow":["GET"]}}],"collection":[{"href":"https:\/\/care4birds.bg\/es\/wp-json\/wp\/v2\/product"}],"about":[{"href":"https:\/\/care4birds.bg\/es\/wp-json\/wp\/v2\/types\/product"}],"wp:featuredmedia":[{"embeddable":true,"href":"https:\/\/care4birds.bg\/es\/wp-json\/wp\/v2\/media\/11448"}],"wp:attachment":[{"href":"https:\/\/care4birds.bg\/es\/wp-json\/wp\/v2\/media?parent=11447"}],"wp:term":[{"taxonomy":"product_cat","embeddable":true,"href":"https:\/\/care4birds.bg\/es\/wp-json\/wp\/v2\/product_cat?post=11447"},{"taxonomy":"product_tag","embeddable":true,"href":"https:\/\/care4birds.bg\/es\/wp-json\/wp\/v2\/product_tag?post=11447"}],"curies":[{"name":"wp","href":"https:\/\/api.w.org\/{rel}","templated":true}]}}