{"id":11464,"date":"2025-11-03T10:49:34","date_gmt":"2025-11-03T10:49:34","guid":{"rendered":"https:\/\/care4birds.bg\/product\/eye-cream\/"},"modified":"2026-03-30T08:35:48","modified_gmt":"2026-03-30T08:35:48","slug":"eye-cream","status":"publish","type":"product","link":"https:\/\/care4birds.bg\/es\/producto\/eye-cream\/","title":{"rendered":"Eye cream"},"content":{"rendered":"<div>\n<h6>Indicaciones<\/h6>\n<\/div>\n<div>todo tipo de infecciones; enfermedades oculares u \u00f3ticas complicadas por reacciones al\u00e9rgicas.<\/div>\n<h6>Dosificaci\u00f3n<\/h6>\n<div>una peque\u00f1a cantidad alrededor del ojo o la oreja, o seg\u00fan prescripci\u00f3n veterinaria<\/div>\n<h6>Tratamiento<\/h6>\n<div>1-2 veces al d\u00eda hasta que haya mejor\u00eda, o seg\u00fan prescripci\u00f3n veterinaria<\/div>\n<h6><b>EL PRODUCTO CONTIENE ESTEROIDES, NO USAR ANTES DE LAS CARRERAS.<\/b><\/h6>\n<h6>F\u00f3rmula<\/h6>\n<div>Contiene: Oxitetraciclina HCl 5,4 mg\/g, Polimixina B sulfato 1,27 mg\/g,<\/div>\n<div>Hidrocortisona micronizada 1,5 mg\/g (tubo de 5 gramos)<\/div>\n<h6>Contenido:<\/h6>\n<div>5 g de medicamento veterinario para aves<\/div>\n","protected":false},"excerpt":{"rendered":"<p>Indicaciones todo tipo de infecciones; enfermedades oculares u \u00f3ticas complicadas por reacciones al\u00e9rgicas. Dosificaci\u00f3n una peque\u00f1a cantidad alrededor del ojo o la&hellip;<\/p>\n","protected":false},"featured_media":11465,"template":"","meta":[],"product_cat":[223],"product_tag":[],"class_list":{"0":"post-11464","1":"product","2":"type-product","3":"status-publish","4":"has-post-thumbnail","6":"product_cat-medicamentos-para-palomas","8":"first","9":"instock","10":"shipping-taxable","11":"product-type-simple"},"_links":{"self":[{"href":"https:\/\/care4birds.bg\/es\/wp-json\/wp\/v2\/product\/11464","targetHints":{"allow":["GET"]}}],"collection":[{"href":"https:\/\/care4birds.bg\/es\/wp-json\/wp\/v2\/product"}],"about":[{"href":"https:\/\/care4birds.bg\/es\/wp-json\/wp\/v2\/types\/product"}],"wp:featuredmedia":[{"embeddable":true,"href":"https:\/\/care4birds.bg\/es\/wp-json\/wp\/v2\/media\/11465"}],"wp:attachment":[{"href":"https:\/\/care4birds.bg\/es\/wp-json\/wp\/v2\/media?parent=11464"}],"wp:term":[{"taxonomy":"product_cat","embeddable":true,"href":"https:\/\/care4birds.bg\/es\/wp-json\/wp\/v2\/product_cat?post=11464"},{"taxonomy":"product_tag","embeddable":true,"href":"https:\/\/care4birds.bg\/es\/wp-json\/wp\/v2\/product_tag?post=11464"}],"curies":[{"name":"wp","href":"https:\/\/api.w.org\/{rel}","templated":true}]}}