{"id":11482,"date":"2025-11-03T10:44:11","date_gmt":"2025-11-03T10:44:11","guid":{"rendered":"https:\/\/care4birds.bg\/product\/endo-ecto-drops\/"},"modified":"2026-03-30T08:20:04","modified_gmt":"2026-03-30T08:20:04","slug":"endo-ecto-drops","status":"publish","type":"product","link":"https:\/\/care4birds.bg\/es\/producto\/endo-ecto-drops\/","title":{"rendered":"Endo-ecto drops"},"content":{"rendered":"<h6>Indicaciones:<\/h6>\n<div>Para la prevenci\u00f3n y tratamiento de piojos, \u00e1caros e infestaciones por gusanos.<\/div>\n<h6>Contraindicaciones:<\/h6>\n<div>Sobredosificaci\u00f3n, no tratar durante la muda ni en aves menores de 14 d\u00edas.<\/div>\n<h6>Interacciones:<\/h6>\n<div>No conocidas en esta dosis<\/div>\n<h6>Composici\u00f3n:<\/h6>\n<div>Ivermectina 0,3%, excipientes c.s.p. hasta 10 ml.<\/div>\n<div><\/div>\n<h6>Contenido:<\/h6>\n<div>10 ml de soluci\u00f3n para tratamiento local (gotero) para palomas y aves de 250 a 3000 g de peso vivo.<\/div>\n<h6>Dosificaci\u00f3n:<\/h6>\n<div>En el cuello, sobre la piel desnuda: 1 gota por cada 200 g de peso vivo, 2 gotas por cada 500 g de peso vivo<\/div>\n<div>Si es necesario, repetir el tratamiento despu\u00e9s de 4-6 semanas o seg\u00fan prescripci\u00f3n veterinaria.<\/div>\n<div>Dosificaci\u00f3n para el agua de ba\u00f1o: 40 gotas por 10 litros de agua de ba\u00f1o.<\/div>\n","protected":false},"excerpt":{"rendered":"<p>Indicaciones: Para la prevenci\u00f3n y tratamiento de piojos, \u00e1caros e infestaciones por gusanos. Contraindicaciones: Sobredosificaci\u00f3n, no tratar durante la muda ni en&hellip;<\/p>\n","protected":false},"featured_media":11483,"template":"","meta":[],"product_cat":[223],"product_tag":[],"class_list":{"0":"post-11482","1":"product","2":"type-product","3":"status-publish","4":"has-post-thumbnail","6":"product_cat-medicamentos-para-palomas","8":"first","9":"instock","10":"shipping-taxable","11":"product-type-simple"},"_links":{"self":[{"href":"https:\/\/care4birds.bg\/es\/wp-json\/wp\/v2\/product\/11482","targetHints":{"allow":["GET"]}}],"collection":[{"href":"https:\/\/care4birds.bg\/es\/wp-json\/wp\/v2\/product"}],"about":[{"href":"https:\/\/care4birds.bg\/es\/wp-json\/wp\/v2\/types\/product"}],"wp:featuredmedia":[{"embeddable":true,"href":"https:\/\/care4birds.bg\/es\/wp-json\/wp\/v2\/media\/11483"}],"wp:attachment":[{"href":"https:\/\/care4birds.bg\/es\/wp-json\/wp\/v2\/media?parent=11482"}],"wp:term":[{"taxonomy":"product_cat","embeddable":true,"href":"https:\/\/care4birds.bg\/es\/wp-json\/wp\/v2\/product_cat?post=11482"},{"taxonomy":"product_tag","embeddable":true,"href":"https:\/\/care4birds.bg\/es\/wp-json\/wp\/v2\/product_tag?post=11482"}],"curies":[{"name":"wp","href":"https:\/\/api.w.org\/{rel}","templated":true}]}}