{"id":11500,"date":"2025-11-03T10:20:24","date_gmt":"2025-11-03T10:20:24","guid":{"rendered":"https:\/\/care4birds.bg\/product\/salmo-stop\/"},"modified":"2026-03-30T08:07:18","modified_gmt":"2026-03-30T08:07:18","slug":"salmo-stop","status":"publish","type":"product","link":"https:\/\/care4birds.bg\/es\/producto\/salmo-stop\/","title":{"rendered":"Salmo-Stop"},"content":{"rendered":"<div>\n<h6>Indicaciones:<\/h6>\n<p>Salmonela (paratifoidea), E-Coli e infecciones bacterianas.<\/p>\n<\/div>\n<h6>S\u00edntomas:<\/h6>\n<div>Diarrea (diarrea verde y algunas aves pueden vomitar), vaciado lento del buche, artritis infecciosa (cojera o ala ca\u00edda), abscesos subcut\u00e1neos (generalmente debajo del ojo como una peque\u00f1a hinchaz\u00f3n con pus duro, amarillo y seco), infertilidad, muerte s\u00fabita<\/div>\n<h6>Dosificaci\u00f3n:<\/h6>\n<div><i>SALMO STOP POWDER<\/i><br \/>\nPrevenci\u00f3n: 1 cucharada medidora (=5g) por 2 litros de agua de bebida durante 1 o 2 d\u00edas cada 2 semanas, preferiblemente<\/div>\n<div>comenzando el d\u00eda despu\u00e9s de la carrera.<\/div>\n<div>Tratamiento: 1 cucharada medidora (=5g) por 2 litros de agua de bebida durante 5-7 d\u00edas consecutivos.<\/div>\n<div>Este tratamiento puede repetirse si es necesario despu\u00e9s de unos d\u00edas. \u00a1Mezclar bien antes de usar!<\/div>\n<div>Salmo Stop es un polvo soluble en agua que tambi\u00e9n puede administrarse con el alimento.<\/div>\n<div>\n<p>Cucharada medidora 1+5 g incluida.<\/p>\n<p><i>SALMO STOP TABS<\/i><br \/>\nPreventivo: 1 tableta por paloma (400-500 g de peso corporal) durante 1-2 d\u00edas consecutivos.<br \/>\nCurativo: 1 tableta por paloma (400-500 g de peso corporal) durante 3-5 d\u00edas consecutivos o seg\u00fan prescripci\u00f3n veterinaria.<\/p>\n<\/div>\n<h6>Contiene:<\/h6>\n<div><i>SALMO STOP POWDER<\/i><br \/>\nFuraltadona HCI 12,5%, Clortetraciclina HCl 12,5%, Cloranfenicol 8%. Ingredientes inactivos c.s.p. 100 g<br \/>\n<i>SALMO STOP TABS<\/i><br \/>\nClortetraciclina HCl 78 mg\/g; Furaltadona HCl 80 mg\/g; Cloranfenicol 50 mg\/g;<\/div>\n","protected":false},"excerpt":{"rendered":"<p>Indicaciones: Salmonela (paratifoidea), E-Coli e infecciones bacterianas. S\u00edntomas: Diarrea (diarrea verde y algunas aves pueden vomitar), vaciado lento del buche, artritis infecciosa&hellip;<\/p>\n","protected":false},"featured_media":11501,"template":"","meta":[],"product_cat":[223],"product_tag":[],"class_list":{"0":"post-11500","1":"product","2":"type-product","3":"status-publish","4":"has-post-thumbnail","6":"product_cat-medicamentos-para-palomas","8":"first","9":"instock","10":"shipping-taxable","11":"product-type-simple"},"_links":{"self":[{"href":"https:\/\/care4birds.bg\/es\/wp-json\/wp\/v2\/product\/11500","targetHints":{"allow":["GET"]}}],"collection":[{"href":"https:\/\/care4birds.bg\/es\/wp-json\/wp\/v2\/product"}],"about":[{"href":"https:\/\/care4birds.bg\/es\/wp-json\/wp\/v2\/types\/product"}],"wp:featuredmedia":[{"embeddable":true,"href":"https:\/\/care4birds.bg\/es\/wp-json\/wp\/v2\/media\/11501"}],"wp:attachment":[{"href":"https:\/\/care4birds.bg\/es\/wp-json\/wp\/v2\/media?parent=11500"}],"wp:term":[{"taxonomy":"product_cat","embeddable":true,"href":"https:\/\/care4birds.bg\/es\/wp-json\/wp\/v2\/product_cat?post=11500"},{"taxonomy":"product_tag","embeddable":true,"href":"https:\/\/care4birds.bg\/es\/wp-json\/wp\/v2\/product_tag?post=11500"}],"curies":[{"name":"wp","href":"https:\/\/api.w.org\/{rel}","templated":true}]}}