{"id":13683,"date":"2025-11-03T11:34:46","date_gmt":"2025-11-03T11:34:46","guid":{"rendered":"https:\/\/care4birds.bg\/product\/worm-mix\/"},"modified":"2026-04-09T09:43:10","modified_gmt":"2026-04-09T09:43:10","slug":"worm-mix","status":"publish","type":"product","link":"https:\/\/care4birds.bg\/hu\/termek\/worm-mix\/","title":{"rendered":"Worm-mix"},"content":{"rendered":"<div>\n<h6>Javallat:<\/h6>\n<\/div>\n<div>Madarakn\u00e1l el\u0151fordul\u00f3 ors\u00f3f\u00e9rgek \u00e9s hajsz\u00e1lf\u00e9rgek fert\u0151z\u00e9s\u00e9nek megel\u0151z\u00e9s\u00e9re \u00e9s kezel\u00e9s\u00e9re.<\/div>\n<h6>T\u00fcnetek:<\/h6>\n<div>B\u00c9LF\u00c9RGEK ESET\u00c9N<\/div>\n<div><\/div>\n<div>\u2022 Fogy\u00e1s<\/div>\n<div>\u2022 Leromlott kond\u00edci\u00f3<\/div>\n<div>\u2022 Fokozott fog\u00e9konys\u00e1g m\u00e1s betegs\u00e9gekre<\/div>\n<h6>MIKOR KEZELJE AZ \u00c1LLATOKAT:<\/h6>\n<div>\u2022 Rutinszer\u0171en vedl\u00e9s ut\u00e1n<\/div>\n<div>\u2022 \u00daj madarak v\u00e1s\u00e1rl\u00e1sakor<\/div>\n<div>\u2022 F\u00e9regfert\u0151z\u00e9s eset\u00e9n<\/div>\n<h6>Adagol\u00e1s:<\/h6>\n<div>ADAGOL\u00c1S: \u00c1LTAL\u00c1NOS KEZEL\u00c9S MADARAK SZ\u00c1M\u00c1RA:<\/div>\n<div>1 g \/ 500 g \u00e9l\u0151s\u00faly vagy 5 g \/ 2500 g \u00e9l\u0151s\u00faly 2 egym\u00e1st k\u00f6vet\u0151 napon<\/div>\n<div>A Worm-mix takarm\u00e1nyba vagy iv\u00f3v\u00edzbe keverve adand\u00f3.<\/div>\n<div>Ism\u00e9telje meg a kezel\u00e9st 10\u201312 nap m\u00falva.<\/div>\n<div>M\u00e9r\u0151kan\u00e1l 1+5 g mell\u00e9kelve<\/div>\n<h6>K\u00f6lcs\u00f6nhat\u00e1s(ok): nem ismert.<\/h6>\n<h6>Ellenjavallat(ok): t\u00faladagol\u00e1s: Ne alkalmazza ezt a term\u00e9ket<\/h6>\n<div>p\u00e1ros\u00edt\u00e1s, fi\u00f3k\u00e1k etet\u00e9se, nagy tollak vedl\u00e9se alatt, illetve 14 napn\u00e1l fiatalabb madarakn\u00e1l.<\/div>\n<h6>Haszn\u00e1lati tan\u00e1cs:<\/h6>\n<p>K\u00fcl\u00f6n\u00edtse el a beteg madarakat (28\u201333 \u00baC, tomp\u00edtott f\u00e9ny).<br \/>\nA beteg \u00e1llatok kezel\u00e9se k\u00f6zben biztos\u00edtson megel\u0151z\u0151 kezel\u00e9st a t\u00f6bbi mad\u00e1r sz\u00e1m\u00e1ra is.<br \/>\nBiztos\u00edtsa, hogy a madarak a javasolt mennyis\u00e9g\u0171 gy\u00f3gyszert fogyassz\u00e1k; ker\u00fclje a nem gy\u00f3gyszeres \u00e9tel vagy v\u00edz bevitel\u00e9t.<br \/>\nAdjon gl\u00fck\u00f3zt \u00e9s MULTIVIT MIX-et a kezel\u00e9s sor\u00e1n.<br \/>\nS\u00falyos esetekben hosszabb kezel\u00e9s javasolt.<br \/>\nGondoskodjon a tart\u00e1si hely megfelel\u0151 fert\u0151tlen\u00edt\u00e9s\u00e9r\u0151l.<br \/>\nHa nem tapasztalhat\u00f3 gyors javul\u00e1s, forduljon szakemberhez.<\/p>\n<h6>MEGJEGYZ\u00c9S: HASZN\u00c1LAT EL\u0150TT OLVASSA EL AZ UTAS\u00cdT\u00c1SOKAT.<\/h6>\n<p>Sz\u00e1raz helyen, k\u00f6zvetlen napf\u00e9nyt\u0151l v\u00e9dve, 0\u201330 \u00b0C k\u00f6z\u00f6tt t\u00e1roland\u00f3.<br \/>\nFelbont\u00e1s ut\u00e1n eltarthat\u00f3s\u00e1g: 1 \u00e9v.<br \/>\nGy\u00e1rt\u00e1si sz\u00e1m \u00e9s lej\u00e1rati id\u0151: l\u00e1sd a csomagol\u00e1son.<br \/>\nKer\u00fclje a gy\u00f3gyszer k\u00e9zzel val\u00f3 \u00e9rintkez\u00e9s\u00e9t.<br \/>\nGyermekekt\u0151l elz\u00e1rva tartand\u00f3.<br \/>\nCsak \u00e1llatok kezel\u00e9s\u00e9re. Nem haszn\u00e1lhat\u00f3 \u00e9lelmiszertermel\u0151 \u00e1llatokn\u00e1l.<br \/>\nA csomagol\u00e1st \u00e9s a marad\u00e9k term\u00e9ket h\u00e1ztart\u00e1si hullad\u00e9kk\u00e9nt \u00e1rtalmatlan\u00edtsa.<br \/>\nEz az \u00e1llatgy\u00f3gy\u00e1szati k\u00e9sz\u00edtm\u00e9ny a kis\u00e1llat-kiv\u00e9teli rendszer szerint ker\u00fcl forgalomba.<\/p>\n<h6>\u00d6sszet\u00e9tel:<\/h6>\n<p>Levamizol HCl 2%, seg\u00e9danyagok q.s. 100 g-ig<\/p>\n","protected":false},"excerpt":{"rendered":"<p>Javallat: Madarakn\u00e1l el\u0151fordul\u00f3 ors\u00f3f\u00e9rgek \u00e9s hajsz\u00e1lf\u00e9rgek fert\u0151z\u00e9s\u00e9nek megel\u0151z\u00e9s\u00e9re \u00e9s kezel\u00e9s\u00e9re. T\u00fcnetek: B\u00c9LF\u00c9RGEK ESET\u00c9N \u2022 Fogy\u00e1s \u2022 Leromlott kond\u00edci\u00f3 \u2022 Fokozott fog\u00e9konys\u00e1g m\u00e1s&hellip;<\/p>\n","protected":false},"featured_media":13684,"template":"","meta":[],"product_cat":[297],"product_tag":[],"class_list":{"0":"post-13683","1":"product","2":"type-product","3":"status-publish","4":"has-post-thumbnail","6":"product_cat-madargyogyszerek","8":"first","9":"instock","10":"shipping-taxable","11":"product-type-simple"},"_links":{"self":[{"href":"https:\/\/care4birds.bg\/hu\/wp-json\/wp\/v2\/product\/13683","targetHints":{"allow":["GET"]}}],"collection":[{"href":"https:\/\/care4birds.bg\/hu\/wp-json\/wp\/v2\/product"}],"about":[{"href":"https:\/\/care4birds.bg\/hu\/wp-json\/wp\/v2\/types\/product"}],"wp:featuredmedia":[{"embeddable":true,"href":"https:\/\/care4birds.bg\/hu\/wp-json\/wp\/v2\/media\/13684"}],"wp:attachment":[{"href":"https:\/\/care4birds.bg\/hu\/wp-json\/wp\/v2\/media?parent=13683"}],"wp:term":[{"taxonomy":"product_cat","embeddable":true,"href":"https:\/\/care4birds.bg\/hu\/wp-json\/wp\/v2\/product_cat?post=13683"},{"taxonomy":"product_tag","embeddable":true,"href":"https:\/\/care4birds.bg\/hu\/wp-json\/wp\/v2\/product_tag?post=13683"}],"curies":[{"name":"wp","href":"https:\/\/api.w.org\/{rel}","templated":true}]}}