{"id":13689,"date":"2025-11-03T11:33:19","date_gmt":"2025-11-03T11:33:19","guid":{"rendered":"https:\/\/care4birds.bg\/product\/fungi-mix\/"},"modified":"2026-04-09T09:44:55","modified_gmt":"2026-04-09T09:44:55","slug":"fungi-mix","status":"publish","type":"product","link":"https:\/\/care4birds.bg\/hu\/termek\/fungi-mix\/","title":{"rendered":"Fungi-mix"},"content":{"rendered":"<div>\n<h6>Javallat:<\/h6>\n<\/div>\n<div>Gomb\u00e1s fert\u0151z\u00e9sek, mint p\u00e9ld\u00e1ul Candidiasis, Moniliasis \u00e9s Aspergillosis madarakn\u00e1l.<\/div>\n<div>Az \u00e9leszt\u0151gomb\u00e1k mindenhol megtal\u00e1lhat\u00f3k a k\u00f6rnyezetben, bele\u00e9rtve a romlott \u00e9lelmiszereket is. Ez\u00e9rt a friss gy\u00fcm\u00f6lcs\u00f6ket \u00e9s z\u00f6lds\u00e9geket nem szabad hossz\u00fa ideig a mad\u00e1r ketrec\u00e9ben hagyni. Ny\u00e1ri melegben \u00e9s p\u00e1ratartalom mellett az \u00e9lelmiszer ak\u00e1r n\u00e9h\u00e1ny \u00f3ra alatt megromolhat. A rossz higi\u00e9nia is el\u0151seg\u00edtheti a fert\u0151z\u00e9s terjed\u00e9s\u00e9t. A k\u00e9zzel etet\u00e9shez haszn\u00e1lt eszk\u00f6z\u00f6k nem megfelel\u0151 steriliz\u00e1l\u00e1sa, a ketrec nem megfelel\u0151 tiszt\u00edt\u00e1sa vagy a k\u00e9zmos\u00e1s elmulaszt\u00e1sa fert\u0151z\u00e9st okozhat. A legt\u00f6bb eg\u00e9szs\u00e9ges mad\u00e1r nem \u00e9rintett. Id\u0151s madarak, \u00fajsz\u00fcl\u00f6ttek, beteg vagy stresszes madarak gyakran m\u00e1sodlagos fert\u0151z\u00e9sk\u00e9nt fejlesztenek ki \u00e9leszt\u0151fert\u0151z\u00e9st. Ezek a m\u00e1sodlagos fert\u0151z\u00e9sek<\/div>\n<div>tov\u00e1bbi terhel\u00e9st jelentenek az immunrendszer sz\u00e1m\u00e1ra, \u00e9s akad\u00e1lyozz\u00e1k a gy\u00f3gyul\u00e1si folyamatot.<\/div>\n<h6>T\u00fcnetek:<\/h6>\n<div>\u2022 Tollak hull\u00e1sa<\/div>\n<div>\u2022 Rossz \u00e9tv\u00e1gy<\/div>\n<div>\u2022 H\u00e1ny\u00e1s<\/div>\n<div>\u2022 Megduzzadt begy<\/div>\n<div>\u2022 L\u00e9gz\u00e9si neh\u00e9zs\u00e9gek<\/div>\n<div>\u2022 Gyakran hasmen\u00e9ssel t\u00e1rsul<\/div>\n<h6>Adagol\u00e1s:<\/h6>\n<p>Toj\u00e1seles\u00e9g adagol\u00e1sa: \u00e1ltal\u00e1nosan madaraknak: 5 g \/ 500 g l\u00e1gy eledel, naponta k\u00e9tszer, 5\u20137 napig<br \/>\nIv\u00f3v\u00edz adagol\u00e1sa: \u00e1ltal\u00e1nosan madaraknak: 5 g \/ 1 L iv\u00f3v\u00edz, naponta k\u00e9tszer, 5\u20137 napig (haszn\u00e1lat el\u0151tt alaposan felr\u00e1zni!) A Nystatin k\u00f6zvetlen\u00fcl keverhet\u0151 a k\u00e9zi etet\u0151 t\u00e1pszerbe, de hat\u00e9konyabb, ha teljes er\u0151ss\u00e9gben, kb. f\u00e9l \u00f3r\u00e1val etet\u00e9s el\u0151tt adjuk. Ez id\u0151t biztos\u00edt arra, hogy bevonja a begy bels\u0151 fel\u00fclet\u00e9t \u00e9s megt\u00e1madja a Candida gomb\u00e1t. Megel\u0151z\u00e9sk\u00e9nt citromsav ad\u00e1sa javasolt: 5 ml \/ 1 L iv\u00f3v\u00edz naponta. M\u00e9r\u0151kan\u00e1l 1+5 g mell\u00e9kelve.<\/p>\n<p>Interaction(s): nem ismert.<\/p>\n<p>Contra-indication(s): t\u00faladagol\u00e1s.<\/p>\n<h6>Haszn\u00e1lati tan\u00e1cs:<\/h6>\n<p>K\u00fcl\u00f6n\u00edtse el a beteg madarakat (28\u201333 \u00baC, tomp\u00edtott f\u00e9ny).<br \/>\nA beteg \u00e1llatok kezel\u00e9se k\u00f6zben biztos\u00edtson megel\u0151z\u0151 kezel\u00e9st a t\u00f6bbi mad\u00e1r sz\u00e1m\u00e1ra is.<br \/>\nBiztos\u00edtsa, hogy a madarak a javasolt mennyis\u00e9g\u0171 gy\u00f3gyszert fogyassz\u00e1k; ker\u00fclje a nem gy\u00f3gyszeres \u00e9tel vagy v\u00edz bevitel\u00e9t.<br \/>\nAdjon gl\u00fck\u00f3zt \u00e9s MULTIVIT MIX-et a kezel\u00e9s sor\u00e1n.<br \/>\nS\u00falyos esetekben hosszabb kezel\u00e9s javasolt.<br \/>\nGondoskodjon a tart\u00e1si hely megfelel\u0151 fert\u0151tlen\u00edt\u00e9s\u00e9r\u0151l.<br \/>\nHa nem tapasztalhat\u00f3 gyors javul\u00e1s, forduljon szakemberhez.<\/p>\n<h6>MEGJEGYZ\u00c9S: HASZN\u00c1LAT EL\u0150TT OLVASSA EL AZ UTAS\u00cdT\u00c1SOKAT.<\/h6>\n<p>Sz\u00e1raz helyen, k\u00f6zvetlen napf\u00e9nyt\u0151l v\u00e9dve, 0\u201330 \u00b0C k\u00f6z\u00f6tt t\u00e1roland\u00f3.<br \/>\nFelbont\u00e1s ut\u00e1n eltarthat\u00f3s\u00e1g: 1 \u00e9v.<br \/>\nGy\u00e1rt\u00e1si sz\u00e1m \u00e9s lej\u00e1rati id\u0151: l\u00e1sd a csomagol\u00e1son.<br \/>\nKer\u00fclje a gy\u00f3gyszer k\u00e9zzel val\u00f3 \u00e9rintkez\u00e9s\u00e9t.<br \/>\nGyermekekt\u0151l elz\u00e1rva tartand\u00f3.<br \/>\nCsak \u00e1llatok kezel\u00e9s\u00e9re. Nem haszn\u00e1lhat\u00f3 \u00e9lelmiszertermel\u0151 \u00e1llatokn\u00e1l.<br \/>\nA csomagol\u00e1st \u00e9s a marad\u00e9k term\u00e9ket h\u00e1ztart\u00e1si hullad\u00e9kk\u00e9nt \u00e1rtalmatlan\u00edtsa.<br \/>\nEz az \u00e1llatgy\u00f3gy\u00e1szati k\u00e9sz\u00edtm\u00e9ny a kis\u00e1llat-kiv\u00e9teli rendszer szerint ker\u00fcl forgalomba.<\/p>\n<h6>\u00d6sszet\u00e9tel:<\/h6>\n<p>100 g Nystatin (200.000 NE\/gramm)<\/p>\n","protected":false},"excerpt":{"rendered":"<p>Javallat: Gomb\u00e1s fert\u0151z\u00e9sek, mint p\u00e9ld\u00e1ul Candidiasis, Moniliasis \u00e9s Aspergillosis madarakn\u00e1l. Az \u00e9leszt\u0151gomb\u00e1k mindenhol megtal\u00e1lhat\u00f3k a k\u00f6rnyezetben, bele\u00e9rtve a romlott \u00e9lelmiszereket is. Ez\u00e9rt&hellip;<\/p>\n","protected":false},"featured_media":13690,"template":"","meta":[],"product_cat":[297],"product_tag":[],"class_list":{"0":"post-13689","1":"product","2":"type-product","3":"status-publish","4":"has-post-thumbnail","6":"product_cat-madargyogyszerek","8":"first","9":"instock","10":"shipping-taxable","11":"product-type-simple"},"_links":{"self":[{"href":"https:\/\/care4birds.bg\/hu\/wp-json\/wp\/v2\/product\/13689","targetHints":{"allow":["GET"]}}],"collection":[{"href":"https:\/\/care4birds.bg\/hu\/wp-json\/wp\/v2\/product"}],"about":[{"href":"https:\/\/care4birds.bg\/hu\/wp-json\/wp\/v2\/types\/product"}],"wp:featuredmedia":[{"embeddable":true,"href":"https:\/\/care4birds.bg\/hu\/wp-json\/wp\/v2\/media\/13690"}],"wp:attachment":[{"href":"https:\/\/care4birds.bg\/hu\/wp-json\/wp\/v2\/media?parent=13689"}],"wp:term":[{"taxonomy":"product_cat","embeddable":true,"href":"https:\/\/care4birds.bg\/hu\/wp-json\/wp\/v2\/product_cat?post=13689"},{"taxonomy":"product_tag","embeddable":true,"href":"https:\/\/care4birds.bg\/hu\/wp-json\/wp\/v2\/product_tag?post=13689"}],"curies":[{"name":"wp","href":"https:\/\/api.w.org\/{rel}","templated":true}]}}