{"id":13695,"date":"2025-11-03T11:31:54","date_gmt":"2025-11-03T11:31:54","guid":{"rendered":"https:\/\/care4birds.bg\/product\/protozoal-mix\/"},"modified":"2026-04-09T09:47:53","modified_gmt":"2026-04-09T09:47:53","slug":"protozoal-mix","status":"publish","type":"product","link":"https:\/\/care4birds.bg\/hu\/termek\/protozoal-mix\/","title":{"rendered":"Protozoal-mix"},"content":{"rendered":"<div>\n<div>\n<h6>Javallat:<\/h6>\n<\/div>\n<div>Protozoon fert\u0151z\u00e9sek: Trichomoniasis (Canker), Giardiasis<\/div>\n<\/div>\n<div>\n<div>\u00e9s Cochlosoma madarakn\u00e1l.<\/div>\n<\/div>\n<h6>T\u00fcnetek:<\/h6>\n<div>\n<div>\u2022 Trichomoniasis: fogy\u00e1s, vissza\u00f6klendez\u00e9s, besz\u00e1radt ny\u00e1l a cs\u0151r k\u00f6r\u00fcl<\/div>\n<\/div>\n<div>\n<div>\u2022 Giardiasis: hasmen\u00e9s \u00e9s esetenk\u00e9nt elhull\u00e1s<\/div>\n<\/div>\n<div>\n<div>\u2022 Cochlosomosis: fi\u00f3k\u00e1kn\u00e1l kisz\u00e1rad\u00e1s, gyenges\u00e9g \u00e9s s\u00e1rga hasmen\u00e9s<\/div>\n<\/div>\n<div>\n<div>Zebrapintyekn\u00e9l, amelyeket beng\u00e1li pintyek nevelnek, amelyek t\u00fcnetmentes hordoz\u00f3k lehetnek.<\/div>\n<\/div>\n<div>\n<div>A t\u00fcnetek legink\u00e1bb a 10 napos \u00e9s 6 hetes kor k\u00f6z\u00f6tti fi\u00f3k\u00e1kn\u00e1l jelentkeznek. A fert\u0151z\u00e9s \u00fcr\u00fcl\u00e9kkel, t\u00e1pl\u00e1l\u00e9kkal \u00e9s v\u00edzzel terjedhet.<\/div>\n<\/div>\n<h6>Adagol\u00e1s<\/h6>\n<div>ADAGOL\u00c1S: Trichomoniasis \u00e9s Giardiasis: adjon 5 g-ot 1 liter iv\u00f3v\u00edzhez<\/div>\n<div>5\u20137 egym\u00e1st k\u00f6vet\u0151 napon kereszt\u00fcl.<\/div>\n<div>Papag\u00e1jokn\u00e1l: 1 g 1 liter iv\u00f3v\u00edzhez 5\u20137 egym\u00e1st k\u00f6vet\u0151 napon.<\/div>\n<div>ADAGOL\u00c1S: Cochlosomosis: adjon 5 g-ot 1 liter iv\u00f3v\u00edzhez vagy 500 g l\u00e1gy t\u00e1phoz<\/div>\n<div>5 egym\u00e1st k\u00f6vet\u0151 napon kereszt\u00fcl. Ism\u00e9telje meg a kezel\u00e9st havonta 6 h\u00f3napon \u00e1t.<\/div>\n<div>M\u00e9r\u0151kan\u00e1l 1+5 g mell\u00e9kelve.<\/div>\n<h6>K\u00f6lcs\u00f6nhat\u00e1s(ok): nem ismert.<\/h6>\n<h6>Ellenjavallat(ok): t\u00faladagol\u00e1s.<\/h6>\n<h6>Haszn\u00e1lati tan\u00e1cs:<\/h6>\n<p>K\u00fcl\u00f6n\u00edtse el a beteg madarakat (28\u201333 \u00baC, tomp\u00edtott f\u00e9ny).<br \/>\nA beteg \u00e1llatok kezel\u00e9se k\u00f6zben biztos\u00edtson megel\u0151z\u0151 kezel\u00e9st a t\u00f6bbi mad\u00e1r sz\u00e1m\u00e1ra is.<br \/>\nBiztos\u00edtsa, hogy a madarak a javasolt mennyis\u00e9g\u0171 gy\u00f3gyszert fogyassz\u00e1k; ker\u00fclje a nem gy\u00f3gyszeres \u00e9tel vagy v\u00edz bevitel\u00e9t.<br \/>\nAdjon gl\u00fck\u00f3zt \u00e9s MULTIVIT MIX-et a kezel\u00e9s sor\u00e1n.<br \/>\nS\u00falyos esetekben hosszabb kezel\u00e9s javasolt.<br \/>\nGondoskodjon a tart\u00e1si hely megfelel\u0151 fert\u0151tlen\u00edt\u00e9s\u00e9r\u0151l.<br \/>\nHa nem tapasztalhat\u00f3 gyors javul\u00e1s, forduljon szakemberhez.<\/p>\n<h6>MEGJEGYZ\u00c9S: HASZN\u00c1LAT EL\u0150TT OLVASSA EL AZ UTAS\u00cdT\u00c1SOKAT.<\/h6>\n<p>Felbont\u00e1s ut\u00e1n eltarthat\u00f3s\u00e1g: 1 \u00e9v.<br \/>\nGy\u00e1rt\u00e1si sz\u00e1m \u00e9s lej\u00e1rati id\u0151: l\u00e1sd a csomagol\u00e1son.<br \/>\nKer\u00fclje a gy\u00f3gyszer k\u00e9zzel val\u00f3 \u00e9rintkez\u00e9s\u00e9t.<br \/>\nGyermekekt\u0151l elz\u00e1rva tartand\u00f3.<br \/>\nCsak \u00e1llatok kezel\u00e9s\u00e9re. Nem haszn\u00e1lhat\u00f3 \u00e9lelmiszertermel\u0151 \u00e1llatokn\u00e1l.<br \/>\nA csomagol\u00e1st \u00e9s a marad\u00e9k term\u00e9ket h\u00e1ztart\u00e1si hullad\u00e9kk\u00e9nt \u00e1rtalmatlan\u00edtsa.<br \/>\nEz az \u00e1llatgy\u00f3gy\u00e1szati k\u00e9sz\u00edtm\u00e9ny a kis\u00e1llat-kiv\u00e9teli rendszer szerint ker\u00fcl forgalomba.<\/p>\n<h6>\u00d6sszet\u00e9tel:<\/h6>\n<p>Ronidazol 10%, seg\u00e9danyagok q.s. 100 g-ig<\/p>\n","protected":false},"excerpt":{"rendered":"<p>Javallat: Protozoon fert\u0151z\u00e9sek: Trichomoniasis (Canker), Giardiasis \u00e9s Cochlosoma madarakn\u00e1l. T\u00fcnetek: \u2022 Trichomoniasis: fogy\u00e1s, vissza\u00f6klendez\u00e9s, besz\u00e1radt ny\u00e1l a cs\u0151r k\u00f6r\u00fcl \u2022 Giardiasis: hasmen\u00e9s&hellip;<\/p>\n","protected":false},"featured_media":13696,"template":"","meta":[],"product_cat":[297],"product_tag":[],"class_list":{"0":"post-13695","1":"product","2":"type-product","3":"status-publish","4":"has-post-thumbnail","6":"product_cat-madargyogyszerek","8":"first","9":"instock","10":"shipping-taxable","11":"product-type-simple"},"_links":{"self":[{"href":"https:\/\/care4birds.bg\/hu\/wp-json\/wp\/v2\/product\/13695","targetHints":{"allow":["GET"]}}],"collection":[{"href":"https:\/\/care4birds.bg\/hu\/wp-json\/wp\/v2\/product"}],"about":[{"href":"https:\/\/care4birds.bg\/hu\/wp-json\/wp\/v2\/types\/product"}],"wp:featuredmedia":[{"embeddable":true,"href":"https:\/\/care4birds.bg\/hu\/wp-json\/wp\/v2\/media\/13696"}],"wp:attachment":[{"href":"https:\/\/care4birds.bg\/hu\/wp-json\/wp\/v2\/media?parent=13695"}],"wp:term":[{"taxonomy":"product_cat","embeddable":true,"href":"https:\/\/care4birds.bg\/hu\/wp-json\/wp\/v2\/product_cat?post=13695"},{"taxonomy":"product_tag","embeddable":true,"href":"https:\/\/care4birds.bg\/hu\/wp-json\/wp\/v2\/product_tag?post=13695"}],"curies":[{"name":"wp","href":"https:\/\/api.w.org\/{rel}","templated":true}]}}