{"id":13701,"date":"2025-11-03T11:31:44","date_gmt":"2025-11-03T11:31:44","guid":{"rendered":"https:\/\/care4birds.bg\/product\/combi-mix-2\/"},"modified":"2026-04-09T09:49:29","modified_gmt":"2026-04-09T09:49:29","slug":"combi-mix-2","status":"publish","type":"product","link":"https:\/\/care4birds.bg\/hu\/termek\/combi-mix-2\/","title":{"rendered":"Combi-mix"},"content":{"rendered":"<div>\n<h6>Javallat:<\/h6>\n<\/div>\n<div>Kokcidi\u00f3zis \u00e9s Atoxoplazm\u00f3zis (Lankesterella) madarakn\u00e1l.<\/div>\n<h6>T\u00fcnetek:<\/h6>\n<div>\u2022 \u00c9tv\u00e1gytalans\u00e1g<\/div>\n<div>\u2022 Felborzolt tollazat<\/div>\n<div>\u2022 Vizes, ny\u00e1lk\u00e1s \u00fcr\u00fcl\u00e9k<\/div>\n<div>\u2022 Szennyezett klo\u00e1ka k\u00f6r\u00fcli tollak<\/div>\n<div>\u2022 Megnagyobbodott m\u00e1j<\/div>\n<div>\u2022 Duzzadt belek<\/div>\n<h6>Adagol\u00e1s:<\/h6>\n<div>Kokcidi\u00f3zis adagol\u00e1sa: kalitk\u00e1s madarak, kan\u00e1rik: 1 g\/200 ml iv\u00f3v\u00edz (5 g\/1 L iv\u00f3v\u00edz), 7 nap; a kezel\u00e9st 2 nap m\u00falva ism\u00e9telje meg.<\/div>\n<div>Atoxoplazm\u00f3zis (Lankesterella) adagol\u00e1sa: kalitk\u00e1s madarak, kan\u00e1rik: 1 g\/400 ml iv\u00f3v\u00edz (5 g\/2 L iv\u00f3v\u00edz), folyamatosan a teny\u00e9szid\u0151szak alatt az els\u0151 vedl\u00e9s v\u00e9g\u00e9ig. M\u00e9r\u0151kan\u00e1l 1+5 g mell\u00e9kelve.<\/div>\n<p>Interakci\u00f3(k): nem ismert.<\/p>\n<p>Ellenjavallat(ok): t\u00faladagol\u00e1s.<\/p>\n<h6>Haszn\u00e1lati tan\u00e1cs:<\/h6>\n<p>K\u00fcl\u00f6n\u00edtse el a beteg madarakat (28\u201333 \u00baC, tomp\u00edtott f\u00e9ny).<br \/>\nA beteg \u00e1llatok kezel\u00e9se k\u00f6zben biztos\u00edtson megel\u0151z\u0151 kezel\u00e9st a t\u00f6bbi mad\u00e1r sz\u00e1m\u00e1ra is.<br \/>\nBiztos\u00edtsa, hogy a madarak a javasolt mennyis\u00e9g\u0171 gy\u00f3gyszert fogyassz\u00e1k; ker\u00fclje a nem gy\u00f3gyszeres \u00e9tel vagy v\u00edz bevitel\u00e9t.<br \/>\nAdjon gl\u00fck\u00f3zt \u00e9s MULTIVIT MIX-et a kezel\u00e9s sor\u00e1n.<br \/>\nS\u00falyos esetekben hosszabb kezel\u00e9s javasolt.<br \/>\nGondoskodjon a tart\u00e1si hely megfelel\u0151 fert\u0151tlen\u00edt\u00e9s\u00e9r\u0151l.<br \/>\nHa nem tapasztalhat\u00f3 gyors javul\u00e1s, forduljon szakemberhez.<\/p>\n<h6>MEGJEGYZ\u00c9S: HASZN\u00c1LAT EL\u0150TT OLVASSA EL AZ UTAS\u00cdT\u00c1SOKAT.<\/h6>\n<p>Sz\u00e1raz helyen, k\u00f6zvetlen napf\u00e9nyt\u0151l v\u00e9dve, 0\u201330 \u00b0C k\u00f6z\u00f6tt t\u00e1roland\u00f3.<br \/>\nFelbont\u00e1s ut\u00e1n eltarthat\u00f3s\u00e1g: 1 \u00e9v.<br \/>\nGy\u00e1rt\u00e1si sz\u00e1m \u00e9s lej\u00e1rati id\u0151: l\u00e1sd a csomagol\u00e1son.<br \/>\nKer\u00fclje a gy\u00f3gyszer k\u00e9zzel val\u00f3 \u00e9rintkez\u00e9s\u00e9t.<br \/>\nGyermekekt\u0151l elz\u00e1rva tartand\u00f3.<br \/>\nCsak \u00e1llatok kezel\u00e9s\u00e9re. Nem haszn\u00e1lhat\u00f3 \u00e9lelmiszertermel\u0151 \u00e1llatokn\u00e1l.<br \/>\nA csomagol\u00e1st \u00e9s a marad\u00e9k term\u00e9ket h\u00e1ztart\u00e1si hullad\u00e9kk\u00e9nt \u00e1rtalmatlan\u00edtsa.<br \/>\nEz az \u00e1llatgy\u00f3gy\u00e1szati k\u00e9sz\u00edtm\u00e9ny a kis\u00e1llat-kiv\u00e9teli rendszer szerint ker\u00fcl forgalomba.<\/p>\n<h6>\u00d6sszet\u00e9tel:<\/h6>\n<p>Szulfakl\u00f3rpiridazin-n\u00e1trium 5%, seg\u00e9danyagok q.s. 100 g-ig<\/p>\n<h6>FONTOS<\/h6>\n<p>A por id\u0151vel enyh\u00e9n megkem\u00e9nyedhet. Ez nem befoly\u00e1solja a term\u00e9k min\u0151s\u00e9g\u00e9t vagy hat\u00e9konys\u00e1g\u00e1t.<\/p>\n","protected":false},"excerpt":{"rendered":"<p>Javallat: Kokcidi\u00f3zis \u00e9s Atoxoplazm\u00f3zis (Lankesterella) madarakn\u00e1l. T\u00fcnetek: \u2022 \u00c9tv\u00e1gytalans\u00e1g \u2022 Felborzolt tollazat \u2022 Vizes, ny\u00e1lk\u00e1s \u00fcr\u00fcl\u00e9k \u2022 Szennyezett klo\u00e1ka k\u00f6r\u00fcli tollak \u2022&hellip;<\/p>\n","protected":false},"featured_media":13702,"template":"","meta":[],"product_cat":[297],"product_tag":[],"class_list":{"0":"post-13701","1":"product","2":"type-product","3":"status-publish","4":"has-post-thumbnail","6":"product_cat-madargyogyszerek","8":"first","9":"instock","10":"shipping-taxable","11":"product-type-simple"},"_links":{"self":[{"href":"https:\/\/care4birds.bg\/hu\/wp-json\/wp\/v2\/product\/13701","targetHints":{"allow":["GET"]}}],"collection":[{"href":"https:\/\/care4birds.bg\/hu\/wp-json\/wp\/v2\/product"}],"about":[{"href":"https:\/\/care4birds.bg\/hu\/wp-json\/wp\/v2\/types\/product"}],"wp:featuredmedia":[{"embeddable":true,"href":"https:\/\/care4birds.bg\/hu\/wp-json\/wp\/v2\/media\/13702"}],"wp:attachment":[{"href":"https:\/\/care4birds.bg\/hu\/wp-json\/wp\/v2\/media?parent=13701"}],"wp:term":[{"taxonomy":"product_cat","embeddable":true,"href":"https:\/\/care4birds.bg\/hu\/wp-json\/wp\/v2\/product_cat?post=13701"},{"taxonomy":"product_tag","embeddable":true,"href":"https:\/\/care4birds.bg\/hu\/wp-json\/wp\/v2\/product_tag?post=13701"}],"curies":[{"name":"wp","href":"https:\/\/api.w.org\/{rel}","templated":true}]}}