{"id":13713,"date":"2025-11-03T11:29:04","date_gmt":"2025-11-03T11:29:04","guid":{"rendered":"https:\/\/care4birds.bg\/product\/multivit-mix\/"},"modified":"2026-04-09T09:52:20","modified_gmt":"2026-04-09T09:52:20","slug":"multivit-mix","status":"publish","type":"product","link":"https:\/\/care4birds.bg\/hu\/termek\/multivit-mix\/","title":{"rendered":"Multivit-Mix"},"content":{"rendered":"<div>A Multivit-mix egy speci\u00e1lis v\u00edzben old\u00f3d\u00f3 vitaminokb\u00f3l \u00e9s gl\u00fck\u00f3zb\u00f3l \u00e1ll\u00f3 kever\u00e9k. Ezek a vitaminok nagyon fontosak a madarak anyagcser\u00e9j\u00e9hez. A kever\u00e9khez gl\u00fck\u00f3zt adtak, hogy k\u00f6zvetlen energi\u00e1t biztos\u00edtson a madarak sz\u00e1m\u00e1ra.<\/div>\n<div><\/div>\n<div>A Multivit-mix hozz\u00e1j\u00e1rul:<\/div>\n<div>A Multivit-mix hozz\u00e1j\u00e1rul:<\/div>\n<div>\u2022 fokozott ellen\u00e1ll\u00f3 k\u00e9pess\u00e9g<\/div>\n<div>\u2022 j\u00f3 szaporod\u00e1s<\/div>\n<div>\u2022 optim\u00e1lis regener\u00e1ci\u00f3<\/div>\n<div><\/div>\n<div>A madarak napi vitaminsz\u00fcks\u00e9glete nagyon fontos; a vitaminhi\u00e1ny sz\u00e1mos probl\u00e9m\u00e1t okozhat, p\u00e9ld\u00e1ul:<\/div>\n<div>\u2022 Az A-vitamin hi\u00e1nya alacsony term\u00e9kenys\u00e9get okozhat a h\u00edmekn\u00e9l \u00e9s n\u0151st\u00e9nyekn\u00e9l, elv\u00e1ltoz\u00e1sokat id\u00e9zhet el\u0151 a l\u00e9gz\u0151- \u00e9s em\u00e9szt\u0151rendszer ny\u00e1lkah\u00e1rty\u00e1j\u00e1ban, megk\u00f6nny\u00edtve a fert\u0151z\u00e9sek kialakul\u00e1s\u00e1t, befoly\u00e1solja a l\u00e1t\u00e1st \u00e9s embri\u00f3elhal\u00e1st okozhat.<\/div>\n<div>\u2022 A B-vitamin csoport hi\u00e1nya idegrendszeri zavarokat, n\u00f6veked\u00e9si visszamarad\u00e1st, tollfejl\u0151d\u00e9si probl\u00e9m\u00e1kat, zs\u00edranyagcsere-zavarokat, rossz keltethet\u0151s\u00e9get \u00e9s gyenge fi\u00f3kafejl\u0151d\u00e9st okozhat.<\/div>\n<div>\u2022 A D-vitamin hi\u00e1nya angolk\u00f3rt \u00e9s puha h\u00e9j\u00fa toj\u00e1sokat okozhat.<\/div>\n<div><\/div>\n<div>A multivitaminokat legal\u00e1bb hetente egyszer kell adni:<\/div>\n<div>\u2022 N\u00f6veked\u00e9s, vedl\u00e9s \u00e9s szaporod\u00e1s idej\u00e9n<\/div>\n<div>\u2022 Er\u0151s megterhel\u00e9s \u00e9s stressz eset\u00e9n<\/div>\n<div>\u2022 Betegs\u00e9g, f\u00e9regtelen\u00edt\u00e9s \u00e9s olt\u00e1sok ut\u00e1n<\/div>\n<h6>Adagol\u00e1s<\/h6>\n<p>Adagol\u00e1s: d\u00edszmadarak:<br \/>\n\u2022 Egyszeri adag gy\u00f3gyszeres kezel\u00e9s ut\u00e1n: 2 g\/0,5 l iv\u00f3v\u00edz vagy 2 g\/250 g takarm\u00e1ny<br \/>\n\u2022 Fenntart\u00f3 adag: hetente k\u00e9tszer 1 g\/0,5 l iv\u00f3v\u00edz vagy 1 g\/250 g takarm\u00e1ny<br \/>\nA Multivit-mix iv\u00f3v\u00edzhez adhat\u00f3 vagy takarm\u00e1nnyal keverve adhat\u00f3. M\u00e9r\u0151kan\u00e1l 1+5 g mell\u00e9kelve.<\/p>\n<h6>K\u00f6lcs\u00f6nhat\u00e1s(ok): nem ismert.<\/h6>\n<h6>Ellenjavallat(ok): t\u00faladagol\u00e1s.<\/h6>\n<p>&nbsp;<\/p>\n<h6>MEGJEGYZ\u00c9S: HASZN\u00c1LAT EL\u0150TT OLVASSA EL AZ UTAS\u00cdT\u00c1SOKAT.<\/h6>\n<p>Sz\u00e1raz helyen, k\u00f6zvetlen napf\u00e9nyt\u0151l v\u00e9dve, 0\u201330 \u00b0C k\u00f6z\u00f6tt t\u00e1roland\u00f3.<br \/>\nFelbont\u00e1s ut\u00e1n eltarthat\u00f3s\u00e1g: 1 \u00e9v.<br \/>\nGy\u00e1rt\u00e1si sz\u00e1m \u00e9s lej\u00e1rati id\u0151: l\u00e1sd a csomagol\u00e1son.<br \/>\nKer\u00fclje a gy\u00f3gyszer k\u00e9zzel val\u00f3 \u00e9rintkez\u00e9s\u00e9t.<br \/>\nGyermekekt\u0151l elz\u00e1rva tartand\u00f3.<br \/>\nCsak \u00e1llatok kezel\u00e9s\u00e9re. Nem haszn\u00e1lhat\u00f3 \u00e9lelmiszertermel\u0151 \u00e1llatokn\u00e1l.<br \/>\nA csomagol\u00e1st \u00e9s a marad\u00e9k term\u00e9ket h\u00e1ztart\u00e1si hullad\u00e9kk\u00e9nt \u00e1rtalmatlan\u00edtsa.<br \/>\nEz az \u00e1llatgy\u00f3gy\u00e1szati k\u00e9sz\u00edtm\u00e9ny a kis\u00e1llat-kiv\u00e9teli rendszer szerint ker\u00fcl forgalomba.<\/p>\n<h6>\u00d6sszet\u00e9tel:<\/h6>\n<p>200 g multivitamin<\/p>\n","protected":false},"excerpt":{"rendered":"<p>A Multivit-mix egy speci\u00e1lis v\u00edzben old\u00f3d\u00f3 vitaminokb\u00f3l \u00e9s gl\u00fck\u00f3zb\u00f3l \u00e1ll\u00f3 kever\u00e9k. Ezek a vitaminok nagyon fontosak a madarak anyagcser\u00e9j\u00e9hez. A kever\u00e9khez gl\u00fck\u00f3zt&hellip;<\/p>\n","protected":false},"featured_media":13714,"template":"","meta":[],"product_cat":[297],"product_tag":[],"class_list":{"0":"post-13713","1":"product","2":"type-product","3":"status-publish","4":"has-post-thumbnail","6":"product_cat-madargyogyszerek","8":"first","9":"instock","10":"shipping-taxable","11":"product-type-simple"},"_links":{"self":[{"href":"https:\/\/care4birds.bg\/hu\/wp-json\/wp\/v2\/product\/13713","targetHints":{"allow":["GET"]}}],"collection":[{"href":"https:\/\/care4birds.bg\/hu\/wp-json\/wp\/v2\/product"}],"about":[{"href":"https:\/\/care4birds.bg\/hu\/wp-json\/wp\/v2\/types\/product"}],"wp:featuredmedia":[{"embeddable":true,"href":"https:\/\/care4birds.bg\/hu\/wp-json\/wp\/v2\/media\/13714"}],"wp:attachment":[{"href":"https:\/\/care4birds.bg\/hu\/wp-json\/wp\/v2\/media?parent=13713"}],"wp:term":[{"taxonomy":"product_cat","embeddable":true,"href":"https:\/\/care4birds.bg\/hu\/wp-json\/wp\/v2\/product_cat?post=13713"},{"taxonomy":"product_tag","embeddable":true,"href":"https:\/\/care4birds.bg\/hu\/wp-json\/wp\/v2\/product_tag?post=13713"}],"curies":[{"name":"wp","href":"https:\/\/api.w.org\/{rel}","templated":true}]}}