{"id":13725,"date":"2025-11-03T11:27:22","date_gmt":"2025-11-03T11:27:22","guid":{"rendered":"https:\/\/care4birds.bg\/product\/eye-cream-2\/"},"modified":"2026-04-09T09:55:09","modified_gmt":"2026-04-09T09:55:09","slug":"eye-cream-2","status":"publish","type":"product","link":"https:\/\/care4birds.bg\/hu\/termek\/eye-cream-2\/","title":{"rendered":"Eye cream"},"content":{"rendered":"<h6>Jelz\u00e9s:<\/h6>\n<div>Mindenf\u00e9le fert\u0151z\u00e9s; szem- vagy f\u00fclbetegs\u00e9gek, amelyek allergi\u00e1s reakci\u00f3kkal komplik\u00e1l\u00f3dtak.<\/div>\n<h6>Adagol\u00e1s<\/h6>\n<div>Kis mennyis\u00e9g a szem vagy f\u00fcl k\u00f6r\u00e9, vagy az \u00e1llatorvos el\u0151\u00edr\u00e1sa szerint<\/div>\n<h6>Keze\u00e9s<\/h6>\n<div>Napi 1-2 alkalommal, am\u00edg javul\u00e1s nem l\u00e1tszik, vagy az \u00e1llatorvos utas\u00edt\u00e1sa szerint<\/div>\n<h6>MEGJEGYZ\u00c9S: HASZN\u00c1LAT EL\u0150TT OLVASSA EL AZ UTAS\u00cdT\u00c1SOKAT.<\/h6>\n<div><\/div>\n<ul>\n<li>T\u00e1rolja sz\u00e1raz helyen, k\u00f6zvetlen napf\u00e9nyt\u0151l v\u00e9dve, 0-30 \u00b0C k\u00f6z\u00f6tt.<\/li>\n<li>Nyit\u00e1s ut\u00e1n a t\u00e1rol\u00e1s korl\u00e1tozott.<\/li>\n<li>Ker\u00fclje a gy\u00f3gyszer k\u00e9zzel val\u00f3 \u00e9rintkez\u00e9s\u00e9t.<\/li>\n<li>Gyermekekt\u0151l elz\u00e1rva tartand\u00f3.<\/li>\n<li>Csak \u00e1llatok kezel\u00e9s\u00e9re. Nem haszn\u00e1lhat\u00f3 \u00e9lelmiszertermel\u0151 \u00e1llatokn\u00e1l.<\/li>\n<li>K\u00e9ts\u00e9g vagy tart\u00f3s probl\u00e9ma eset\u00e9n konzult\u00e1ljon szakemberrel.<\/li>\n<\/ul>\n<div>A TERM\u00c9K SZTEROIDOT TARTALMAZ.<\/div>\n<h6>Formula<\/h6>\n<div>Tartalmaz: Oxytetracycline HCl 5,4 mg\/g, Polimixin B szulf\u00e1t 1,27 mg\/g, Hidrokortizon mikr. 1,5 mg\/g (5 grammos tubusban)<\/div>\n<h6>Tartalmaz:<\/h6>\n<div>5 g \u00e1llatgy\u00f3gy\u00e1szati k\u00e9sz\u00edtm\u00e9ny madaraknak<\/div>\n","protected":false},"excerpt":{"rendered":"<p>Jelz\u00e9s: Mindenf\u00e9le fert\u0151z\u00e9s; szem- vagy f\u00fclbetegs\u00e9gek, amelyek allergi\u00e1s reakci\u00f3kkal komplik\u00e1l\u00f3dtak. Adagol\u00e1s Kis mennyis\u00e9g a szem vagy f\u00fcl k\u00f6r\u00e9, vagy az \u00e1llatorvos el\u0151\u00edr\u00e1sa&hellip;<\/p>\n","protected":false},"featured_media":13726,"template":"","meta":[],"product_cat":[297],"product_tag":[],"class_list":{"0":"post-13725","1":"product","2":"type-product","3":"status-publish","4":"has-post-thumbnail","6":"product_cat-madargyogyszerek","8":"first","9":"instock","10":"shipping-taxable","11":"product-type-simple"},"_links":{"self":[{"href":"https:\/\/care4birds.bg\/hu\/wp-json\/wp\/v2\/product\/13725","targetHints":{"allow":["GET"]}}],"collection":[{"href":"https:\/\/care4birds.bg\/hu\/wp-json\/wp\/v2\/product"}],"about":[{"href":"https:\/\/care4birds.bg\/hu\/wp-json\/wp\/v2\/types\/product"}],"wp:featuredmedia":[{"embeddable":true,"href":"https:\/\/care4birds.bg\/hu\/wp-json\/wp\/v2\/media\/13726"}],"wp:attachment":[{"href":"https:\/\/care4birds.bg\/hu\/wp-json\/wp\/v2\/media?parent=13725"}],"wp:term":[{"taxonomy":"product_cat","embeddable":true,"href":"https:\/\/care4birds.bg\/hu\/wp-json\/wp\/v2\/product_cat?post=13725"},{"taxonomy":"product_tag","embeddable":true,"href":"https:\/\/care4birds.bg\/hu\/wp-json\/wp\/v2\/product_tag?post=13725"}],"curies":[{"name":"wp","href":"https:\/\/api.w.org\/{rel}","templated":true}]}}