{"id":13731,"date":"2025-11-03T11:22:42","date_gmt":"2025-11-03T11:22:42","guid":{"rendered":"https:\/\/care4birds.bg\/product\/multivitamin\/"},"modified":"2026-04-09T09:57:31","modified_gmt":"2026-04-09T09:57:31","slug":"multivitamin","status":"publish","type":"product","link":"https:\/\/care4birds.bg\/hu\/termek\/multivitamin\/","title":{"rendered":"Multivitamin"},"content":{"rendered":"<h6>SPEC\u00c1LIS KEVER\u00c9K V\u00cdZBEN OLDHAT\u00d3 VITAMINOKB\u00d3L \u00c9S GL\u00dcK\u00d3ZB\u00d3L<\/h6>\n<h6>Jelz\u00e9s:<\/h6>\n<div>A Multivit-mix egy speci\u00e1lis kever\u00e9k v\u00edzben oldhat\u00f3 vitaminokb\u00f3l \u00e9s gl\u00fck\u00f3zb\u00f3l. Ezek a vitaminok nagy jelent\u0151s\u00e9ggel b\u00edrnak a madarak anyagcser\u00e9j\u00e9ben. A gl\u00fck\u00f3zt az\u00e9rt adj\u00e1k hozz\u00e1, hogy k\u00f6zvetlen energi\u00e1t biztos\u00edtson a madarak sz\u00e1m\u00e1ra.<\/div>\n<div>A Multivit-mix hozz\u00e1j\u00e1rul:<\/div>\n<ul>\n<li>Fokozott ellen\u00e1ll\u00f3 k\u00e9pess\u00e9ghez<\/li>\n<li>J\u00f3 szaporod\u00e1shoz<\/li>\n<li>Optim\u00e1lis fel\u00e9p\u00fcl\u00e9shez<\/li>\n<\/ul>\n<div>A madarak napi vitaminig\u00e9nye nagyon fontos; a vitaminhi\u00e1ny t\u00f6bb probl\u00e9m\u00e1t okozhat, p\u00e9ld\u00e1ul:<\/div>\n<ul>\n<li>A-vitamin hi\u00e1ny term\u00e9ketlens\u00e9get okozhat h\u00edmn\u00e9l \u00e9s n\u0151st\u00e9nyn\u00e9l, v\u00e1ltoz\u00e1sokat id\u00e9zhet el\u0151 a l\u00e9gz\u0151- \u00e9s em\u00e9szt\u0151rendszer ny\u00e1lkah\u00e1rty\u00e1j\u00e1ban, amely megk\u00f6nny\u00edti a fert\u0151z\u00e9s behatol\u00e1s\u00e1t, befoly\u00e1solja a l\u00e1t\u00e1st \u00e9s az embri\u00f3 elhal\u00e1s\u00e1t okozhatja.<\/li>\n<li>B-vitamin hi\u00e1ny idegrendszeri rendelleness\u00e9geket, a tollak n\u00f6veked\u00e9s\u00e9nek \u00e9s fejl\u0151d\u00e9s\u00e9nek lassul\u00e1s\u00e1t, zavarokat a zs\u00edranyagcser\u00e9ben, rossz toj\u00e1skeltethet\u0151s\u00e9get \u00e9s gyenge csibefejl\u0151d\u00e9st okozhat.<\/li>\n<li>D-vitamin hi\u00e1ny olyan \u00e1llapotokat okozhat, mint a angolk\u00f3r \u00e9s a puhatest\u0171 toj\u00e1sok.<\/li>\n<\/ul>\n<div>A multivitaminokat legal\u00e1bb hetente egyszer adjuk:<\/div>\n<ul>\n<li>Nevel\u00e9s, vedl\u00e9s \u00e9s szaporod\u00e1s idej\u00e9n<\/li>\n<li>Nagy terhel\u00e9s \u00e9s stressz alatt<\/li>\n<li>Betegs\u00e9g, f\u00e9regtelen\u00edt\u00e9s \u00e9s olt\u00e1sok ut\u00e1n<\/li>\n<\/ul>\n<h6>Alkalmaz\u00e1s: Adagol\u00e1s: Galambok:<\/h6>\n<p><i>MULTIVITAMIN POR<\/i><\/p>\n<ul>\n<li>Egyszeri adag gy\u00f3gyszeres kezel\u00e9s ut\u00e1n: 5 g \/ 1 l iv\u00f3v\u00edz vagy 5 g \/ 500 g t\u00e1pl\u00e1l\u00e9k<\/li>\n<li>Fenntart\u00f3 adag: hetente k\u00e9tszer 5 g \/ 2 l iv\u00f3v\u00edz vagy 5 g \/ 1 kg t\u00e1pl\u00e1l\u00e9k<\/li>\n<\/ul>\n<div>A Multivit-mix hozz\u00e1adhat\u00f3 az iv\u00f3v\u00edzhez vagy az eledelhez.<\/div>\n<div>M\u00e9r\u0151kan\u00e1l 1+5 g mell\u00e9kelve.<\/div>\n<p><i>MULTIVITAMIN TABLETTA<\/i><\/p>\n<ul>\n<li>Fenntart\u00e1s: 1 tabletta galambonk\u00e9nt (400-500 g testt\u00f6meg) 1-2 nap hetente<\/li>\n<li>Keze\u00e9s: 1 tabletta galambonk\u00e9nt (400-500 g testt\u00f6meg) 5 egym\u00e1st k\u00f6vet\u0151 napig, vagy az \u00e1llatorvos el\u0151\u00edr\u00e1sa szerint<\/li>\n<\/ul>\n<h6>K\u00f6lcs\u00f6nhat\u00e1sok:<\/h6>\n<div>Ismeretlen<\/div>\n<h6>Ellene jelz\u00e9s:<\/h6>\n<div>T\u00faladagol\u00e1s<\/div>\n<h6>Tartalmaz:<\/h6>\n<p><i>MULTIVITAMIN POR<\/i><\/p>\n<div class=\"separator\"><a href=\"https:\/\/blogger.googleusercontent.com\/img\/b\/R29vZ2xl\/AVvXsEj7g4Mx4Rvf9SUsWl0-swRcF2lmXal96ez5iMt5o76zV9C2qXmevPTOzIo8bbnuiRiJShjPp-RN_5DKs0AuVhrDoMv95Xf-WRTlYWIjqKO5mpEkvDQCxLV4rzUt6NfKnXPzuPfqHPDr0IKr\/s1600\/composition_multivitamin.JPG\" target=\"_blank\" rel=\"noopener\"><img fetchpriority=\"high\" decoding=\"async\" src=\"https:\/\/blogger.googleusercontent.com\/img\/b\/R29vZ2xl\/AVvXsEj7g4Mx4Rvf9SUsWl0-swRcF2lmXal96ez5iMt5o76zV9C2qXmevPTOzIo8bbnuiRiJShjPp-RN_5DKs0AuVhrDoMv95Xf-WRTlYWIjqKO5mpEkvDQCxLV4rzUt6NfKnXPzuPfqHPDr0IKr\/s320\/composition_multivitamin.JPG\" width=\"238\" height=\"320\" border=\"0\" data-original-height=\"709\" data-original-width=\"529\" \/><\/a><\/div>\n<div><\/div>\n<div><i>MULTIVITAMIN TABLETTA<\/i><\/div>\n<div>Vitaminok (A, B-komplex, C, D, E), aminosavak, nyomelemek.<\/div>\n","protected":false},"excerpt":{"rendered":"<p>SPEC\u00c1LIS KEVER\u00c9K V\u00cdZBEN OLDHAT\u00d3 VITAMINOKB\u00d3L \u00c9S GL\u00dcK\u00d3ZB\u00d3L Jelz\u00e9s: A Multivit-mix egy speci\u00e1lis kever\u00e9k v\u00edzben oldhat\u00f3 vitaminokb\u00f3l \u00e9s gl\u00fck\u00f3zb\u00f3l. Ezek a vitaminok nagy&hellip;<\/p>\n","protected":false},"featured_media":13732,"template":"","meta":[],"product_cat":[308],"product_tag":[],"class_list":{"0":"post-13731","1":"product","2":"type-product","3":"status-publish","4":"has-post-thumbnail","6":"product_cat-kiegeszitok-galambok-szamara","8":"first","9":"instock","10":"shipping-taxable","11":"product-type-simple"},"_links":{"self":[{"href":"https:\/\/care4birds.bg\/hu\/wp-json\/wp\/v2\/product\/13731","targetHints":{"allow":["GET"]}}],"collection":[{"href":"https:\/\/care4birds.bg\/hu\/wp-json\/wp\/v2\/product"}],"about":[{"href":"https:\/\/care4birds.bg\/hu\/wp-json\/wp\/v2\/types\/product"}],"wp:featuredmedia":[{"embeddable":true,"href":"https:\/\/care4birds.bg\/hu\/wp-json\/wp\/v2\/media\/13732"}],"wp:attachment":[{"href":"https:\/\/care4birds.bg\/hu\/wp-json\/wp\/v2\/media?parent=13731"}],"wp:term":[{"taxonomy":"product_cat","embeddable":true,"href":"https:\/\/care4birds.bg\/hu\/wp-json\/wp\/v2\/product_cat?post=13731"},{"taxonomy":"product_tag","embeddable":true,"href":"https:\/\/care4birds.bg\/hu\/wp-json\/wp\/v2\/product_tag?post=13731"}],"curies":[{"name":"wp","href":"https:\/\/api.w.org\/{rel}","templated":true}]}}