{"id":13746,"date":"2025-11-03T11:19:23","date_gmt":"2025-11-03T11:19:23","guid":{"rendered":"https:\/\/care4birds.bg\/product\/brewers-yeast\/"},"modified":"2026-04-09T10:01:34","modified_gmt":"2026-04-09T10:01:34","slug":"brewers-yeast","status":"publish","type":"product","link":"https:\/\/care4birds.bg\/hu\/termek\/brewers-yeast\/","title":{"rendered":"Brewer`s yeast"},"content":{"rendered":"<div>\n<h6>Jelz\u00e9s:<\/h6>\n<\/div>\n<div>A s\u00f6r\u00e9leszt\u0151 term\u00e9szetes t\u00e1pl\u00e1l\u00e9k eg\u00e9szs\u00e9gv\u00e9d\u0151 tulajdons\u00e1gokkal. A s\u00f6r\u00e9leszt\u0151 gazdag term\u00e9szetes vitaminokban (bele\u00e9rtve a B-komplexet), \u00e1sv\u00e1nyi anyagokban, feh\u00e9rj\u00e9kben, aminosavakban \u00e9s nyomelemekben. Ezek fontosak a galambok kond\u00edci\u00f3ja \u00e9s form\u00e1ja szempontj\u00e1b\u00f3l. Adjon galambjainak s\u00f6r\u00e9leszt\u0151t legal\u00e1bb hetente egyszer, fokhagym\u00e1s olajjal eg\u00e9sz \u00e9vben.<\/div>\n<div>\n<h6>Adagol\u00e1s<\/h6>\n<\/div>\n<div>25 gramm (kb. 1 p\u00fapozott ev\u0151kan\u00e1l) takarm\u00e1nyra 1-2 nap hetente 40-50 galamb vagy 20 kg \u00e9l\u0151s\u00faly\u00fa mad\u00e1r eset\u00e9n.<\/div>\n<div>\n<h6>Ellent\u00e9tes javallat:<\/h6>\n<\/div>\n<div>Ebben az adagol\u00e1sban nem ismert<\/div>\n<div>\n<h6>Tartalom:<\/h6>\n<p>800 g \u00e9trend-kieg\u00e9sz\u00edt\u0151 sportmadarak sz\u00e1m\u00e1ra.\n<\/p><\/div>\n","protected":false},"excerpt":{"rendered":"<p>Jelz\u00e9s: A s\u00f6r\u00e9leszt\u0151 term\u00e9szetes t\u00e1pl\u00e1l\u00e9k eg\u00e9szs\u00e9gv\u00e9d\u0151 tulajdons\u00e1gokkal. A s\u00f6r\u00e9leszt\u0151 gazdag term\u00e9szetes vitaminokban (bele\u00e9rtve a B-komplexet), \u00e1sv\u00e1nyi anyagokban, feh\u00e9rj\u00e9kben, aminosavakban \u00e9s nyomelemekben. Ezek&hellip;<\/p>\n","protected":false},"featured_media":13519,"template":"","meta":[],"product_cat":[308],"product_tag":[],"class_list":{"0":"post-13746","1":"product","2":"type-product","3":"status-publish","4":"has-post-thumbnail","6":"product_cat-kiegeszitok-galambok-szamara","8":"first","9":"instock","10":"shipping-taxable","11":"product-type-simple"},"_links":{"self":[{"href":"https:\/\/care4birds.bg\/hu\/wp-json\/wp\/v2\/product\/13746","targetHints":{"allow":["GET"]}}],"collection":[{"href":"https:\/\/care4birds.bg\/hu\/wp-json\/wp\/v2\/product"}],"about":[{"href":"https:\/\/care4birds.bg\/hu\/wp-json\/wp\/v2\/types\/product"}],"wp:featuredmedia":[{"embeddable":true,"href":"https:\/\/care4birds.bg\/hu\/wp-json\/wp\/v2\/media\/13519"}],"wp:attachment":[{"href":"https:\/\/care4birds.bg\/hu\/wp-json\/wp\/v2\/media?parent=13746"}],"wp:term":[{"taxonomy":"product_cat","embeddable":true,"href":"https:\/\/care4birds.bg\/hu\/wp-json\/wp\/v2\/product_cat?post=13746"},{"taxonomy":"product_tag","embeddable":true,"href":"https:\/\/care4birds.bg\/hu\/wp-json\/wp\/v2\/product_tag?post=13746"}],"curies":[{"name":"wp","href":"https:\/\/api.w.org\/{rel}","templated":true}]}}