{"id":13749,"date":"2025-11-03T11:18:21","date_gmt":"2025-11-03T11:18:21","guid":{"rendered":"https:\/\/care4birds.bg\/product\/garlic-oil\/"},"modified":"2026-04-09T10:03:47","modified_gmt":"2026-04-09T10:03:47","slug":"garlic-oil","status":"publish","type":"product","link":"https:\/\/care4birds.bg\/hu\/termek\/garlic-oil\/","title":{"rendered":"Garlic Oil"},"content":{"rendered":"<div>\nSpeci\u00e1lisan fejlesztve, hogy a fokhagyma term\u00e9szetes el\u0151nyeit biztons\u00e1gos \u00e9s hat\u00e9kony m\u00f3don biztos\u00edtsa a madarak sz\u00e1m\u00e1ra. A fokhagyma rendk\u00edv\u00fcl gazdag t\u00e1panyagokban, t\u00f6bbek k\u00f6z\u00f6tt kalciumban, foszforban, k\u00e9ntartalm\u00fa vegy\u00fcletekben, vasban, tiaminnal, riboflavinban \u00e9s C-vitaminban, valamint antioxid\u00e1nsokban, p\u00e9ld\u00e1ul germ\u00e1niumban \u00e9s szel\u00e9nben. Ez\u00e9rt a Fokhagymaolaj nagyon fontos a tollazat kondicion\u00e1l\u00e1s\u00e1hoz. A fokhagyma fontoss\u00e1ga galambok \u00e9s madarak sz\u00e1m\u00e1ra, mint term\u00e9szetes f\u00e9regirt\u00f3, kondicion\u00e1l\u00f3 \u00e9s a pehelytollak hull\u00e1s\u00e1nak el\u0151seg\u00edt\u0151je, m\u00e1r r\u00e9g\u00f3ta ismert. A fokhagyma jav\u00edtja a v\u00e9rkering\u00e9st, \u00e9s a Fokhagymaolaj tiszta fokhagyma kivonatokat \u00e9s finom\u00edtott sz\u00f3jaolajat tartalmaz, amely gazdag linol\u00e9nsavban \u00e9s linolsavban. Nincs hozz\u00e1adott vegyszer \u00e9s nincs h\u0151kezel\u00e9s, \u00edgy hat\u00e9konys\u00e1ga nem cs\u00f6kken. V\u00e9delmet ny\u00fajt a l\u00e9gutak sz\u00e1m\u00e1ra.\n<\/div>\n<h6>Adagol\u00e1s<\/h6>\n<div>\n15 ml (1\/2 m\u00e9r\u0151sapka) fokhagymaolaj\/kg takarm\u00e1ny \/ gabona<br \/>\n&#8211; T\u00e9len, teny\u00e9szt\u00e9si \u00e9s versenyszezonban: heti 1 nap.<br \/>\n&#8211; Versenyszezon el\u0151k\u00e9sz\u00edt\u00e9sekor: egy teljes h\u00e9tig.<br \/>\n&#8211; Vedl\u00e9s idej\u00e9n: heti 2 nap.<br \/>\nNe keverje ezt a term\u00e9ket v\u00edzzel!\n<\/div>\n<h6>\u00d6sszet\u00e9tel:<\/h6>\n<div>\nElemz\u00e9s Fokhagymaolaj: nyers zs\u00edr 100 % <br \/>\nT\u00e1pl\u00e1lkoz\u00e1si adal\u00e9kok: E-vitamin 1.400 mg\/kg\n<\/div>\n","protected":false},"excerpt":{"rendered":"<p>Speci\u00e1lisan fejlesztve, hogy a fokhagyma term\u00e9szetes el\u0151nyeit biztons\u00e1gos \u00e9s hat\u00e9kony m\u00f3don biztos\u00edtsa a madarak sz\u00e1m\u00e1ra. A fokhagyma rendk\u00edv\u00fcl gazdag t\u00e1panyagokban, t\u00f6bbek k\u00f6z\u00f6tt&hellip;<\/p>\n","protected":false},"featured_media":13518,"template":"","meta":[],"product_cat":[308],"product_tag":[],"class_list":{"0":"post-13749","1":"product","2":"type-product","3":"status-publish","4":"has-post-thumbnail","6":"product_cat-kiegeszitok-galambok-szamara","8":"first","9":"instock","10":"shipping-taxable","11":"product-type-simple"},"_links":{"self":[{"href":"https:\/\/care4birds.bg\/hu\/wp-json\/wp\/v2\/product\/13749","targetHints":{"allow":["GET"]}}],"collection":[{"href":"https:\/\/care4birds.bg\/hu\/wp-json\/wp\/v2\/product"}],"about":[{"href":"https:\/\/care4birds.bg\/hu\/wp-json\/wp\/v2\/types\/product"}],"wp:featuredmedia":[{"embeddable":true,"href":"https:\/\/care4birds.bg\/hu\/wp-json\/wp\/v2\/media\/13518"}],"wp:attachment":[{"href":"https:\/\/care4birds.bg\/hu\/wp-json\/wp\/v2\/media?parent=13749"}],"wp:term":[{"taxonomy":"product_cat","embeddable":true,"href":"https:\/\/care4birds.bg\/hu\/wp-json\/wp\/v2\/product_cat?post=13749"},{"taxonomy":"product_tag","embeddable":true,"href":"https:\/\/care4birds.bg\/hu\/wp-json\/wp\/v2\/product_tag?post=13749"}],"curies":[{"name":"wp","href":"https:\/\/api.w.org\/{rel}","templated":true}]}}