{"id":13752,"date":"2025-11-03T11:18:01","date_gmt":"2025-11-03T11:18:01","guid":{"rendered":"https:\/\/care4birds.bg\/product\/optimal-caps\/"},"modified":"2026-04-09T10:06:05","modified_gmt":"2026-04-09T10:06:05","slug":"optimal-caps","status":"publish","type":"product","link":"https:\/\/care4birds.bg\/hu\/termek\/optimal-caps\/","title":{"rendered":"Optimal caps"},"content":{"rendered":"<div>\nA t\u0151kehalm\u00e1j-olaj kapszul\u00e1k term\u00e9szetes A- \u00e9s D3-vitamin forr\u00e1sok, extra E-vitaminnal d\u00fas\u00edtva a szaporod\u00e1si id\u0151szakban a term\u00e9kenys\u00e9g t\u00e1mogat\u00e1s\u00e1ra. Ezek a kapszul\u00e1k el\u0151seg\u00edtik:<br \/>\n&#8211; a fiatal galambok csontv\u00e1z\u00e1nak fejl\u0151d\u00e9s\u00e9t \u00e9s n\u00f6veked\u00e9s\u00e9t<br \/>\n&#8211; a kakasok szexu\u00e1lis hajlam\u00e1t<br \/>\n&#8211; az eg\u00e9szs\u00e9ges immunrendszert\n<\/div>\n<div>\nA t\u0151kehalm\u00e1j-olaj kapszula extra E-vitaminnal term\u00e9szetes forr\u00e1sa az A-, D3- \u00e9s E-vitaminnak, gazdag omega-3 zs\u00edrsavakban, fontos a csontv\u00e1z, a csontok, a term\u00e9kenys\u00e9g \u00e9s a n\u00f6veked\u00e9s fel\u00e9p\u00edt\u00e9s\u00e9ben. A kapszula j\u00f3 foszfor- \u00e9s j\u00f3dforr\u00e1s is, amelyek el\u0151seg\u00edtik az ellen\u00e1ll\u00f3k\u00e9pess\u00e9get \u00e9s az energi\u00e1t.\n<\/div>\n<h6>\u00d6sszet\u00e9tel:<\/h6>\n<div>\nT\u0151kehalm\u00e1j-olaj 18\/12; Vitamin A 300 \u00b5g RE (1000 IU); Vitamin D 2,5 \u00b5g RE (100 IU); Vitamin E 6,7 mg a-TE (10 IU), Zselatin<br \/>\n<i>Analitikai \u00f6sszetev\u0151k:<\/i> Nyersfeh\u00e9rje 18,12%, Nyersrost 18,20%, Nyerszs\u00edr 0,05%, Nyershamu 0,03%\n<\/div>\n<h6>Haszn\u00e1lati utas\u00edt\u00e1s:<\/h6>\n<div>\n&#8211; 1 kapszula k\u00f6zvetlen\u00fcl a cs\u0151rbe adva<br \/>\n&#8211; Teny\u00e9szt\u00e9si id\u0151szakban: naponta 8 nappal a p\u00e1roztat\u00e1s el\u0151tt a m\u00e1sodik toj\u00e1sig<br \/>\n&#8211; Versenyszezonban: heti 2 kapszula<br \/>\n&#8211; Fiatal n\u00f6vekv\u0151 galamboknak: napi 1 kapszula\n<\/div>\n<div>\n<i>Tipp: Id\u0151sebb galambokn\u00e1l is alkalmazhat\u00f3 a term\u00e9kenys\u00e9g serkent\u00e9s\u00e9re<\/i>\n<\/div>\n<h6>MEGJEGYZ\u00c9S: OLVASSA EL A HASZN\u00c1LATI UTAS\u00cdT\u00c1ST!<\/h6>\n<ul>\n<li>Sz\u00e1raz helyen, k\u00f6zvetlen napf\u00e9nyt\u0151l v\u00e9dve, 0-30 \u00b0C k\u00f6z\u00f6tt t\u00e1roland\u00f3<\/li>\n<li>Nyit\u00e1s ut\u00e1n a szavatoss\u00e1g: egy (1) \u00e9v<\/li>\n<li>Gy\u00e1rt\u00e1si sz\u00e1m \u00e9s lej\u00e1rati d\u00e1tum: l\u00e1sd a csomagol\u00e1st<\/li>\n<li>Csak \u00e1llatgy\u00f3gy\u00e1szati felhaszn\u00e1l\u00e1sra. Nem emberi fogyaszt\u00e1sra sz\u00e1nt \u00e1llatok sz\u00e1m\u00e1ra<\/li>\n<li>Tartsa gyermekekt\u0151l elz\u00e1rva<\/li>\n<\/ul>\n<h6>Tartalom:<\/h6>\n<div>300 kapszula, \u00e9trend-kieg\u00e9sz\u00edt\u0151 madarak sz\u00e1m\u00e1ra<\/div>\n","protected":false},"excerpt":{"rendered":"<p>A t\u0151kehalm\u00e1j-olaj kapszul\u00e1k term\u00e9szetes A- \u00e9s D3-vitamin forr\u00e1sok, extra E-vitaminnal d\u00fas\u00edtva a szaporod\u00e1si id\u0151szakban a term\u00e9kenys\u00e9g t\u00e1mogat\u00e1s\u00e1ra. Ezek a kapszul\u00e1k el\u0151seg\u00edtik: &#8211;&hellip;<\/p>\n","protected":false},"featured_media":13753,"template":"","meta":[],"product_cat":[308],"product_tag":[],"class_list":{"0":"post-13752","1":"product","2":"type-product","3":"status-publish","4":"has-post-thumbnail","6":"product_cat-kiegeszitok-galambok-szamara","8":"first","9":"instock","10":"shipping-taxable","11":"product-type-simple"},"_links":{"self":[{"href":"https:\/\/care4birds.bg\/hu\/wp-json\/wp\/v2\/product\/13752","targetHints":{"allow":["GET"]}}],"collection":[{"href":"https:\/\/care4birds.bg\/hu\/wp-json\/wp\/v2\/product"}],"about":[{"href":"https:\/\/care4birds.bg\/hu\/wp-json\/wp\/v2\/types\/product"}],"wp:featuredmedia":[{"embeddable":true,"href":"https:\/\/care4birds.bg\/hu\/wp-json\/wp\/v2\/media\/13753"}],"wp:attachment":[{"href":"https:\/\/care4birds.bg\/hu\/wp-json\/wp\/v2\/media?parent=13752"}],"wp:term":[{"taxonomy":"product_cat","embeddable":true,"href":"https:\/\/care4birds.bg\/hu\/wp-json\/wp\/v2\/product_cat?post=13752"},{"taxonomy":"product_tag","embeddable":true,"href":"https:\/\/care4birds.bg\/hu\/wp-json\/wp\/v2\/product_tag?post=13752"}],"curies":[{"name":"wp","href":"https:\/\/api.w.org\/{rel}","templated":true}]}}