{"id":13759,"date":"2025-11-03T11:17:18","date_gmt":"2025-11-03T11:17:18","guid":{"rendered":"https:\/\/care4birds.bg\/product\/protein-mix\/"},"modified":"2026-04-09T10:07:53","modified_gmt":"2026-04-09T10:07:53","slug":"protein-mix","status":"publish","type":"product","link":"https:\/\/care4birds.bg\/hu\/termek\/protein-mix\/","title":{"rendered":"Protein Mix"},"content":{"rendered":"<h6>Jelz\u00e9s:<\/h6>\n<div>\nEz a tiszta forma 65% feh\u00e9rj\u00e9t tartalmaz s\u00faly szerint. Ezek a feh\u00e9rj\u00e9k seg\u00edtenek megel\u0151zni az izomleboml\u00e1st, \u00e9s glikog\u00e9n-tartal\u00e9kokat biztos\u00edtanak edz\u00e9s \u00e9s rep\u00fcl\u00e9s k\u00f6zben. Ugyanakkor ezek a feh\u00e9rj\u00e9k fontos forr\u00e1sai az esszenci\u00e1lis aminosavaknak \u00e9s a el\u00e1gaz\u00f3 l\u00e1nc\u00fa aminosavaknak, mint a valin, leucin \u00e9s izoleucin. Ezek az aminosavak kiemelked\u0151en jelen vannak az izmokban, \u00e9s intenz\u00edv er\u0151fesz\u00edt\u00e9s sor\u00e1n az izomsejtek gyorsan \u00e1talak\u00edthatj\u00e1k ezeket az aminosavakat energi\u00e1v\u00e1. Az esszenci\u00e1lis aminosavakat a szervezet nem tudja el\u0151\u00e1ll\u00edtani, ez\u00e9rt az \u00e9trendben kell biztos\u00edtani. Az \u00f6sszes esszenci\u00e1lis aminosavat tartalmaz\u00f3 feh\u00e9rjeforr\u00e1sokat teljes feh\u00e9rj\u00e9knek nevezz\u00fck. A PROTEIN MIX teljes feh\u00e9rje, \u00e9s ez seg\u00edt a madaraknak minden esszenci\u00e1lis aminosavat biztos\u00edtani. A feh\u00e9rjesz\u00fcks\u00e9glet a madarak \u00e9letkor\u00e1t\u00f3l, az \u00e9vszakt\u00f3l \u00e9s a teljes\u00edtm\u00e9ny ig\u00e9ny\u00e9t\u0151l f\u00fcgg.\n<\/div>\n<h6>Adagol\u00e1s:<\/h6>\n<div>\n\u00c1ltal\u00e1nos adag (joghurtba keverve):<br \/>\n&#8211; Versenyszezonban gyors regener\u00e1ci\u00f3 \u00e9s nagy energiatartal\u00e9k \u00e9rdek\u00e9ben: 20 g \/ kg nedves\u00edtett takarm\u00e1ny, k\u00f6zvetlen\u00fcl haza\u00e9rkez\u00e9s ut\u00e1n, 3 egym\u00e1st k\u00f6vet\u0151 napon.<br \/>\n&#8211; Vedl\u00e9s alatt az eg\u00e9szs\u00e9ges, er\u0151s tollak\u00e9rt: 20 g \/ kg nedves\u00edtett takarm\u00e1ny, heti k\u00e9tszer.<br \/>\n&#8211; Teny\u00e9szt\u00e9s sor\u00e1n j\u00f3l fejlett fiatalok\u00e9rt: 20 g \/ kg nedves\u00edtett takarm\u00e1ny, heti k\u00e9tszer.<br \/>\nEgy teljes m\u00e9r\u0151kan\u00e1l kb. 20 g term\u00e9k.\n<\/div>\n<h6>Tartalmaz:<\/h6>\n<div>500 g \u00e9trend-kieg\u00e9sz\u00edt\u0151 sportmadarak sz\u00e1m\u00e1ra<\/div>\n","protected":false},"excerpt":{"rendered":"<p>Jelz\u00e9s: Ez a tiszta forma 65% feh\u00e9rj\u00e9t tartalmaz s\u00faly szerint. Ezek a feh\u00e9rj\u00e9k seg\u00edtenek megel\u0151zni az izomleboml\u00e1st, \u00e9s glikog\u00e9n-tartal\u00e9kokat biztos\u00edtanak edz\u00e9s \u00e9s&hellip;<\/p>\n","protected":false},"featured_media":13516,"template":"","meta":[],"product_cat":[308,303],"product_tag":[],"class_list":{"0":"post-13759","1":"product","2":"type-product","3":"status-publish","4":"has-post-thumbnail","6":"product_cat-kiegeszitok-galambok-szamara","7":"product_cat-kiegeszitok-madaraknak","9":"first","10":"instock","11":"shipping-taxable","12":"product-type-simple"},"_links":{"self":[{"href":"https:\/\/care4birds.bg\/hu\/wp-json\/wp\/v2\/product\/13759","targetHints":{"allow":["GET"]}}],"collection":[{"href":"https:\/\/care4birds.bg\/hu\/wp-json\/wp\/v2\/product"}],"about":[{"href":"https:\/\/care4birds.bg\/hu\/wp-json\/wp\/v2\/types\/product"}],"wp:featuredmedia":[{"embeddable":true,"href":"https:\/\/care4birds.bg\/hu\/wp-json\/wp\/v2\/media\/13516"}],"wp:attachment":[{"href":"https:\/\/care4birds.bg\/hu\/wp-json\/wp\/v2\/media?parent=13759"}],"wp:term":[{"taxonomy":"product_cat","embeddable":true,"href":"https:\/\/care4birds.bg\/hu\/wp-json\/wp\/v2\/product_cat?post=13759"},{"taxonomy":"product_tag","embeddable":true,"href":"https:\/\/care4birds.bg\/hu\/wp-json\/wp\/v2\/product_tag?post=13759"}],"curies":[{"name":"wp","href":"https:\/\/api.w.org\/{rel}","templated":true}]}}