{"id":13762,"date":"2025-11-03T11:16:18","date_gmt":"2025-11-03T11:16:18","guid":{"rendered":"https:\/\/care4birds.bg\/product\/fast-form\/"},"modified":"2026-04-09T10:09:52","modified_gmt":"2026-04-09T10:09:52","slug":"fast-form","status":"publish","type":"product","link":"https:\/\/care4birds.bg\/hu\/termek\/fast-form\/","title":{"rendered":"Fast Form"},"content":{"rendered":"<h6>Teljes\u00edtm\u00e9ny jav\u00edt\u00e1sa \u00e9s iv\u00f3v\u00edz fert\u0151tlen\u00edt\u00e9se. A nagy teljes\u00edtm\u00e9ny\u0171 galamboknak nem el\u00e9g csak a gabona \u00e9s v\u00edz, a madarak cs\u00facsform\u00e1ban lesznek a FASTFORM-mal!<\/h6>\n<h6>Adagol\u00e1s:<\/h6>\n<div>\nTeljes\u00edtm\u00e9ny jav\u00edt\u00e1s\u00e1ra a versenyszezon alatt: minden nap 5 ml \/ 2-3 liter (2 ml\/liter) tiszta iv\u00f3v\u00edzben. Nagyon meleg napokon n\u00f6velje a v\u00edzmennyis\u00e9get 5 literre. A rep\u00fcl\u00e9s napj\u00e1n csak tiszta vizet adjon!<br \/>\nTeny\u00e9szt\u00e9s \u00e9s vedl\u00e9s alatt: 5 ml \/ 5 liter (1 ml\/liter) tiszta iv\u00f3v\u00edz, heti 1-2 alkalommal.<\/p>\n<p>A t\u00e1l v\u00edz fert\u0151tlen\u00edt\u00e9s\u00e9re az \u00e9v t\u00f6bbi r\u00e9sz\u00e9ben: Hetente egyszer 5 ml \/ 5 liter (1 ml\/liter) iv\u00f3v\u00edzben.<br \/>\nHaszn\u00e1lat el\u0151tt r\u00e1zza fel!<\/p>\n<p><b>Fontos:<\/b> Ne haszn\u00e1ljon horganyzott vagy r\u00e9z iv\u00f3t\u00e1lakat.<br \/>\nRozsdamentes ac\u00e9lb\u00f3l k\u00e9sz\u00fclt t\u00e1lak haszn\u00e1lhat\u00f3k.\n<\/div>\n<h6>\u00d6sszet\u00e9tel (1000 ml term\u00e9kben):<\/h6>\n<div>\nKobalt(II)-szulf\u00e1t 7H2O \u00a0 60 mg<br \/>\nK\u00e1lium-jodid \u00a0 90.000 mg<br \/>\nN\u00e1trium-molibd\u00e1t 2H2O \u00a0 20 mg<br \/>\nAmmonium vas-citr\u00e1t \u00a0 50.000 mg\n<\/div>\n<h4>Megjegyz\u00e9sek<\/h4>\n<div>\n&#8211; Sz\u00e1raz helyen t\u00e1roland\u00f3, k\u00f6zvetlen napf\u00e9nyt\u0151l t\u00e1vol, 0-30 \u00b0C k\u00f6z\u00f6tt.<br \/>\n&#8211; Felbont\u00e1s ut\u00e1n eltarthat\u00f3s\u00e1g: egy (1) \u00e9v.<br \/>\n&#8211; Gyermekek el\u0151l elz\u00e1rva tartand\u00f3.<br \/>\n&#8211; Csak \u00e1llatgy\u00f3gy\u00e1szati haszn\u00e1latra. Nem emberi fogyaszt\u00e1sra sz\u00e1nt \u00e1llatoknak.\n<\/div>\n","protected":false},"excerpt":{"rendered":"<p>Teljes\u00edtm\u00e9ny jav\u00edt\u00e1sa \u00e9s iv\u00f3v\u00edz fert\u0151tlen\u00edt\u00e9se. A nagy teljes\u00edtm\u00e9ny\u0171 galamboknak nem el\u00e9g csak a gabona \u00e9s v\u00edz, a madarak cs\u00facsform\u00e1ban lesznek a FASTFORM-mal!&hellip;<\/p>\n","protected":false},"featured_media":13523,"template":"","meta":[],"product_cat":[308],"product_tag":[],"class_list":{"0":"post-13762","1":"product","2":"type-product","3":"status-publish","4":"has-post-thumbnail","6":"product_cat-kiegeszitok-galambok-szamara","8":"first","9":"instock","10":"shipping-taxable","11":"product-type-simple"},"_links":{"self":[{"href":"https:\/\/care4birds.bg\/hu\/wp-json\/wp\/v2\/product\/13762","targetHints":{"allow":["GET"]}}],"collection":[{"href":"https:\/\/care4birds.bg\/hu\/wp-json\/wp\/v2\/product"}],"about":[{"href":"https:\/\/care4birds.bg\/hu\/wp-json\/wp\/v2\/types\/product"}],"wp:featuredmedia":[{"embeddable":true,"href":"https:\/\/care4birds.bg\/hu\/wp-json\/wp\/v2\/media\/13523"}],"wp:attachment":[{"href":"https:\/\/care4birds.bg\/hu\/wp-json\/wp\/v2\/media?parent=13762"}],"wp:term":[{"taxonomy":"product_cat","embeddable":true,"href":"https:\/\/care4birds.bg\/hu\/wp-json\/wp\/v2\/product_cat?post=13762"},{"taxonomy":"product_tag","embeddable":true,"href":"https:\/\/care4birds.bg\/hu\/wp-json\/wp\/v2\/product_tag?post=13762"}],"curies":[{"name":"wp","href":"https:\/\/api.w.org\/{rel}","templated":true}]}}