{"id":13766,"date":"2025-11-03T11:15:22","date_gmt":"2025-11-03T11:15:22","guid":{"rendered":"https:\/\/care4birds.bg\/product\/wonder-care\/"},"modified":"2026-04-09T10:12:52","modified_gmt":"2026-04-09T10:12:52","slug":"wonder-care","status":"publish","type":"product","link":"https:\/\/care4birds.bg\/hu\/termek\/wonder-care\/","title":{"rendered":"Wonder Care"},"content":{"rendered":"<h6>B\u00e9l eg\u00e9szs\u00e9g\u00e9nek jav\u00edt\u00e1sa \u00e9s bakteri\u00e1lis fert\u0151z\u00e9sek megel\u0151z\u00e9se.<\/h6>\n<div>\nA Wonder Care pozit\u00edv hat\u00e1ssal van, amely sok m\u00e1s term\u00e9kkel nem jellemz\u0151. Hat\u00e9kony a bakteri\u00e1lis fert\u0151z\u00e9sek, E-coli, Salmonella, de az Adenov\u00edrus fert\u0151z\u00e9sek probl\u00e9m\u00e1i ellen is.<br \/>\nA Wonder Care jav\u00edtja a gyomor mikrofl\u00f3r\u00e1j\u00e1t \u00e9s megakad\u00e1lyozza a galamb Entero-bakt\u00e9rium fert\u0151z\u00e9s\u00e9t, ami nagyon fontos a kimer\u00edt\u0151 versenyek \u00e9s stressz ut\u00e1n.\n<\/div>\n<h6>Adagol\u00e1s \u00e9s haszn\u00e1lati utas\u00edt\u00e1s:<\/h6>\n<div>\nTeny\u00e9szt\u00e9si id\u0151szak \u00e9s fiatal galambok er\u0151s n\u00f6veked\u00e9shez: 1,5 ml \/ 1 l v\u00edz: heti 1-2 alkalom<br \/>\nVersenyszezon:<br \/>\n&#8211; \u00c9rkez\u00e9s ut\u00e1ni nap: 1 ml \/ 1 l v\u00edz<br \/>\n&#8211; Sz\u00e1ll\u00edt\u00e1s el\u0151tti nap: 1 ml \/ 1 l v\u00edz<br \/>\nVedl\u00e9s \u00e9s t\u00e9li id\u0151szak: 1,5 ml \/ 1 l v\u00edz: heti 1-2 alkalom\n<\/div>\n","protected":false},"excerpt":{"rendered":"<p>B\u00e9l eg\u00e9szs\u00e9g\u00e9nek jav\u00edt\u00e1sa \u00e9s bakteri\u00e1lis fert\u0151z\u00e9sek megel\u0151z\u00e9se. A Wonder Care pozit\u00edv hat\u00e1ssal van, amely sok m\u00e1s term\u00e9kkel nem jellemz\u0151. Hat\u00e9kony a bakteri\u00e1lis&hellip;<\/p>\n","protected":false},"featured_media":13767,"template":"","meta":[],"product_cat":[308],"product_tag":[],"class_list":{"0":"post-13766","1":"product","2":"type-product","3":"status-publish","4":"has-post-thumbnail","6":"product_cat-kiegeszitok-galambok-szamara","8":"first","9":"instock","10":"shipping-taxable","11":"product-type-simple"},"_links":{"self":[{"href":"https:\/\/care4birds.bg\/hu\/wp-json\/wp\/v2\/product\/13766","targetHints":{"allow":["GET"]}}],"collection":[{"href":"https:\/\/care4birds.bg\/hu\/wp-json\/wp\/v2\/product"}],"about":[{"href":"https:\/\/care4birds.bg\/hu\/wp-json\/wp\/v2\/types\/product"}],"wp:featuredmedia":[{"embeddable":true,"href":"https:\/\/care4birds.bg\/hu\/wp-json\/wp\/v2\/media\/13767"}],"wp:attachment":[{"href":"https:\/\/care4birds.bg\/hu\/wp-json\/wp\/v2\/media?parent=13766"}],"wp:term":[{"taxonomy":"product_cat","embeddable":true,"href":"https:\/\/care4birds.bg\/hu\/wp-json\/wp\/v2\/product_cat?post=13766"},{"taxonomy":"product_tag","embeddable":true,"href":"https:\/\/care4birds.bg\/hu\/wp-json\/wp\/v2\/product_tag?post=13766"}],"curies":[{"name":"wp","href":"https:\/\/api.w.org\/{rel}","templated":true}]}}