{"id":13774,"date":"2025-11-03T11:15:11","date_gmt":"2025-11-03T11:15:11","guid":{"rendered":"https:\/\/care4birds.bg\/product\/carni-form\/"},"modified":"2026-04-09T10:14:02","modified_gmt":"2026-04-09T10:14:02","slug":"carni-form","status":"publish","type":"product","link":"https:\/\/care4birds.bg\/hu\/termek\/carni-form\/","title":{"rendered":"Carni Form"},"content":{"rendered":"<div>\nEz a kombin\u00e1ci\u00f3 k\u00f6zponti szerepet j\u00e1tszik a galambok lipid anyagcser\u00e9j\u00e9ben. A galamb megkapja a sz\u00fcks\u00e9ges mennyis\u00e9g\u0171 L-karnitint. Ezen k\u00edv\u00fcl a term\u00e9k magn\u00e9ziumot \u00e9s szel\u00e9nt tartalmaz az izmok jobb m\u0171k\u00f6d\u00e9se \u00e9rdek\u00e9ben.\n<\/div>\n<h6>Adagol\u00e1s<\/h6>\n<div>\nA Carni-Form adhat\u00f3 iv\u00f3v\u00edzzel vagy takarm\u00e1nnyal:<br \/>\n&#8211; 10 ml egy liter iv\u00f3v\u00edzhez, vagy<br \/>\n&#8211; 15 ml 1 kg takarm\u00e1nyhoz<br \/>\n&#8211; Az izmok v\u00e9delm\u00e9re legal\u00e1bb 14 nappal az els\u0151 rep\u00fcl\u00e9s el\u0151tt, vagy a versenyrep\u00fcl\u00e9sek kezdete el\u0151tt naponta.<br \/>\n&#8211; A versenyszezonban a rep\u00fcl\u00e9sek k\u00f6z\u00f6tt heti 1-5 alkalommal.\n<\/div>\n<h6>\u00d6sszet\u00e9tel:<\/h6>\n<div>\nL-Karnitin &#8211; 150 000 mg<br \/>\nMagn\u00e9zium-klorid &#8211; 50 000 mg<br \/>\nN\u00e1trium-szelenit &#8211; 70 mg<br \/>\nTart\u00f3s\u00edt\u00f3szer &#8211; 7000 mg\n<\/div>\n","protected":false},"excerpt":{"rendered":"<p>Ez a kombin\u00e1ci\u00f3 k\u00f6zponti szerepet j\u00e1tszik a galambok lipid anyagcser\u00e9j\u00e9ben. A galamb megkapja a sz\u00fcks\u00e9ges mennyis\u00e9g\u0171 L-karnitint. Ezen k\u00edv\u00fcl a term\u00e9k magn\u00e9ziumot&hellip;<\/p>\n","protected":false},"featured_media":13527,"template":"","meta":[],"product_cat":[308],"product_tag":[],"class_list":{"0":"post-13774","1":"product","2":"type-product","3":"status-publish","4":"has-post-thumbnail","6":"product_cat-kiegeszitok-galambok-szamara","8":"first","9":"instock","10":"shipping-taxable","11":"product-type-simple"},"_links":{"self":[{"href":"https:\/\/care4birds.bg\/hu\/wp-json\/wp\/v2\/product\/13774","targetHints":{"allow":["GET"]}}],"collection":[{"href":"https:\/\/care4birds.bg\/hu\/wp-json\/wp\/v2\/product"}],"about":[{"href":"https:\/\/care4birds.bg\/hu\/wp-json\/wp\/v2\/types\/product"}],"wp:featuredmedia":[{"embeddable":true,"href":"https:\/\/care4birds.bg\/hu\/wp-json\/wp\/v2\/media\/13527"}],"wp:attachment":[{"href":"https:\/\/care4birds.bg\/hu\/wp-json\/wp\/v2\/media?parent=13774"}],"wp:term":[{"taxonomy":"product_cat","embeddable":true,"href":"https:\/\/care4birds.bg\/hu\/wp-json\/wp\/v2\/product_cat?post=13774"},{"taxonomy":"product_tag","embeddable":true,"href":"https:\/\/care4birds.bg\/hu\/wp-json\/wp\/v2\/product_tag?post=13774"}],"curies":[{"name":"wp","href":"https:\/\/api.w.org\/{rel}","templated":true}]}}