{"id":13778,"date":"2025-11-03T11:14:27","date_gmt":"2025-11-03T11:14:27","guid":{"rendered":"https:\/\/care4birds.bg\/product\/energy-mix\/"},"modified":"2026-04-09T10:15:50","modified_gmt":"2026-04-09T10:15:50","slug":"energy-mix","status":"publish","type":"product","link":"https:\/\/care4birds.bg\/hu\/termek\/energy-mix\/","title":{"rendered":"Energy Mix"},"content":{"rendered":"<h6>Energia kever\u00e9k kreatinnal \u00e9s karnitinnel.<\/h6>\n<div>\nAz Energy Mix n\u00f6veli a galambok \u00e1ll\u00f3k\u00e9pess\u00e9g\u00e9t. A nagy teljes\u00edtm\u00e9ny\u0171 izomzat \u00e9rdek\u00e9ben. Az Energy Mix el\u0151seg\u00edti a gyorsabb regener\u00e1l\u00f3d\u00e1st terhel\u00e9s ut\u00e1n.\n<\/div>\n<h6>Adagol\u00e1s:<\/h6>\n<div>\n1 m\u00e9r\u0151kan\u00e1l (12,5 g) 1 l iv\u00f3v\u00edzhez vagy 1 kg takarm\u00e1nyhoz<br \/>\nRep\u00fcl\u00e9s el\u0151tt: 2 egym\u00e1st k\u00f6vet\u0151 nap<br \/>\nHazat\u00e9r\u00e9s ut\u00e1n: 1 nap\n<\/div>\n<h6>\u00d6sszet\u00e9tel:<\/h6>\n<div class=\"separator\"><a href=\"https:\/\/blogger.googleusercontent.com\/img\/b\/R29vZ2xl\/AVvXsEinZnxGHEvWyAoLHJO8gwn2RmFmXd7W5mzsNBXRGuW0JC_nj-f6LDa_nceKJVowWxFKn1d2D6QtfXsocQfoPvBztRN2C2k7pQzjkEr7cszJ35-vM2XDClwYrqi8j6nh36VAGRDaNXMwYvr4\/s1600\/composition_energy_mix1.jpg\" target=\"_blank\" rel=\"noopener\"><img decoding=\"async\" src=\"https:\/\/blogger.googleusercontent.com\/img\/b\/R29vZ2xl\/AVvXsEinZnxGHEvWyAoLHJO8gwn2RmFmXd7W5mzsNBXRGuW0JC_nj-f6LDa_nceKJVowWxFKn1d2D6QtfXsocQfoPvBztRN2C2k7pQzjkEr7cszJ35-vM2XDClwYrqi8j6nh36VAGRDaNXMwYvr4\/s320\/composition_energy_mix1.jpg\" width=\"320\" height=\"147\" border=\"0\" data-original-height=\"426\" data-original-width=\"922\" \/><\/a><\/div>\n<h6>Csomagol\u00e1s:<\/h6>\n<div>650 g PVC ed\u00e9ny<\/div>\n","protected":false},"excerpt":{"rendered":"<p>Energia kever\u00e9k kreatinnal \u00e9s karnitinnel. Az Energy Mix n\u00f6veli a galambok \u00e1ll\u00f3k\u00e9pess\u00e9g\u00e9t. A nagy teljes\u00edtm\u00e9ny\u0171 izomzat \u00e9rdek\u00e9ben. Az Energy Mix el\u0151seg\u00edti a&hellip;<\/p>\n","protected":false},"featured_media":13528,"template":"","meta":[],"product_cat":[308],"product_tag":[],"class_list":{"0":"post-13778","1":"product","2":"type-product","3":"status-publish","4":"has-post-thumbnail","6":"product_cat-kiegeszitok-galambok-szamara","8":"first","9":"instock","10":"shipping-taxable","11":"product-type-simple"},"_links":{"self":[{"href":"https:\/\/care4birds.bg\/hu\/wp-json\/wp\/v2\/product\/13778","targetHints":{"allow":["GET"]}}],"collection":[{"href":"https:\/\/care4birds.bg\/hu\/wp-json\/wp\/v2\/product"}],"about":[{"href":"https:\/\/care4birds.bg\/hu\/wp-json\/wp\/v2\/types\/product"}],"wp:featuredmedia":[{"embeddable":true,"href":"https:\/\/care4birds.bg\/hu\/wp-json\/wp\/v2\/media\/13528"}],"wp:attachment":[{"href":"https:\/\/care4birds.bg\/hu\/wp-json\/wp\/v2\/media?parent=13778"}],"wp:term":[{"taxonomy":"product_cat","embeddable":true,"href":"https:\/\/care4birds.bg\/hu\/wp-json\/wp\/v2\/product_cat?post=13778"},{"taxonomy":"product_tag","embeddable":true,"href":"https:\/\/care4birds.bg\/hu\/wp-json\/wp\/v2\/product_tag?post=13778"}],"curies":[{"name":"wp","href":"https:\/\/api.w.org\/{rel}","templated":true}]}}