{"id":13781,"date":"2025-11-03T11:13:35","date_gmt":"2025-11-03T11:13:35","guid":{"rendered":"https:\/\/care4birds.bg\/product\/energy-oil\/"},"modified":"2026-04-09T10:18:15","modified_gmt":"2026-04-09T10:18:15","slug":"energy-oil","status":"publish","type":"product","link":"https:\/\/care4birds.bg\/hu\/termek\/energy-oil\/","title":{"rendered":"Energy Oil"},"content":{"rendered":"<h6>Energiaolaj 10 k\u00fcl\u00f6nb\u00f6z\u0151, omega-3 \u00e9s omega-6 zs\u00edrsavban gazdag olajjal<\/h6>\n<div>\nAz energiaolaj magas energiaforr\u00e1s. Ide\u00e1lis az \u00e1ltal\u00e1nos kond\u00edci\u00f3 fel\u00e9p\u00edt\u00e9s\u00e9re \u00e9s a rep\u00fcl\u00e9shez sz\u00fcks\u00e9ges zs\u00edrok biztos\u00edt\u00e1s\u00e1ra.\n<\/div>\n<ul>\n<li>Ide\u00e1lis energiaforr\u00e1s.<\/li>\n<li>Seg\u00edti az \u00e1ll\u00f3k\u00e9pess\u00e9g fel\u00e9p\u00edt\u00e9s\u00e9t.<\/li>\n<li>El\u0151seg\u00edti a term\u00e9szetes ellen\u00e1ll\u00f3 k\u00e9pess\u00e9get.<\/li>\n<\/ul>\n<h6>Adagol\u00e1s:<\/h6>\n<div>\nAdj 1 kupak (15 ml) Care 4 Birds Energy Oil-t 1 kg takarm\u00e1nyhoz.<br \/>\n<b>Versenyszezon:<\/b> Heti 1-2 alkalommal<br \/>\n<b>Hossz\u00fat\u00e1v\u00fa versenyek:<\/b> Heti 2 alkalommal<br \/>\n<b>Fiatal galambok:<\/b> Heti 1-2 alkalommal<br \/>\n<b>M\u00f3lting id\u0151szak:<\/b> Heti 2 alkalommal<br \/>\n<b>Szapor\u00edt\u00e1si id\u0151szak:<\/b> Heti 1-2 alkalommal\n<\/div>\n<div>Ne keverd ezt a term\u00e9ket v\u00edzzel!<\/div>\n<h6>\u00d6sszet\u00e9tel:<\/h6>\n<div>\nLecitin (T\u00e1pl\u00e1lja az izmokat \u00e9s az idegrendszert) ; Lazacolaj (Omega-3 zs\u00edrsavban gazdag az \u00e1ll\u00f3k\u00e9pess\u00e9g\u00e9rt) ; Kukoricacs\u00edra olaj (Energiafokoz\u00f3) ; Lenmagolaj (A term\u00e9kenys\u00e9g\u00e9rt \u00e9s izomn\u00f6veked\u00e9s\u00e9rt) ; F\u00f6ldimogyor\u00f3 olaj (A cs\u00facsizom \u00e1llapot\u00e9rt) ; Kendermag olaj (Energia \u00e9s kiv\u00e1l\u00f3 forma jav\u00edt\u00e1sa) ; B\u00fazacs\u00edra olaj (Term\u00e9szetes E-vitamin) ; Sz\u00f3jaolaj (Az optim\u00e1lis energia felszabad\u00edt\u00e1s\u00e9rt) ; Feketek\u00f6m\u00e9nymag olaj (Az eg\u00e9szs\u00e9g \u00e9s fitnesz \u00e9rdek\u00e9ben) ; Bor\u00e1g\u00f3 olaj (Er\u0151s\u00edti az anyagcser\u00e9t \u00e9s az immunit\u00e1st)\n<\/div>\n","protected":false},"excerpt":{"rendered":"<p>Energiaolaj 10 k\u00fcl\u00f6nb\u00f6z\u0151, omega-3 \u00e9s omega-6 zs\u00edrsavban gazdag olajjal Az energiaolaj magas energiaforr\u00e1s. Ide\u00e1lis az \u00e1ltal\u00e1nos kond\u00edci\u00f3 fel\u00e9p\u00edt\u00e9s\u00e9re \u00e9s a rep\u00fcl\u00e9shez sz\u00fcks\u00e9ges&hellip;<\/p>\n","protected":false},"featured_media":13514,"template":"","meta":[],"product_cat":[308],"product_tag":[],"class_list":{"0":"post-13781","1":"product","2":"type-product","3":"status-publish","4":"has-post-thumbnail","6":"product_cat-kiegeszitok-galambok-szamara","8":"first","9":"instock","10":"shipping-taxable","11":"product-type-simple"},"_links":{"self":[{"href":"https:\/\/care4birds.bg\/hu\/wp-json\/wp\/v2\/product\/13781","targetHints":{"allow":["GET"]}}],"collection":[{"href":"https:\/\/care4birds.bg\/hu\/wp-json\/wp\/v2\/product"}],"about":[{"href":"https:\/\/care4birds.bg\/hu\/wp-json\/wp\/v2\/types\/product"}],"wp:featuredmedia":[{"embeddable":true,"href":"https:\/\/care4birds.bg\/hu\/wp-json\/wp\/v2\/media\/13514"}],"wp:attachment":[{"href":"https:\/\/care4birds.bg\/hu\/wp-json\/wp\/v2\/media?parent=13781"}],"wp:term":[{"taxonomy":"product_cat","embeddable":true,"href":"https:\/\/care4birds.bg\/hu\/wp-json\/wp\/v2\/product_cat?post=13781"},{"taxonomy":"product_tag","embeddable":true,"href":"https:\/\/care4birds.bg\/hu\/wp-json\/wp\/v2\/product_tag?post=13781"}],"curies":[{"name":"wp","href":"https:\/\/api.w.org\/{rel}","templated":true}]}}