{"id":13785,"date":"2025-11-03T11:13:33","date_gmt":"2025-11-03T11:13:33","guid":{"rendered":"https:\/\/care4birds.bg\/product\/entero-care\/"},"modified":"2026-04-09T10:19:52","modified_gmt":"2026-04-09T10:19:52","slug":"entero-care","status":"publish","type":"product","link":"https:\/\/care4birds.bg\/hu\/termek\/entero-care\/","title":{"rendered":"Entero Care"},"content":{"rendered":"<h6>Probiotikum galambok sz\u00e1m\u00e1ra<\/h6>\n<div>\nEz a probiotikum kever\u00e9k term\u00e9szetes tejsavbakt\u00e9riumokat tartalmaz, amelyek biztos\u00edtj\u00e1k a b\u00e9lfl\u00f3ra megfelel\u0151 egyens\u00faly\u00e1t. A bakt\u00e9riumok j\u00f3l \u00e9rzik magukat a b\u00e9lrendszerben \u00e9s savas k\u00f6rnyezetet teremtenek ott. Az optim\u00e1lis term\u00e9k el\u00e9r\u00e9se \u00e9rdek\u00e9ben vitaminokat \u00e9s \u00e1sv\u00e1nyi anyagokat is hozz\u00e1adtak.\n<\/div>\n<div>Az Entero Care-t el\u0151ny\u00f6sen a k\u00f6vetkez\u0151 esetekben kell alkalmazni:<\/div>\n<ul>\n<li>Olt\u00e1sok \u00e9s gy\u00f3gyszerek bead\u00e1sa ut\u00e1n<\/li>\n<li>Ha probl\u00e9m\u00e1k vannak a b\u00e9lfl\u00f3r\u00e1val vagy a sz\u00e9klet \u00e1llag\u00e1val<\/li>\n<li>Stresszes id\u0151szakokban (els\u0151 rep\u00fcl\u00e9sek, fiatal galambok rep\u00fcl\u00e9se)<\/li>\n<li>Hazat\u00e9r\u00e9s ut\u00e1n a gyorsabb fel\u00e9p\u00fcl\u00e9s \u00e9rdek\u00e9ben<\/li>\n<\/ul>\n<h6>Adagol\u00e1s \u00e9s haszn\u00e1lati utas\u00edt\u00e1s:<\/h6>\n<div>\n1 m\u00e9r\u0151kan\u00e1l (10 g) 1 liter v\u00edzhez, vagy 1 mell\u00e9kelt m\u00e9r\u0151kan\u00e1l 1 kg takarm\u00e1nyhoz, 2 egym\u00e1st k\u00f6vet\u0151 napon. <br \/>\nAz Entero Care-t minden h\u00e9ten adhatjuk.\n<\/div>\n","protected":false},"excerpt":{"rendered":"<p>Probiotikum galambok sz\u00e1m\u00e1ra Ez a probiotikum kever\u00e9k term\u00e9szetes tejsavbakt\u00e9riumokat tartalmaz, amelyek biztos\u00edtj\u00e1k a b\u00e9lfl\u00f3ra megfelel\u0151 egyens\u00faly\u00e1t. A bakt\u00e9riumok j\u00f3l \u00e9rzik magukat a&hellip;<\/p>\n","protected":false},"featured_media":13786,"template":"","meta":[],"product_cat":[308,303],"product_tag":[],"class_list":{"0":"post-13785","1":"product","2":"type-product","3":"status-publish","4":"has-post-thumbnail","6":"product_cat-kiegeszitok-galambok-szamara","7":"product_cat-kiegeszitok-madaraknak","9":"first","10":"instock","11":"shipping-taxable","12":"product-type-simple"},"_links":{"self":[{"href":"https:\/\/care4birds.bg\/hu\/wp-json\/wp\/v2\/product\/13785","targetHints":{"allow":["GET"]}}],"collection":[{"href":"https:\/\/care4birds.bg\/hu\/wp-json\/wp\/v2\/product"}],"about":[{"href":"https:\/\/care4birds.bg\/hu\/wp-json\/wp\/v2\/types\/product"}],"wp:featuredmedia":[{"embeddable":true,"href":"https:\/\/care4birds.bg\/hu\/wp-json\/wp\/v2\/media\/13786"}],"wp:attachment":[{"href":"https:\/\/care4birds.bg\/hu\/wp-json\/wp\/v2\/media?parent=13785"}],"wp:term":[{"taxonomy":"product_cat","embeddable":true,"href":"https:\/\/care4birds.bg\/hu\/wp-json\/wp\/v2\/product_cat?post=13785"},{"taxonomy":"product_tag","embeddable":true,"href":"https:\/\/care4birds.bg\/hu\/wp-json\/wp\/v2\/product_tag?post=13785"}],"curies":[{"name":"wp","href":"https:\/\/api.w.org\/{rel}","templated":true}]}}